{"id":17010,"date":"2022-01-26T15:08:08","date_gmt":"2022-01-26T15:08:08","guid":{"rendered":"https:\/\/pragmandt.com\/application-automotive\/"},"modified":"2024-01-29T16:12:49","modified_gmt":"2024-01-29T16:12:49","slug":"application-automotive","status":"publish","type":"page","link":"https:\/\/pragmandt.com\/fr\/application-automotive\/","title":{"rendered":"Application &#8211; Automobile"},"content":{"rendered":"<p>[vc_row css_animation=&#8221;&#8221; row_type=&#8221;row&#8221; use_row_as_full_screen_section=&#8221;no&#8221; type=&#8221;grid&#8221; angled_section=&#8221;no&#8221; text_align=&#8221;left&#8221; background_image_as_pattern=&#8221;without_pattern&#8221; background_color=&#8221;#f1f3f4&#8243; padding_top=&#8221;29&#8243; padding_bottom=&#8221;6&#8243; css=&#8221;.vc_custom_1629072987568{padding-top: 30px !important;padding-bottom: 30px !important;background-color: #ffffff !important;background-position: center !important;background-repeat: no-repeat !important;background-size: cover !important;}&#8221; z_index=&#8221;&#8221;][vc_column][vc_column_text]<\/p>\n<p style=\"text-align: left;\"><span style=\"font-size: 16pt; font-family: d-dincondensed;\"><span style=\"color: #000000;\">Application<\/span>\u00a0&gt; <span style=\"color: #000000;\"><a style=\"color: #ee220c;\" href=\"#\">Automobile<\/a><\/span><\/span><\/p>\n<p>[\/vc_column_text][\/vc_column][\/vc_row][vc_row css_animation=&#8221;&#8221; row_type=&#8221;row&#8221; use_row_as_full_screen_section=&#8221;no&#8221; type=&#8221;grid&#8221; angled_section=&#8221;no&#8221; text_align=&#8221;left&#8221; background_image_as_pattern=&#8221;without_pattern&#8221; background_color=&#8221;#f1f3f4&#8243; padding_top=&#8221;29&#8243; padding_bottom=&#8221;29&#8243; css=&#8221;.vc_custom_1643306671277{padding-top: 50px !important;padding-bottom: 50px !important;background-image: url(http:\/\/pragmandt.com\/wp-content\/uploads\/2022\/01\/automotive0.jpg?id=16953) !important;background-position: center !important;background-repeat: no-repeat !important;background-size: cover !important;}&#8221; z_index=&#8221;&#8221;][vc_column][vc_single_image image=&#8221;15543&#8243; img_size=&#8221;full&#8221; qode_css_animation=&#8221;&#8221; css=&#8221;.vc_custom_1629992358596{padding-bottom: 5px !important;padding-left: 2px !important;}&#8221;][vc_column_text]<\/p>\n<h1><span style=\"color: #ffffff; font-family: d-dincondensed-bold;\"><span style=\"font-size: 65px;\">Automobile<\/span><\/span><\/h1>\n<p>[\/vc_column_text][vc_separator type=&#8221;transparent&#8221; thickness=&#8221;3&#8243; up=&#8221;15&#8243; down=&#8221;25&#8243;][vc_column_text]<\/p>\n<h6><span style=\"color: #ffffff; font-size: 24pt; font-family: d-dincondensed;\">Solutions compl\u00e8tes pour le CND dans l\u2019industrie automobile<\/span><\/h6>\n<p>[\/vc_column_text][\/vc_column][\/vc_row][vc_row css_animation=&#8221;&#8221; row_type=&#8221;row&#8221; use_row_as_full_screen_section=&#8221;no&#8221; type=&#8221;grid&#8221; angled_section=&#8221;no&#8221; text_align=&#8221;left&#8221; background_image_as_pattern=&#8221;without_pattern&#8221; padding_top=&#8221;95&#8243; padding_bottom=&#8221;71&#8243; z_index=&#8221;&#8221;][vc_column width=&#8221;1\/2&#8243; css=&#8221;.vc_custom_1629074152749{padding-top: 25px !important;padding-right: 25px !important;padding-bottom: 25px !important;padding-left: 25px !important;}&#8221;][vc_column_text]<\/p>\n<h2 class=\"p1\"><span style=\"font-family: d-dincondensed;\"><span style=\"font-size: 24px;\">Contexte<\/span><\/span><\/h2>\n<p>[\/vc_column_text][vc_separator type=&#8221;transparent&#8221; thickness=&#8221;3&#8243; up=&#8221;5&#8243; down=&#8221;5&#8243;][vc_column_text]<\/p>\n<p class=\"p1\"><span style=\"font-size: 16pt; font-family: d-dincondensed;\">Les aciers \u00e0 haute et ultra haute r\u00e9sistance sont largement utilis\u00e9s dans la fabrication de composants de carrosserie de voiture, en particulier lorsqu\u2019il est question de s\u00e9curit\u00e9 en cas de collision. De tels composants doivent r\u00e9pondre \u00e0 des exigences \u00e9lev\u00e9es en termes de r\u00e9sistance, et de r\u00e9sistance aux collisions.<br \/>\nLa soudure de ces composants est consid\u00e9r\u00e9e comme un d\u00e9fi en raison de leur structure martensitique et de leur rigidit\u00e9 \u00e9lev\u00e9e, ce qui peut entra\u00eener divers d\u00e9fauts dans les joints soud\u00e9s.<br \/>\n<\/span><\/p>\n<p>[\/vc_column_text][vc_separator type=&#8221;transparent&#8221; thickness=&#8221;3&#8243; up=&#8221;5&#8243; down=&#8221;5&#8243;][\/vc_column][vc_column width=&#8221;1\/2&#8243; css=&#8221;.vc_custom_1629074156960{padding-top: 25px !important;padding-bottom: 25px !important;}&#8221;][vc_single_image image=&#8221;16964&#8243; img_size=&#8221;full&#8221; qode_css_animation=&#8221;&#8221;][\/vc_column][\/vc_row][vc_row css_animation=&#8221;&#8221; row_type=&#8221;row&#8221; use_row_as_full_screen_section=&#8221;no&#8221; type=&#8221;grid&#8221; angled_section=&#8221;no&#8221; text_align=&#8221;left&#8221; background_image_as_pattern=&#8221;without_pattern&#8221; padding_bottom=&#8221;29&#8243; z_index=&#8221;&#8221; background_color=&#8221;#f1f3f4&#8243; padding_top=&#8221;29&#8243;][vc_column css=&#8221;.vc_custom_1629074152749{padding-top: 25px !important;padding-right: 25px !important;padding-bottom: 25px !important;padding-left: 25px !important;}&#8221;][vc_column_text]<\/p>\n<h2 class=\"p1\" style=\"text-align: center;\"><span style=\"font-family: d-dincondensed;\"><span style=\"font-size: 24px;\">D\u00e9fis<\/span><\/span><\/h2>\n<p>[\/vc_column_text][vc_column_text]<\/p>\n<p class=\"p1\" style=\"text-align: center;\"><span style=\"font-size: 16pt; font-family: d-dincondensed;\"> Les pi\u00e8ces de voiture qui doivent \u00eatre inspect\u00e9es varient en forme, en \u00e9paisseur et en \u00e9tat de surface. Elles sont g\u00e9om\u00e9triquement complexes, tant \u00e0 l&#8217;ext\u00e9rieur qu&#8217;\u00e0 l&#8217;int\u00e9rieur. De plus, les mat\u00e9riaux et les processus d&#8217;assemblage varient \u00e9norm\u00e9ment, ce qui ajoute \u00e0 la complexit\u00e9 des tests de contr\u00f4le de qualit\u00e9.<\/span><span style=\"font-size: 16pt; font-family: d-dincondensed;\"><br \/>\n<\/span><\/p>\n<p>[\/vc_column_text][vc_separator type=&#8221;transparent&#8221; thickness=&#8221;3&#8243; up=&#8221;15&#8243; down=&#8221;15&#8243;][\/vc_column][\/vc_row][vc_row css_animation=&#8221;&#8221; row_type=&#8221;row&#8221; use_row_as_full_screen_section=&#8221;no&#8221; type=&#8221;grid&#8221; angled_section=&#8221;no&#8221; text_align=&#8221;left&#8221; background_image_as_pattern=&#8221;without_pattern&#8221; padding_bottom=&#8221;95&#8243; z_index=&#8221;&#8221; css=&#8221;.vc_custom_1660892840013{padding-top: 50px !important;}&#8221;][vc_column width=&#8221;1\/2&#8243;][vc_single_image image=&#8221;17129&#8243; img_size=&#8221;full&#8221; qode_css_animation=&#8221;&#8221;][\/vc_column][vc_column width=&#8221;1\/2&#8243;][vc_column_text]<\/p>\n<h2 class=\"p1\"><span style=\"font-family: d-dincondensed;\"><span style=\"font-size: 24px;\">Soudure par points de r\u00e9sistance<\/span><\/span><\/h2>\n<p>[\/vc_column_text][vc_separator type=&#8221;transparent&#8221; thickness=&#8221;3&#8243; up=&#8221;5&#8243; down=&#8221;5&#8243;][vc_column_text]<\/p>\n<p class=\"p1\"><span style=\"font-size: 16pt; font-family: d-dincondensed;\">Les tests ultrasonores classiques ont \u00e9t\u00e9 un pilier pour l&#8217;\u00e9valuation des soudures par points. Cette m\u00e9thode, comme beaucoup d&#8217;autres, a ses complexit\u00e9s car elle n\u00e9cessite un plan d&#8217;inspection minutieux et un positionnement pr\u00e9cis de la sonde par rapport au noyau de soudure pour une \u00e9valuation correcte. Les ultrasons multi\u00e9l\u00e9ments (Phased Array) simplifient ce processus avec une empreinte plus large et une vue d&#8217;ensemble instantan\u00e9e de l&#8217;ensemble du noyau de soudure (C-Scan), permettant un dimensionnement correct dudit noyau de soudure. Cela est consid\u00e9rablement moins exigeant pour l&#8217;op\u00e9rateur et il est \u00e9galement tout \u00e0 fait possible d&#8217;automatiser l&#8217;ensemble du processus, ce qui augmente la fiabilit\u00e9 et la coh\u00e9rence des r\u00e9sultats.<\/span><\/p>\n<p>[\/vc_column_text][vc_separator type=&#8221;transparent&#8221; thickness=&#8221;3&#8243; up=&#8221;15&#8243; down=&#8221;15&#8243;]<div class='q_list circle'><\/p>\n<ul style=\"font-family: d-dincondensed;\">\n<li style=\"font-size: 16pt;\"><a href=\"http:\/\/pragmandt.com\/wp-content\/uploads\/2022\/08\/PRG-App-Note-Resistive-Spot-Welds-EN-Letter-20220610.pdf\">T\u00e9l\u00e9charger<\/a><\/li>\n<\/ul>\n<p><\/div>[\/vc_column][\/vc_row]<\/p>\n","protected":false},"excerpt":{"rendered":"<p>[vc_row css_animation=&#8221;&#8221; row_type=&#8221;row&#8221; use_row_as_full_screen_section=&#8221;no&#8221; type=&#8221;grid&#8221; angled_section=&#8221;no&#8221; text_align=&#8221;left&#8221; background_image_as_pattern=&#8221;without_pattern&#8221; background_color=&#8221;#f1f3f4&#8243; padding_top=&#8221;29&#8243; padding_bottom=&#8221;6&#8243; css=&#8221;.vc_custom_1629072987568{padding-top: 30px !important;padding-bottom: 30px !important;background-color: #ffffff !important;background-position: center !important;background-repeat: no-repeat !important;background-size: cover !important;}&#8221; z_index=&#8221;&#8221;][vc_column][vc_column_text] Application\u00a0&gt; Automobile [\/vc_column_text][\/vc_column][\/vc_row][vc_row css_animation=&#8221;&#8221; row_type=&#8221;row&#8221; use_row_as_full_screen_section=&#8221;no&#8221; type=&#8221;grid&#8221; angled_section=&#8221;no&#8221; text_align=&#8221;left&#8221; background_image_as_pattern=&#8221;without_pattern&#8221; background_color=&#8221;#f1f3f4&#8243; padding_top=&#8221;29&#8243; padding_bottom=&#8221;29&#8243; css=&#8221;.vc_custom_1643306671277{padding-top: 50px !important;padding-bottom: 50px !important;background-image: url(http:\/\/pragmandt.com\/wp-content\/uploads\/2022\/01\/automotive0.jpg?id=16953) !important;background-position:&#8230;<\/p>\n","protected":false},"author":4,"featured_media":0,"parent":0,"menu_order":0,"comment_status":"open","ping_status":"closed","template":"full_width.php","meta":{"inline_featured_image":false,"footnotes":""},"class_list":["post-17010","page","type-page","status-publish","hentry"],"yoast_head":"<!-- This site is optimized with the Yoast SEO plugin v21.9 - https:\/\/yoast.com\/wordpress\/plugins\/seo\/ -->\n<title>Application - Automobile - Pragma - NDT<\/title>\n<meta name=\"robots\" content=\"index, follow, max-snippet:-1, max-image-preview:large, max-video-preview:-1\" \/>\n<link rel=\"canonical\" href=\"https:\/\/pragmandt.com\/fr\/application-automotive\/\" \/>\n<meta property=\"og:locale\" content=\"fr_FR\" \/>\n<meta property=\"og:type\" content=\"article\" \/>\n<meta property=\"og:title\" content=\"Application - Automobile - Pragma - NDT\" \/>\n<meta property=\"og:description\" content=\"[vc_row css_animation=&#8221;&#8221; row_type=&#8221;row&#8221; use_row_as_full_screen_section=&#8221;no&#8221; type=&#8221;grid&#8221; angled_section=&#8221;no&#8221; text_align=&#8221;left&#8221; background_image_as_pattern=&#8221;without_pattern&#8221; background_color=&#8221;#f1f3f4&#8243; padding_top=&#8221;29&#8243; padding_bottom=&#8221;6&#8243; css=&#8221;.vc_custom_1629072987568{padding-top: 30px !important;padding-bottom: 30px !important;background-color: #ffffff !important;background-position: center !important;background-repeat: no-repeat !important;background-size: cover !important;}&#8221; z_index=&#8221;&#8221;][vc_column][vc_column_text] Application\u00a0&gt; Automobile [\/vc_column_text][\/vc_column][\/vc_row][vc_row css_animation=&#8221;&#8221; row_type=&#8221;row&#8221; use_row_as_full_screen_section=&#8221;no&#8221; type=&#8221;grid&#8221; angled_section=&#8221;no&#8221; text_align=&#8221;left&#8221; background_image_as_pattern=&#8221;without_pattern&#8221; background_color=&#8221;#f1f3f4&#8243; padding_top=&#8221;29&#8243; padding_bottom=&#8221;29&#8243; css=&#8221;.vc_custom_1643306671277{padding-top: 50px !important;padding-bottom: 50px !important;background-image: url(http:\/\/pragmandt.com\/wp-content\/uploads\/2022\/01\/automotive0.jpg?id=16953) !important;background-position:...\" \/>\n<meta property=\"og:url\" content=\"https:\/\/pragmandt.com\/fr\/application-automotive\/\" \/>\n<meta property=\"og:site_name\" content=\"Pragma - NDT\" \/>\n<meta property=\"article:modified_time\" content=\"2024-01-29T16:12:49+00:00\" \/>\n<meta name=\"twitter:card\" content=\"summary_large_image\" \/>\n<meta name=\"twitter:label1\" content=\"Est. reading time\" \/>\n\t<meta name=\"twitter:data1\" content=\"2 minutes\" \/>\n<script type=\"application\/ld+json\" class=\"yoast-schema-graph\">{\"@context\":\"https:\/\/schema.org\",\"@graph\":[{\"@type\":\"WebPage\",\"@id\":\"https:\/\/pragmandt.com\/fr\/application-automotive\/\",\"url\":\"https:\/\/pragmandt.com\/fr\/application-automotive\/\",\"name\":\"Application - Automobile - Pragma - NDT\",\"isPartOf\":{\"@id\":\"https:\/\/pragmandt.com\/#website\"},\"datePublished\":\"2022-01-26T15:08:08+00:00\",\"dateModified\":\"2024-01-29T16:12:49+00:00\",\"breadcrumb\":{\"@id\":\"https:\/\/pragmandt.com\/fr\/application-automotive\/#breadcrumb\"},\"inLanguage\":\"fr-FR\",\"potentialAction\":[{\"@type\":\"ReadAction\",\"target\":[\"https:\/\/pragmandt.com\/fr\/application-automotive\/\"]}]},{\"@type\":\"BreadcrumbList\",\"@id\":\"https:\/\/pragmandt.com\/fr\/application-automotive\/#breadcrumb\",\"itemListElement\":[{\"@type\":\"ListItem\",\"position\":1,\"name\":\"Home\",\"item\":\"https:\/\/pragmandt.com\/fr\/\"},{\"@type\":\"ListItem\",\"position\":2,\"name\":\"Application &#8211; Automobile\"}]},{\"@type\":\"WebSite\",\"@id\":\"https:\/\/pragmandt.com\/#website\",\"url\":\"https:\/\/pragmandt.com\/\",\"name\":\"Pragma - NDT\",\"description\":\"Instrumental to your success\",\"potentialAction\":[{\"@type\":\"SearchAction\",\"target\":{\"@type\":\"EntryPoint\",\"urlTemplate\":\"https:\/\/pragmandt.com\/?s={search_term_string}\"},\"query-input\":\"required name=search_term_string\"}],\"inLanguage\":\"fr-FR\"}]}<\/script>\n<!-- \/ Yoast SEO plugin. -->","yoast_head_json":{"title":"Application - Automobile - Pragma - NDT","robots":{"index":"index","follow":"follow","max-snippet":"max-snippet:-1","max-image-preview":"max-image-preview:large","max-video-preview":"max-video-preview:-1"},"canonical":"https:\/\/pragmandt.com\/fr\/application-automotive\/","og_locale":"fr_FR","og_type":"article","og_title":"Application - Automobile - Pragma - NDT","og_description":"[vc_row css_animation=&#8221;&#8221; row_type=&#8221;row&#8221; use_row_as_full_screen_section=&#8221;no&#8221; type=&#8221;grid&#8221; angled_section=&#8221;no&#8221; text_align=&#8221;left&#8221; background_image_as_pattern=&#8221;without_pattern&#8221; background_color=&#8221;#f1f3f4&#8243; padding_top=&#8221;29&#8243; padding_bottom=&#8221;6&#8243; css=&#8221;.vc_custom_1629072987568{padding-top: 30px !important;padding-bottom: 30px !important;background-color: #ffffff !important;background-position: center !important;background-repeat: no-repeat !important;background-size: cover !important;}&#8221; z_index=&#8221;&#8221;][vc_column][vc_column_text] Application\u00a0&gt; Automobile [\/vc_column_text][\/vc_column][\/vc_row][vc_row css_animation=&#8221;&#8221; row_type=&#8221;row&#8221; use_row_as_full_screen_section=&#8221;no&#8221; type=&#8221;grid&#8221; angled_section=&#8221;no&#8221; text_align=&#8221;left&#8221; background_image_as_pattern=&#8221;without_pattern&#8221; background_color=&#8221;#f1f3f4&#8243; padding_top=&#8221;29&#8243; padding_bottom=&#8221;29&#8243; css=&#8221;.vc_custom_1643306671277{padding-top: 50px !important;padding-bottom: 50px !important;background-image: url(http:\/\/pragmandt.com\/wp-content\/uploads\/2022\/01\/automotive0.jpg?id=16953) !important;background-position:...","og_url":"https:\/\/pragmandt.com\/fr\/application-automotive\/","og_site_name":"Pragma - NDT","article_modified_time":"2024-01-29T16:12:49+00:00","twitter_card":"summary_large_image","twitter_misc":{"Est. reading time":"2 minutes"},"schema":{"@context":"https:\/\/schema.org","@graph":[{"@type":"WebPage","@id":"https:\/\/pragmandt.com\/fr\/application-automotive\/","url":"https:\/\/pragmandt.com\/fr\/application-automotive\/","name":"Application - Automobile - Pragma - NDT","isPartOf":{"@id":"https:\/\/pragmandt.com\/#website"},"datePublished":"2022-01-26T15:08:08+00:00","dateModified":"2024-01-29T16:12:49+00:00","breadcrumb":{"@id":"https:\/\/pragmandt.com\/fr\/application-automotive\/#breadcrumb"},"inLanguage":"fr-FR","potentialAction":[{"@type":"ReadAction","target":["https:\/\/pragmandt.com\/fr\/application-automotive\/"]}]},{"@type":"BreadcrumbList","@id":"https:\/\/pragmandt.com\/fr\/application-automotive\/#breadcrumb","itemListElement":[{"@type":"ListItem","position":1,"name":"Home","item":"https:\/\/pragmandt.com\/fr\/"},{"@type":"ListItem","position":2,"name":"Application &#8211; Automobile"}]},{"@type":"WebSite","@id":"https:\/\/pragmandt.com\/#website","url":"https:\/\/pragmandt.com\/","name":"Pragma - NDT","description":"Instrumental to your success","potentialAction":[{"@type":"SearchAction","target":{"@type":"EntryPoint","urlTemplate":"https:\/\/pragmandt.com\/?s={search_term_string}"},"query-input":"required name=search_term_string"}],"inLanguage":"fr-FR"}]}},"_links":{"self":[{"href":"https:\/\/pragmandt.com\/fr\/wp-json\/wp\/v2\/pages\/17010","targetHints":{"allow":["GET"]}}],"collection":[{"href":"https:\/\/pragmandt.com\/fr\/wp-json\/wp\/v2\/pages"}],"about":[{"href":"https:\/\/pragmandt.com\/fr\/wp-json\/wp\/v2\/types\/page"}],"author":[{"embeddable":true,"href":"https:\/\/pragmandt.com\/fr\/wp-json\/wp\/v2\/users\/4"}],"replies":[{"embeddable":true,"href":"https:\/\/pragmandt.com\/fr\/wp-json\/wp\/v2\/comments?post=17010"}],"version-history":[{"count":5,"href":"https:\/\/pragmandt.com\/fr\/wp-json\/wp\/v2\/pages\/17010\/revisions"}],"predecessor-version":[{"id":17323,"href":"https:\/\/pragmandt.com\/fr\/wp-json\/wp\/v2\/pages\/17010\/revisions\/17323"}],"wp:attachment":[{"href":"https:\/\/pragmandt.com\/fr\/wp-json\/wp\/v2\/media?parent=17010"}],"curies":[{"name":"wp","href":"https:\/\/api.w.org\/{rel}","templated":true}]}}