{"id":17032,"date":"2022-04-12T20:14:22","date_gmt":"2022-04-12T20:14:22","guid":{"rendered":"https:\/\/pragmandt.com\/?page_id=17032"},"modified":"2022-04-13T11:55:19","modified_gmt":"2022-04-13T11:55:19","slug":"product-pragmapro","status":"publish","type":"page","link":"https:\/\/pragmandt.com\/fr\/product-pragmapro\/","title":{"rendered":"Product &#8211; PragmaPro"},"content":{"rendered":"<p>[vc_row css_animation=&#8221;&#8221; row_type=&#8221;row&#8221; use_row_as_full_screen_section=&#8221;no&#8221; type=&#8221;grid&#8221; angled_section=&#8221;no&#8221; text_align=&#8221;left&#8221; background_image_as_pattern=&#8221;without_pattern&#8221; background_color=&#8221;#f1f3f4&#8243; padding_top=&#8221;29&#8243; padding_bottom=&#8221;6&#8243; css=&#8221;.vc_custom_1629072987568{padding-top: 30px !important;padding-bottom: 30px !important;background-color: #ffffff !important;background-position: center !important;background-repeat: no-repeat !important;background-size: cover !important;}&#8221; z_index=&#8221;&#8221;][vc_column][vc_column_text]<\/p>\n<p style=\"text-align: left;\"><span style=\"font-size: 16pt; font-family: d-dincondensed;\"><span style=\"color: #000000;\"><a style=\"color: #000000;\" href=\"#\">Products<\/a><\/span> &gt; <span style=\"color: #000000;\"><a style=\"color: #000000;\" href=\"#\">Platform<\/a><\/span> &gt; <a href=\"#\"><span style=\"color: #d74532;\">PragmaPro<\/span><\/a><\/span><\/p>\n<p>[\/vc_column_text][\/vc_column][\/vc_row][vc_row css_animation=&#8221;&#8221; row_type=&#8221;row&#8221; use_row_as_full_screen_section=&#8221;no&#8221; type=&#8221;grid&#8221; angled_section=&#8221;no&#8221; text_align=&#8221;left&#8221; background_image_as_pattern=&#8221;without_pattern&#8221; background_color=&#8221;#f1f3f4&#8243; padding_top=&#8221;29&#8243; padding_bottom=&#8221;29&#8243; css=&#8221;.vc_custom_1642785889158{padding-top: 50px !important;padding-bottom: 50px !important;background-image: url(http:\/\/pragmandt.com\/wp-content\/uploads\/2022\/01\/banner-ppro-1.png?id=16773) !important;background-position: center !important;background-repeat: no-repeat !important;background-size: cover !important;}&#8221; z_index=&#8221;&#8221;][vc_column width=&#8221;1\/2&#8243;][vc_single_image image=&#8221;17039&#8243; img_size=&#8221;420&#215;420&#8243; qode_css_animation=&#8221;&#8221;][\/vc_column][vc_column width=&#8221;1\/2&#8243; css=&#8221;.vc_custom_1629073089746{padding-top: 40px !important;}&#8221;][vc_single_image image=&#8221;15543&#8243; img_size=&#8221;full&#8221; qode_css_animation=&#8221;&#8221; css=&#8221;.vc_custom_1629992358596{padding-bottom: 5px !important;padding-left: 2px !important;}&#8221;][vc_column_text]<\/p>\n<h1><span style=\"color: #ffffff; font-family: d-dincondensed-bold;\"><span style=\"font-size: 65px;\">PragmaPro<\/span><\/span><\/h1>\n<p>[\/vc_column_text][vc_separator type=&#8221;transparent&#8221; thickness=&#8221;3&#8243; up=&#8221;15&#8243; down=&#8221;25&#8243;][vc_column_text]<\/p>\n<h6><span style=\"color: #ffffff; font-size: 24pt; font-family: d-dincondensed;\">Plateforme portable d\u2019instrumentation pour Contr\u00f4le Non-Destructif (CND)<\/span><\/h6>\n<p>[\/vc_column_text][vc_separator type=&#8221;transparent&#8221; thickness=&#8221;3&#8243; up=&#8221;15&#8243; down=&#8221;15&#8243;][vc_column_text]<\/p>\n<h6><span style=\"color: #ffffff; font-size: 18pt; font-family: d-dincondensed;\">Pour inspections sur site, MRO, \u00e9laboration de proc\u00e9dures, formation et R&amp;D<\/span><\/h6>\n<p>[\/vc_column_text][\/vc_column][\/vc_row][vc_row css_animation=&#8221;&#8221; row_type=&#8221;row&#8221; use_row_as_full_screen_section=&#8221;no&#8221; type=&#8221;grid&#8221; angled_section=&#8221;no&#8221; text_align=&#8221;left&#8221; background_image_as_pattern=&#8221;without_pattern&#8221; background_color=&#8221;#f7f8f9&#8243; padding_top=&#8221;95&#8243; padding_bottom=&#8221;71&#8243;][vc_column width=&#8221;1\/2&#8243; css=&#8221;.vc_custom_1641577139033{padding-top: 30% !important;padding-right: 25px !important;padding-bottom: 25px !important;padding-left: 25px !important;}&#8221;][vc_column_text el_class=&#8221;border-red-product-desktop&#8221; css=&#8221;.vc_custom_1649794226838{padding-right: 30px !important;padding-left: 20px !important;}&#8221;]<\/p>\n<p class=\"p1\"><span style=\"font-size: 16pt; font-family: d-dincondensed;\">La plateforme <span style=\"color: #000000;\"><strong>PragmaPro<\/strong><\/span> offre une interface homme-machine flexible avec \u00e9cran tactile, molettes de d\u00e9filement et clavier en caoutchouc, avec un large \u00e9cran ultra lumineux. Elle est tr\u00e8s polyvalente pour diff\u00e9rents contextes, sur le terrain ou en laboratoire.<\/span><\/p>\n<p>&nbsp;<\/p>\n<p><span style=\"font-size: 16pt; font-family: d-dincondensed;\">Avec un processeur \u00e0 faible consommation mais tr\u00e8s rapide, de nombreux p\u00e9riph\u00e9riques et un syst\u00e8me d\u2019exploitation Linux, elle a toute la puissance n\u00e9cessaire pour s\u2019adapter aux applications les plus complexes.<br \/>\n<\/span>[\/vc_column_text][vc_separator type=&#8221;transparent&#8221; thickness=&#8221;3&#8243; up=&#8221;25&#8243; down=&#8221;15&#8243;][\/vc_column][vc_column width=&#8221;1\/2&#8243; css=&#8221;.vc_custom_1629074156960{padding-top: 25px !important;padding-bottom: 25px !important;}&#8221;]<div class='q_list circle'><\/p>\n<ul style=\"font-family: d-dincondensed;\">\n<li><span style=\"font-size: 16pt;\"><span style=\"font-size: 16pt;\"><strong>Compacte<\/strong><br \/>\n<\/span><\/span><\/p>\n<p class=\"p1\">Bo\u00eetier en aluminium usin\u00e9 CNC, pour la durabilit\u00e9 et le fonctionnement sans ventilateur.<\/p>\n<\/li>\n<li><span style=\"font-size: 16pt;\"><span style=\"font-size: 16pt;\"><strong>Modulaire<\/strong><br \/>\n<\/span><\/span><\/p>\n<p class=\"p1\">Possibilit\u00e9 de connecter l\u2019une des multiples cartouches disponibles pour un choix de modalit\u00e9: UT, PAUT, ECT, ECA, etc.<\/p>\n<\/li>\n<li><span style=\"font-size: 16pt;\"><span style=\"font-size: 16pt;\"><strong>\u00c9cran lumineux<\/strong><br \/>\n<\/span><\/span><\/p>\n<p class=\"p1\">Large \u00e9cran WXGA de 9 pouces de 1280&#215;768 pixels, avec la meilleure luminosit\u00e9 sur le march\u00e9 et un contraste dans un grand angle de vue.<\/p>\n<\/li>\n<li><span style=\"font-size: 16pt;\"><span style=\"font-size: 16pt;\"><strong>Clavier en caoutchouc<\/strong><br \/>\n<\/span><\/span><\/p>\n<p class=\"p1\">Clavier en caoutchouc de silicone avec un bon retour tactile et id\u00e9al pour les conditions difficiles.<\/p>\n<\/li>\n<li><span style=\"font-size: 16pt;\"><span style=\"font-size: 16pt;\"><strong>\u00c9cran tactile<\/strong><br \/>\n<\/span><\/span><\/p>\n<p class=\"p1\">Technologie tactile capacitive sous un verre chimiquement am\u00e9lior\u00e9 pour la r\u00e9sistance aux rayures et tol\u00e9rance au couplant UT et \u00e0 la salet\u00e9.<\/p>\n<\/li>\n<li><span style=\"font-size: 16pt;\"><span style=\"font-size: 16pt;\"><strong>Molettes de d\u00e9filement<\/strong><br \/>\n<\/span><\/span><\/p>\n<p class=\"p1\">7 molettes pour d\u00e9filement rapide des menus et param\u00e8tres, parce qu\u2019un \u00e9cran tactile n\u2019est pas toujours la meilleure solution sur le terrain.<\/p>\n<\/li>\n<li><span style=\"font-size: 16pt;\"><span style=\"font-size: 16pt;\"><strong>Multiples p\u00e9riph\u00e9riques<\/strong><br \/>\n<\/span><\/span><\/p>\n<p class=\"p1\">Un grand nombre de connecteurs pour l\u2019interfa\u00e7age : 4 x USB, 1 x HDMI, 1 x Gigabit Ethernet.<\/p>\n<\/li>\n<\/ul>\n<p><\/div>[\/vc_column][\/vc_row][vc_row css_animation=&#8221;&#8221; row_type=&#8221;row&#8221; use_row_as_full_screen_section=&#8221;no&#8221; type=&#8221;grid&#8221; angled_section=&#8221;no&#8221; text_align=&#8221;left&#8221; background_image_as_pattern=&#8221;without_pattern&#8221; background_color=&#8221;#f7f8f9&#8243; padding_top=&#8221;95&#8243; padding_bottom=&#8221;71&#8243; css=&#8221;.vc_custom_1642685869415{padding-top: 80px !important;padding-bottom: 0px !important;background-color: #ffffff !important;}&#8221; z_index=&#8221;&#8221;][vc_column css=&#8221;.vc_custom_1641579082965{padding-top: 5px !important;padding-right: 25px !important;padding-bottom: 5px !important;padding-left: 25px !important;}&#8221;][vc_column_text]<\/p>\n<h2 style=\"text-align: center;\"><img loading=\"lazy\" decoding=\"async\" class=\"alignnone size-full wp-image-15543\" src=\"http:\/\/pragmandt.com\/wp-content\/uploads\/2021\/08\/separateur-triangle-big.png\" alt=\"\" width=\"23\" height=\"23\" \/>\u00a0Highlights<\/h2>\n<p>[\/vc_column_text][\/vc_column][\/vc_row][vc_row css_animation=&#8221;&#8221; row_type=&#8221;row&#8221; use_row_as_full_screen_section=&#8221;no&#8221; type=&#8221;grid&#8221; angled_section=&#8221;no&#8221; text_align=&#8221;left&#8221; background_image_as_pattern=&#8221;without_pattern&#8221; background_color=&#8221;#f7f8f9&#8243; padding_top=&#8221;95&#8243; padding_bottom=&#8221;71&#8243; css=&#8221;.vc_custom_1630008349914{background-color: #ffffff !important;}&#8221; z_index=&#8221;&#8221;][vc_column width=&#8221;1\/2&#8243;][qode_content_slider auto_rotate=&#8221;5&#8243; direction_nav=&#8221;yes&#8221; control_nav=&#8221;yes&#8221; control_nav_justify=&#8221;no&#8221; pause_on_hover=&#8221;yes&#8221;][qode_content_slider_item][vc_single_image image=&#8221;16319&#8243; img_size=&#8221;309&#215;282&#8243; alignment=&#8221;center&#8221; qode_css_animation=&#8221;&#8221; css=&#8221;.vc_custom_1641576354498{padding-top: 10px !important;padding-right: 10px !important;padding-bottom: 10px !important;padding-left: 10px !important;}&#8221;][\/qode_content_slider_item][qode_content_slider_item][vc_single_image image=&#8221;16385&#8243; img_size=&#8221;305&#215;306&#8243; alignment=&#8221;center&#8221; qode_css_animation=&#8221;&#8221; css=&#8221;.vc_custom_1641579933403{padding-top: 10px !important;padding-right: 10px !important;padding-bottom: 10px !important;padding-left: 10px !important;}&#8221;][\/qode_content_slider_item][\/qode_content_slider][\/vc_column][vc_column width=&#8221;1\/2&#8243; css=&#8221;.vc_custom_1641578262777{padding-top: 15% !important;padding-right: 25px !important;padding-bottom: 25px !important;padding-left: 25px !important;}&#8221;][vc_column_text css=&#8221;.vc_custom_1649794155567{border-left-width: 2px !important;padding-left: 20px !important;border-left-color: #dd3333 !important;border-left-style: solid !important;}&#8221;]<\/p>\n<p class=\"p1\"><span style=\"font-size: 16pt; font-family: d-dincondensed;\">Le clavier de silicone UNITOP procure un bon retour tactile et pr\u00e9vient contre l\u2019adh\u00e9rence de la salet\u00e9. Le clavier conserve son toucher et sa performance au-del\u00e0 d\u2019une large gamme de temp\u00e9ratures. La vitre protecttrice r\u00e9siste aux rayures.<\/span><\/p>\n<p class=\"p1\"><span style=\"font-size: 16pt; font-family: d-dincondensed;\"><br \/>\nL\u2019\u00e9cran tactile multi -touch permet une navigation et un contr\u00f4le tr\u00e8s intuitifs de l\u2019instrumenti.<\/span><\/p>\n<p>[\/vc_column_text][vc_separator type=&#8221;transparent&#8221; thickness=&#8221;3&#8243; up=&#8221;15&#8243; down=&#8221;15&#8243;][\/vc_column][\/vc_row][vc_row css_animation=&#8221;&#8221; row_type=&#8221;row&#8221; use_row_as_full_screen_section=&#8221;no&#8221; type=&#8221;grid&#8221; angled_section=&#8221;no&#8221; text_align=&#8221;left&#8221; background_image_as_pattern=&#8221;without_pattern&#8221; background_color=&#8221;#f7f8f9&#8243; padding_top=&#8221;95&#8243; padding_bottom=&#8221;71&#8243; css=&#8221;.vc_custom_1630008349914{background-color: #ffffff !important;}&#8221; z_index=&#8221;&#8221;][vc_column width=&#8221;1\/2&#8243; css=&#8221;.vc_custom_1641578138669{padding-top: 15% !important;padding-right: 25px !important;padding-bottom: 25px !important;padding-left: 25px !important;}&#8221;][vc_column_text css=&#8221;.vc_custom_1649794123720{border-right-width: 2px !important;padding-right: 20px !important;border-right-color: #dd3333 !important;border-right-style: solid !important;}&#8221;]<\/p>\n<p class=\"p1\" style=\"text-align: right;\"><span style=\"font-size: 16pt; font-family: d-dincondensed;\">Le bouton et la molette QuickFlow\u2122 permettent \u00e0 l\u2019utilisateur d\u2019acc\u00e9der rapidement aux param\u00e8tres, une inspiration des anciens instruments CND qui ont fait leur preuve.\u00a0<\/span><\/p>\n<p>&nbsp;<\/p>\n<p style=\"text-align: right;\"><span style=\"font-size: 16pt; font-family: d-dincondensed;\">Le PragmaPro est modulaire et pr\u00eat \u00e0 supporter plusieurs cartouches pour UT, PAUT, ECT, ECA et autres m\u00e9thodes avanc\u00e9es de CND.<\/span><\/p>\n<p>[\/vc_column_text][\/vc_column][vc_column width=&#8221;1\/2&#8243; css=&#8221;.vc_custom_1629074156960{padding-top: 25px !important;padding-bottom: 25px !important;}&#8221;][qode_content_slider auto_rotate=&#8221;5&#8243; direction_nav=&#8221;yes&#8221; control_nav=&#8221;yes&#8221; control_nav_justify=&#8221;no&#8221; pause_on_hover=&#8221;yes&#8221;][qode_content_slider_item][vc_single_image image=&#8221;16332&#8243; img_size=&#8221;350&#215;240&#8243; alignment=&#8221;center&#8221; qode_css_animation=&#8221;&#8221; css=&#8221;.vc_custom_1641575506752{padding-top: 10px !important;padding-right: 10px !important;padding-bottom: 10px !important;padding-left: 10px !important;}&#8221;][\/qode_content_slider_item][qode_content_slider_item][vc_single_image image=&#8221;16362&#8243; img_size=&#8221;297&#215;245&#8243; alignment=&#8221;center&#8221; qode_css_animation=&#8221;&#8221; css=&#8221;.vc_custom_1641577914151{padding-top: 10px !important;padding-right: 10px !important;padding-bottom: 10px !important;padding-left: 10px !important;}&#8221;][\/qode_content_slider_item][\/qode_content_slider][\/vc_column][\/vc_row][vc_row css_animation=&#8221;&#8221; row_type=&#8221;row&#8221; use_row_as_full_screen_section=&#8221;no&#8221; type=&#8221;grid&#8221; angled_section=&#8221;no&#8221; text_align=&#8221;left&#8221; background_image_as_pattern=&#8221;without_pattern&#8221; css=&#8221;.vc_custom_1629074907549{padding-top: 60px !important;padding-bottom: 60px !important;background-color: #0a0a0a !important;}&#8221; z_index=&#8221;&#8221;][vc_column width=&#8221;3\/4&#8243; css=&#8221;.vc_custom_1629074789712{padding-right: 30px !important;}&#8221;][vc_column_text]<\/p>\n<div class=\"wpb_text_column wpb_content_element \">\n<div class=\"wpb_wrapper\">\n<h2><span style=\"color: #ffffff; font-family: d-dincondensed;\">Technical Specification<\/span><\/h2>\n<\/div>\n<\/div>\n<p>[\/vc_column_text][vc_separator type=&#8221;transparent&#8221; up=&#8221;15&#8243; down=&#8221;0&#8243;][vc_column_text]<\/p>\n<div class=\"wpb_text_column wpb_content_element \">\n<div class=\"wpb_wrapper\">\n<p><span style=\"color: #ffffff; font-size: 15pt; font-family: d-dincondensed;\">Pour plus d&#8217;informations, pensez \u00e0 t\u00e9l\u00e9charger notre brochure<\/span><\/div>\n<\/div>\n<p>[\/vc_column_text][\/vc_column][vc_column width=&#8221;1\/4&#8243;]<a  itemprop=\"url\" href=\"\/wp-content\/uploads\/2022\/04\/Pragma-DataSheet-PragmaPro-FR-2022-04-13.pdf\" target=\"_self\"  class=\"qbutton  center default\" style=\"margin: 17px 0 0 0; \">T\u00c9L\u00c9CHARGER LA BROCHURE<\/a>[\/vc_column][\/vc_row]<\/p>\n","protected":false},"excerpt":{"rendered":"<p>[vc_row css_animation=&#8221;&#8221; row_type=&#8221;row&#8221; use_row_as_full_screen_section=&#8221;no&#8221; type=&#8221;grid&#8221; angled_section=&#8221;no&#8221; text_align=&#8221;left&#8221; background_image_as_pattern=&#8221;without_pattern&#8221; background_color=&#8221;#f1f3f4&#8243; padding_top=&#8221;29&#8243; padding_bottom=&#8221;6&#8243; css=&#8221;.vc_custom_1629072987568{padding-top: 30px !important;padding-bottom: 30px !important;background-color: #ffffff !important;background-position: center !important;background-repeat: no-repeat !important;background-size: cover !important;}&#8221; z_index=&#8221;&#8221;][vc_column][vc_column_text] Products &gt; Platform &gt; PragmaPro [\/vc_column_text][\/vc_column][\/vc_row][vc_row css_animation=&#8221;&#8221; row_type=&#8221;row&#8221; use_row_as_full_screen_section=&#8221;no&#8221; type=&#8221;grid&#8221; angled_section=&#8221;no&#8221; text_align=&#8221;left&#8221; background_image_as_pattern=&#8221;without_pattern&#8221; background_color=&#8221;#f1f3f4&#8243; padding_top=&#8221;29&#8243; padding_bottom=&#8221;29&#8243; css=&#8221;.vc_custom_1642785889158{padding-top: 50px !important;padding-bottom: 50px&#8230;<\/p>\n","protected":false},"author":4,"featured_media":0,"parent":0,"menu_order":0,"comment_status":"open","ping_status":"closed","template":"full_width.php","meta":{"inline_featured_image":false,"footnotes":""},"class_list":["post-17032","page","type-page","status-publish","hentry"],"yoast_head":"<!-- This site is optimized with the Yoast SEO plugin v21.9 - https:\/\/yoast.com\/wordpress\/plugins\/seo\/ -->\n<title>Product - PragmaPro - Pragma - NDT<\/title>\n<meta name=\"robots\" content=\"index, follow, max-snippet:-1, max-image-preview:large, max-video-preview:-1\" \/>\n<link rel=\"canonical\" href=\"https:\/\/pragmandt.com\/fr\/product-pragmapro\/\" \/>\n<meta property=\"og:locale\" content=\"fr_FR\" \/>\n<meta property=\"og:type\" content=\"article\" \/>\n<meta property=\"og:title\" content=\"Product - PragmaPro - Pragma - NDT\" \/>\n<meta property=\"og:description\" content=\"[vc_row css_animation=&#8221;&#8221; row_type=&#8221;row&#8221; use_row_as_full_screen_section=&#8221;no&#8221; type=&#8221;grid&#8221; angled_section=&#8221;no&#8221; text_align=&#8221;left&#8221; background_image_as_pattern=&#8221;without_pattern&#8221; background_color=&#8221;#f1f3f4&#8243; padding_top=&#8221;29&#8243; padding_bottom=&#8221;6&#8243; css=&#8221;.vc_custom_1629072987568{padding-top: 30px !important;padding-bottom: 30px !important;background-color: #ffffff !important;background-position: center !important;background-repeat: no-repeat !important;background-size: cover !important;}&#8221; z_index=&#8221;&#8221;][vc_column][vc_column_text] Products &gt; Platform &gt; PragmaPro [\/vc_column_text][\/vc_column][\/vc_row][vc_row css_animation=&#8221;&#8221; row_type=&#8221;row&#8221; use_row_as_full_screen_section=&#8221;no&#8221; type=&#8221;grid&#8221; angled_section=&#8221;no&#8221; text_align=&#8221;left&#8221; background_image_as_pattern=&#8221;without_pattern&#8221; background_color=&#8221;#f1f3f4&#8243; padding_top=&#8221;29&#8243; padding_bottom=&#8221;29&#8243; css=&#8221;.vc_custom_1642785889158{padding-top: 50px !important;padding-bottom: 50px...\" \/>\n<meta property=\"og:url\" content=\"https:\/\/pragmandt.com\/fr\/product-pragmapro\/\" \/>\n<meta property=\"og:site_name\" content=\"Pragma - NDT\" \/>\n<meta property=\"article:modified_time\" content=\"2022-04-13T11:55:19+00:00\" \/>\n<meta property=\"og:image\" content=\"http:\/\/pragmandt.com\/wp-content\/uploads\/2021\/08\/separateur-triangle-big.png\" \/>\n<meta name=\"twitter:card\" content=\"summary_large_image\" \/>\n<meta name=\"twitter:label1\" content=\"Est. reading time\" \/>\n\t<meta name=\"twitter:data1\" content=\"4 minutes\" \/>\n<script type=\"application\/ld+json\" class=\"yoast-schema-graph\">{\"@context\":\"https:\/\/schema.org\",\"@graph\":[{\"@type\":\"WebPage\",\"@id\":\"https:\/\/pragmandt.com\/fr\/product-pragmapro\/\",\"url\":\"https:\/\/pragmandt.com\/fr\/product-pragmapro\/\",\"name\":\"Product - PragmaPro - Pragma - NDT\",\"isPartOf\":{\"@id\":\"https:\/\/pragmandt.com\/#website\"},\"datePublished\":\"2022-04-12T20:14:22+00:00\",\"dateModified\":\"2022-04-13T11:55:19+00:00\",\"breadcrumb\":{\"@id\":\"https:\/\/pragmandt.com\/fr\/product-pragmapro\/#breadcrumb\"},\"inLanguage\":\"fr-FR\",\"potentialAction\":[{\"@type\":\"ReadAction\",\"target\":[\"https:\/\/pragmandt.com\/fr\/product-pragmapro\/\"]}]},{\"@type\":\"BreadcrumbList\",\"@id\":\"https:\/\/pragmandt.com\/fr\/product-pragmapro\/#breadcrumb\",\"itemListElement\":[{\"@type\":\"ListItem\",\"position\":1,\"name\":\"Home\",\"item\":\"https:\/\/pragmandt.com\/fr\/\"},{\"@type\":\"ListItem\",\"position\":2,\"name\":\"Product &#8211; PragmaPro\"}]},{\"@type\":\"WebSite\",\"@id\":\"https:\/\/pragmandt.com\/#website\",\"url\":\"https:\/\/pragmandt.com\/\",\"name\":\"Pragma - NDT\",\"description\":\"Instrumental to your success\",\"potentialAction\":[{\"@type\":\"SearchAction\",\"target\":{\"@type\":\"EntryPoint\",\"urlTemplate\":\"https:\/\/pragmandt.com\/?s={search_term_string}\"},\"query-input\":\"required name=search_term_string\"}],\"inLanguage\":\"fr-FR\"}]}<\/script>\n<!-- \/ Yoast SEO plugin. -->","yoast_head_json":{"title":"Product - PragmaPro - Pragma - NDT","robots":{"index":"index","follow":"follow","max-snippet":"max-snippet:-1","max-image-preview":"max-image-preview:large","max-video-preview":"max-video-preview:-1"},"canonical":"https:\/\/pragmandt.com\/fr\/product-pragmapro\/","og_locale":"fr_FR","og_type":"article","og_title":"Product - PragmaPro - Pragma - NDT","og_description":"[vc_row css_animation=&#8221;&#8221; row_type=&#8221;row&#8221; use_row_as_full_screen_section=&#8221;no&#8221; type=&#8221;grid&#8221; angled_section=&#8221;no&#8221; text_align=&#8221;left&#8221; background_image_as_pattern=&#8221;without_pattern&#8221; background_color=&#8221;#f1f3f4&#8243; padding_top=&#8221;29&#8243; padding_bottom=&#8221;6&#8243; css=&#8221;.vc_custom_1629072987568{padding-top: 30px !important;padding-bottom: 30px !important;background-color: #ffffff !important;background-position: center !important;background-repeat: no-repeat !important;background-size: cover !important;}&#8221; z_index=&#8221;&#8221;][vc_column][vc_column_text] Products &gt; Platform &gt; PragmaPro [\/vc_column_text][\/vc_column][\/vc_row][vc_row css_animation=&#8221;&#8221; row_type=&#8221;row&#8221; use_row_as_full_screen_section=&#8221;no&#8221; type=&#8221;grid&#8221; angled_section=&#8221;no&#8221; text_align=&#8221;left&#8221; background_image_as_pattern=&#8221;without_pattern&#8221; background_color=&#8221;#f1f3f4&#8243; padding_top=&#8221;29&#8243; padding_bottom=&#8221;29&#8243; css=&#8221;.vc_custom_1642785889158{padding-top: 50px !important;padding-bottom: 50px...","og_url":"https:\/\/pragmandt.com\/fr\/product-pragmapro\/","og_site_name":"Pragma - NDT","article_modified_time":"2022-04-13T11:55:19+00:00","og_image":[{"url":"http:\/\/pragmandt.com\/wp-content\/uploads\/2021\/08\/separateur-triangle-big.png"}],"twitter_card":"summary_large_image","twitter_misc":{"Est. reading time":"4 minutes"},"schema":{"@context":"https:\/\/schema.org","@graph":[{"@type":"WebPage","@id":"https:\/\/pragmandt.com\/fr\/product-pragmapro\/","url":"https:\/\/pragmandt.com\/fr\/product-pragmapro\/","name":"Product - PragmaPro - Pragma - NDT","isPartOf":{"@id":"https:\/\/pragmandt.com\/#website"},"datePublished":"2022-04-12T20:14:22+00:00","dateModified":"2022-04-13T11:55:19+00:00","breadcrumb":{"@id":"https:\/\/pragmandt.com\/fr\/product-pragmapro\/#breadcrumb"},"inLanguage":"fr-FR","potentialAction":[{"@type":"ReadAction","target":["https:\/\/pragmandt.com\/fr\/product-pragmapro\/"]}]},{"@type":"BreadcrumbList","@id":"https:\/\/pragmandt.com\/fr\/product-pragmapro\/#breadcrumb","itemListElement":[{"@type":"ListItem","position":1,"name":"Home","item":"https:\/\/pragmandt.com\/fr\/"},{"@type":"ListItem","position":2,"name":"Product &#8211; PragmaPro"}]},{"@type":"WebSite","@id":"https:\/\/pragmandt.com\/#website","url":"https:\/\/pragmandt.com\/","name":"Pragma - NDT","description":"Instrumental to your success","potentialAction":[{"@type":"SearchAction","target":{"@type":"EntryPoint","urlTemplate":"https:\/\/pragmandt.com\/?s={search_term_string}"},"query-input":"required name=search_term_string"}],"inLanguage":"fr-FR"}]}},"_links":{"self":[{"href":"https:\/\/pragmandt.com\/fr\/wp-json\/wp\/v2\/pages\/17032","targetHints":{"allow":["GET"]}}],"collection":[{"href":"https:\/\/pragmandt.com\/fr\/wp-json\/wp\/v2\/pages"}],"about":[{"href":"https:\/\/pragmandt.com\/fr\/wp-json\/wp\/v2\/types\/page"}],"author":[{"embeddable":true,"href":"https:\/\/pragmandt.com\/fr\/wp-json\/wp\/v2\/users\/4"}],"replies":[{"embeddable":true,"href":"https:\/\/pragmandt.com\/fr\/wp-json\/wp\/v2\/comments?post=17032"}],"version-history":[{"count":4,"href":"https:\/\/pragmandt.com\/fr\/wp-json\/wp\/v2\/pages\/17032\/revisions"}],"predecessor-version":[{"id":17047,"href":"https:\/\/pragmandt.com\/fr\/wp-json\/wp\/v2\/pages\/17032\/revisions\/17047"}],"wp:attachment":[{"href":"https:\/\/pragmandt.com\/fr\/wp-json\/wp\/v2\/media?parent=17032"}],"curies":[{"name":"wp","href":"https:\/\/api.w.org\/{rel}","templated":true}]}}