{"id":17249,"date":"2021-10-20T16:03:38","date_gmt":"2021-10-20T16:03:38","guid":{"rendered":"https:\/\/pragmandt.com\/pressure-vessels\/"},"modified":"2024-01-29T16:13:44","modified_gmt":"2024-01-29T16:13:44","slug":"pressure-vessels","status":"publish","type":"page","link":"https:\/\/pragmandt.com\/fr\/pressure-vessels\/","title":{"rendered":"Application &#8211; R\u00e9servoirs sous pression"},"content":{"rendered":"<p>[vc_row css_animation=&#8221;&#8221; row_type=&#8221;row&#8221; use_row_as_full_screen_section=&#8221;no&#8221; type=&#8221;grid&#8221; angled_section=&#8221;no&#8221; text_align=&#8221;left&#8221; background_image_as_pattern=&#8221;without_pattern&#8221; background_color=&#8221;#f1f3f4&#8243; padding_top=&#8221;29&#8243; padding_bottom=&#8221;6&#8243; css=&#8221;.vc_custom_1629072987568{padding-top: 30px !important;padding-bottom: 30px !important;background-color: #ffffff !important;background-position: center !important;background-repeat: no-repeat !important;background-size: cover !important;}&#8221; z_index=&#8221;&#8221;][vc_column][vc_column_text]<\/p>\n<p style=\"text-align: left;\"><span style=\"font-size: 16pt; font-family: d-dincondensed;\"><span style=\"color: #000000;\">Application<\/span>\u00a0&gt; <span style=\"color: #000000;\"><a style=\"color: #ee220c;\" href=\"#\">R\u00e9servoirs sous pression<\/a><\/span><\/span><\/p>\n<p>[\/vc_column_text][\/vc_column][\/vc_row][vc_row css_animation=&#8221;&#8221; row_type=&#8221;row&#8221; use_row_as_full_screen_section=&#8221;no&#8221; type=&#8221;grid&#8221; angled_section=&#8221;no&#8221; text_align=&#8221;left&#8221; background_image_as_pattern=&#8221;without_pattern&#8221; background_color=&#8221;#f1f3f4&#8243; padding_top=&#8221;29&#8243; padding_bottom=&#8221;29&#8243; css=&#8221;.vc_custom_1642980205593{padding-top: 50px !important;padding-bottom: 50px !important;background-image: url(http:\/\/pragmandt.com\/wp-content\/uploads\/2022\/01\/pressure-vessel0-2.png?id=16914) !important;background-position: center !important;background-repeat: no-repeat !important;background-size: cover !important;}&#8221; z_index=&#8221;&#8221;][vc_column][vc_single_image image=&#8221;15543&#8243; img_size=&#8221;full&#8221; qode_css_animation=&#8221;&#8221; css=&#8221;.vc_custom_1629992358596{padding-bottom: 5px !important;padding-left: 2px !important;}&#8221;][vc_column_text]<\/p>\n<h1><span style=\"color: #ffffff; font-family: d-dincondensed-bold;\"><span style=\"font-size: 65px;\">R\u00e9servoirs sous pression<\/span><\/span><\/h1>\n<p>[\/vc_column_text][vc_separator type=&#8221;transparent&#8221; thickness=&#8221;3&#8243; up=&#8221;15&#8243; down=&#8221;25&#8243;][vc_column_text]<\/p>\n<h6><span style=\"color: #ffffff; font-size: 24pt; font-family: d-dincondensed;\">Solution compl\u00e8te pour l\u2019inspection de r\u00e9servoirs sous pression<\/span><\/h6>\n<p>[\/vc_column_text][\/vc_column][\/vc_row][vc_row css_animation=&#8221;&#8221; row_type=&#8221;row&#8221; use_row_as_full_screen_section=&#8221;no&#8221; type=&#8221;grid&#8221; angled_section=&#8221;no&#8221; text_align=&#8221;left&#8221; background_image_as_pattern=&#8221;without_pattern&#8221; background_color=&#8221;#f7f8f9&#8243; padding_top=&#8221;95&#8243; padding_bottom=&#8221;71&#8243; z_index=&#8221;&#8221;][vc_column width=&#8221;1\/2&#8243; css=&#8221;.vc_custom_1629074152749{padding-top: 25px !important;padding-right: 25px !important;padding-bottom: 25px !important;padding-left: 25px !important;}&#8221;][vc_column_text]<\/p>\n<h2 class=\"p1\"><span style=\"font-family: d-dincondensed;\"><span style=\"font-size: 24px;\">Contexte<\/span><\/span><\/h2>\n<p>[\/vc_column_text][vc_separator type=&#8221;transparent&#8221; thickness=&#8221;3&#8243; up=&#8221;5&#8243; down=&#8221;5&#8243;][vc_column_text]<\/p>\n<p class=\"p1\"><span style=\"font-size: 16pt; font-family: d-dincondensed;\">Les r\u00e9servoirs sous pression peuvent \u00eatre des chaudi\u00e8res, des \u00e9changeurs de chaleur ou des r\u00e9acteurs, par exemple. Leurs soudures sont r\u00e9alis\u00e9es selon des normes de fabrication \u00e9lev\u00e9es pour r\u00e9pondre aux exigences de sp\u00e9cifications reconnues. Quelle que soit le type de r\u00e9servoir sous pression, il est n\u00e9cessaire d\u2019effectuer des tests non destructifs pendant toute la dur\u00e9e de son cycle de vie. Les m\u00e9thodes d\u2019inspection varient, mais pour le contr\u00f4le volum\u00e9trique des soudures, la radiographie s&#8217;est impos\u00e9e comme une solution privil\u00e9gi\u00e9e depuis de nombreuses d\u00e9cennies.<\/span><\/p>\n<p>[\/vc_column_text][\/vc_column][vc_column width=&#8221;1\/2&#8243; css=&#8221;.vc_custom_1629074156960{padding-top: 25px !important;padding-bottom: 25px !important;}&#8221;][vc_single_image image=&#8221;16123&#8243; img_size=&#8221;full&#8221; qode_css_animation=&#8221;&#8221;][\/vc_column][\/vc_row][vc_row css_animation=&#8221;&#8221; row_type=&#8221;row&#8221; use_row_as_full_screen_section=&#8221;no&#8221; type=&#8221;grid&#8221; angled_section=&#8221;no&#8221; text_align=&#8221;left&#8221; background_image_as_pattern=&#8221;without_pattern&#8221; background_color=&#8221;#f1f3f4&#8243; padding_top=&#8221;29&#8243; padding_bottom=&#8221;29&#8243; css=&#8221;.vc_custom_1642956722293{padding-top: 50px !important;padding-bottom: 50px !important;background-color: #f1f3f4 !important;background-position: center !important;background-repeat: no-repeat !important;background-size: cover !important;}&#8221; z_index=&#8221;&#8221;][vc_column][vc_column_text]<\/p>\n<h2 class=\"p1\"><span style=\"font-family: d-dincondensed;\"><span style=\"font-size: 24px;\">D\u00e9fis<\/span><\/span><\/h2>\n<p>[\/vc_column_text][vc_separator type=&#8221;transparent&#8221; thickness=&#8221;3&#8243; up=&#8221;5&#8243; down=&#8221;5&#8243;][vc_column_text]<\/p>\n<p class=\"p1\"><span style=\"font-size: 16pt; font-family: d-dincondensed;\"> Ces derni\u00e8res ann\u00e9es, la technique des ultrasons phased array (PAUT) et de la TOFD ont remplac\u00e9 la radiographie en termes de productivit\u00e9 et de s\u00e9curit\u00e9. En ce qui concerne l&#8217;inspection volum\u00e9trique des r\u00e9servoir sous pression, ces deux techniques peuvent aborder chaque configuration de soudure avec tr\u00e8s peu de limitations, un avantage par rapport \u00e0 la radiographie. Une des proc\u00e9dures les plus complexes de ce type est le balayage des embouts (nozzles) avec encodage de donn\u00e9es sur 3 axes. Notre logiciel Pragma3D prend en charge l\u2019encodage sur 3 axes et restitue toutes les donn\u00e9es avec une fid\u00e9lit\u00e9 absolue en termes de positionnement r\u00e9el des d\u00e9fauts, quelles que soient les inclinaisons et les d\u00e9calages de la sonde. Cette capacit\u00e9 est cruciale notamment pour l&#8217;industrie nucl\u00e9aire, o\u00f9 la r\u00e9p\u00e9tabilit\u00e9, la tra\u00e7abilit\u00e9 et la pr\u00e9cision absolue sont d&#8217;une importance capitale.<br \/>\n<\/span><\/p>\n<p>[\/vc_column_text][vc_column_text]<\/p>\n<p class=\"p1\"><span style=\"font-size: 16pt; font-family: d-dincondensed;\">Notre logiciel peut m\u00eame prendre en compte le mat\u00e9riau de rev\u00eatement CRA avec diff\u00e9rentes vitesses et valeurs d&#8217;att\u00e9nuation, pour dimensionner avec pr\u00e9cision tous les d\u00e9fauts n\u00e9cessaires \u00e0 une \u00e9valuation technique critique.<\/span><\/p>\n<p>[\/vc_column_text][\/vc_column][\/vc_row][vc_row css_animation=&#8221;&#8221; row_type=&#8221;row&#8221; use_row_as_full_screen_section=&#8221;no&#8221; type=&#8221;grid&#8221; angled_section=&#8221;no&#8221; text_align=&#8221;left&#8221; background_image_as_pattern=&#8221;without_pattern&#8221; background_color=&#8221;#f7f8f9&#8243; padding_bottom=&#8221;95&#8243; z_index=&#8221;&#8221;][vc_column width=&#8221;1\/2&#8243;][vc_single_image image=&#8221;16121&#8243; img_size=&#8221;full&#8221; qode_css_animation=&#8221;&#8221;][\/vc_column][vc_column width=&#8221;1\/2&#8243; css=&#8221;.vc_custom_1629074156960{padding-top: 25px !important;padding-bottom: 25px !important;}&#8221;][vc_column_text]<\/p>\n<h2 class=\"p1\"><span style=\"font-family: d-dincondensed;\"><span style=\"font-size: 24px;\">Tubes de chaudi\u00e8re<\/span><\/span><\/h2>\n<p>[\/vc_column_text][vc_separator type=&#8221;transparent&#8221; thickness=&#8221;3&#8243; up=&#8221;5&#8243; down=&#8221;5&#8243;][vc_column_text]<\/p>\n<p class=\"p1\"><span style=\"font-size: 16pt; font-family: d-dincondensed;\">Historiquement, la radiographie a \u00e9t\u00e9 la norme pour le contr\u00f4le volum\u00e9trique de ces soudures. Cela impliquait \u00e9videmment des risques pour les op\u00e9rateurs effectuant les tests et, dans le cas de tests pendant la phase de maintenance, des dangers pour le personnel de toute l\u2019installation. Les composants plus \u00e9pais posaient \u00e9galement un probl\u00e8me significatif, car la fid\u00e9lit\u00e9 de l&#8217;image se d\u00e9gradait \u00e0 mesure que la distance jusqu&#8217;au film augmentait. Comme aucune technique disponible \u00e0 cette \u00e9poque ne garantissait une tra\u00e7abilit\u00e9 compl\u00e8te et un enregistrement permanent des tests, la radiographie \u00e9tait consid\u00e9r\u00e9e comme la seule possibilit\u00e9, quelles que soient ses limitations.<\/span><\/p>\n<p>[\/vc_column_text][\/vc_column][\/vc_row][vc_row css_animation=&#8221;&#8221; row_type=&#8221;row&#8221; use_row_as_full_screen_section=&#8221;no&#8221; type=&#8221;grid&#8221; angled_section=&#8221;no&#8221; text_align=&#8221;left&#8221; background_image_as_pattern=&#8221;without_pattern&#8221; background_color=&#8221;#f7f8f9&#8243; padding_bottom=&#8221;95&#8243; z_index=&#8221;&#8221; padding_top=&#8221;95&#8243; css=&#8221;.vc_custom_1642957337712{background-color: #f1f3f4 !important;}&#8221;][vc_column width=&#8221;1\/2&#8243; css=&#8221;.vc_custom_1629074156960{padding-top: 25px !important;padding-bottom: 25px !important;}&#8221;][vc_column_text]<\/p>\n<h2 class=\"p1\"><span style=\"font-family: d-dincondensed;\"><span style=\"font-size: 24px;\">Balayage des embouts<\/span><\/span><\/h2>\n<p>[\/vc_column_text][vc_separator type=&#8221;transparent&#8221; thickness=&#8221;3&#8243; up=&#8221;5&#8243; down=&#8221;5&#8243;][vc_column_text]<\/p>\n<p class=\"p1\"><span style=\"font-size: 16pt; font-family: d-dincondensed;\">Historiquement, la radiographie a \u00e9t\u00e9 la norme pour le contr\u00f4le volum\u00e9trique de ces soudures. Cela impliquait \u00e9videmment des risques pour les op\u00e9rateurs effectuant les tests et, dans le cas de tests pendant la phase de maintenance, des dangers pour le personnel de toute l\u2019installation. Les composants plus \u00e9pais posaient \u00e9galement un probl\u00e8me significatif, car la fid\u00e9lit\u00e9 de l&#8217;image se d\u00e9gradait \u00e0 mesure que la distance jusqu&#8217;au film augmentait. Comme aucune technique disponible \u00e0 cette \u00e9poque ne garantissait une tra\u00e7abilit\u00e9 compl\u00e8te et un enregistrement permanent des tests, la radiographie \u00e9tait consid\u00e9r\u00e9e comme la seule possibilit\u00e9, quelles que soient ses limitations.<\/span><\/p>\n<p>[\/vc_column_text][\/vc_column][vc_column width=&#8221;1\/2&#8243; css=&#8221;.vc_custom_1629074152749{padding-top: 25px !important;padding-right: 25px !important;padding-bottom: 25px !important;padding-left: 25px !important;}&#8221;][vc_single_image image=&#8221;15987&#8243; img_size=&#8221;full&#8221; qode_css_animation=&#8221;&#8221;][\/vc_column][\/vc_row]<\/p>\n","protected":false},"excerpt":{"rendered":"<p>[vc_row css_animation=&#8221;&#8221; row_type=&#8221;row&#8221; use_row_as_full_screen_section=&#8221;no&#8221; type=&#8221;grid&#8221; angled_section=&#8221;no&#8221; text_align=&#8221;left&#8221; background_image_as_pattern=&#8221;without_pattern&#8221; background_color=&#8221;#f1f3f4&#8243; padding_top=&#8221;29&#8243; padding_bottom=&#8221;6&#8243; css=&#8221;.vc_custom_1629072987568{padding-top: 30px !important;padding-bottom: 30px !important;background-color: #ffffff !important;background-position: center !important;background-repeat: no-repeat !important;background-size: cover !important;}&#8221; z_index=&#8221;&#8221;][vc_column][vc_column_text] Application\u00a0&gt; R\u00e9servoirs sous pression [\/vc_column_text][\/vc_column][\/vc_row][vc_row css_animation=&#8221;&#8221; row_type=&#8221;row&#8221; use_row_as_full_screen_section=&#8221;no&#8221; type=&#8221;grid&#8221; angled_section=&#8221;no&#8221; text_align=&#8221;left&#8221; background_image_as_pattern=&#8221;without_pattern&#8221; background_color=&#8221;#f1f3f4&#8243; padding_top=&#8221;29&#8243; padding_bottom=&#8221;29&#8243; css=&#8221;.vc_custom_1642980205593{padding-top: 50px !important;padding-bottom: 50px !important;background-image:&#8230;<\/p>\n","protected":false},"author":8,"featured_media":0,"parent":0,"menu_order":0,"comment_status":"open","ping_status":"closed","template":"full_width.php","meta":{"inline_featured_image":false,"footnotes":""},"class_list":["post-17249","page","type-page","status-publish","hentry"],"yoast_head":"<!-- This site is optimized with the Yoast SEO plugin v21.9 - https:\/\/yoast.com\/wordpress\/plugins\/seo\/ -->\n<title>Application - R\u00e9servoirs sous pression - Pragma - NDT<\/title>\n<meta name=\"robots\" content=\"index, follow, max-snippet:-1, max-image-preview:large, max-video-preview:-1\" \/>\n<link rel=\"canonical\" href=\"https:\/\/pragmandt.com\/fr\/pressure-vessels\/\" \/>\n<meta property=\"og:locale\" content=\"fr_FR\" \/>\n<meta property=\"og:type\" content=\"article\" \/>\n<meta property=\"og:title\" content=\"Application - R\u00e9servoirs sous pression - Pragma - NDT\" \/>\n<meta property=\"og:description\" content=\"[vc_row css_animation=&#8221;&#8221; row_type=&#8221;row&#8221; use_row_as_full_screen_section=&#8221;no&#8221; type=&#8221;grid&#8221; angled_section=&#8221;no&#8221; text_align=&#8221;left&#8221; background_image_as_pattern=&#8221;without_pattern&#8221; background_color=&#8221;#f1f3f4&#8243; padding_top=&#8221;29&#8243; padding_bottom=&#8221;6&#8243; css=&#8221;.vc_custom_1629072987568{padding-top: 30px !important;padding-bottom: 30px !important;background-color: #ffffff !important;background-position: center !important;background-repeat: no-repeat !important;background-size: cover !important;}&#8221; z_index=&#8221;&#8221;][vc_column][vc_column_text] Application\u00a0&gt; R\u00e9servoirs sous pression [\/vc_column_text][\/vc_column][\/vc_row][vc_row css_animation=&#8221;&#8221; row_type=&#8221;row&#8221; use_row_as_full_screen_section=&#8221;no&#8221; type=&#8221;grid&#8221; angled_section=&#8221;no&#8221; text_align=&#8221;left&#8221; background_image_as_pattern=&#8221;without_pattern&#8221; background_color=&#8221;#f1f3f4&#8243; padding_top=&#8221;29&#8243; padding_bottom=&#8221;29&#8243; css=&#8221;.vc_custom_1642980205593{padding-top: 50px !important;padding-bottom: 50px !important;background-image:...\" \/>\n<meta property=\"og:url\" content=\"https:\/\/pragmandt.com\/fr\/pressure-vessels\/\" \/>\n<meta property=\"og:site_name\" content=\"Pragma - NDT\" \/>\n<meta property=\"article:modified_time\" content=\"2024-01-29T16:13:44+00:00\" \/>\n<meta name=\"twitter:card\" content=\"summary_large_image\" \/>\n<meta name=\"twitter:label1\" content=\"Est. reading time\" \/>\n\t<meta name=\"twitter:data1\" content=\"3 minutes\" \/>\n<script type=\"application\/ld+json\" class=\"yoast-schema-graph\">{\"@context\":\"https:\/\/schema.org\",\"@graph\":[{\"@type\":\"WebPage\",\"@id\":\"https:\/\/pragmandt.com\/fr\/pressure-vessels\/\",\"url\":\"https:\/\/pragmandt.com\/fr\/pressure-vessels\/\",\"name\":\"Application - R\u00e9servoirs sous pression - Pragma - NDT\",\"isPartOf\":{\"@id\":\"https:\/\/pragmandt.com\/#website\"},\"datePublished\":\"2021-10-20T16:03:38+00:00\",\"dateModified\":\"2024-01-29T16:13:44+00:00\",\"breadcrumb\":{\"@id\":\"https:\/\/pragmandt.com\/fr\/pressure-vessels\/#breadcrumb\"},\"inLanguage\":\"fr-FR\",\"potentialAction\":[{\"@type\":\"ReadAction\",\"target\":[\"https:\/\/pragmandt.com\/fr\/pressure-vessels\/\"]}]},{\"@type\":\"BreadcrumbList\",\"@id\":\"https:\/\/pragmandt.com\/fr\/pressure-vessels\/#breadcrumb\",\"itemListElement\":[{\"@type\":\"ListItem\",\"position\":1,\"name\":\"Home\",\"item\":\"https:\/\/pragmandt.com\/fr\/\"},{\"@type\":\"ListItem\",\"position\":2,\"name\":\"Application &#8211; R\u00e9servoirs sous pression\"}]},{\"@type\":\"WebSite\",\"@id\":\"https:\/\/pragmandt.com\/#website\",\"url\":\"https:\/\/pragmandt.com\/\",\"name\":\"Pragma - NDT\",\"description\":\"Instrumental to your success\",\"potentialAction\":[{\"@type\":\"SearchAction\",\"target\":{\"@type\":\"EntryPoint\",\"urlTemplate\":\"https:\/\/pragmandt.com\/?s={search_term_string}\"},\"query-input\":\"required name=search_term_string\"}],\"inLanguage\":\"fr-FR\"}]}<\/script>\n<!-- \/ Yoast SEO plugin. -->","yoast_head_json":{"title":"Application - R\u00e9servoirs sous pression - Pragma - NDT","robots":{"index":"index","follow":"follow","max-snippet":"max-snippet:-1","max-image-preview":"max-image-preview:large","max-video-preview":"max-video-preview:-1"},"canonical":"https:\/\/pragmandt.com\/fr\/pressure-vessels\/","og_locale":"fr_FR","og_type":"article","og_title":"Application - R\u00e9servoirs sous pression - Pragma - NDT","og_description":"[vc_row css_animation=&#8221;&#8221; row_type=&#8221;row&#8221; use_row_as_full_screen_section=&#8221;no&#8221; type=&#8221;grid&#8221; angled_section=&#8221;no&#8221; text_align=&#8221;left&#8221; background_image_as_pattern=&#8221;without_pattern&#8221; background_color=&#8221;#f1f3f4&#8243; padding_top=&#8221;29&#8243; padding_bottom=&#8221;6&#8243; css=&#8221;.vc_custom_1629072987568{padding-top: 30px !important;padding-bottom: 30px !important;background-color: #ffffff !important;background-position: center !important;background-repeat: no-repeat !important;background-size: cover !important;}&#8221; z_index=&#8221;&#8221;][vc_column][vc_column_text] Application\u00a0&gt; R\u00e9servoirs sous pression [\/vc_column_text][\/vc_column][\/vc_row][vc_row css_animation=&#8221;&#8221; row_type=&#8221;row&#8221; use_row_as_full_screen_section=&#8221;no&#8221; type=&#8221;grid&#8221; angled_section=&#8221;no&#8221; text_align=&#8221;left&#8221; background_image_as_pattern=&#8221;without_pattern&#8221; background_color=&#8221;#f1f3f4&#8243; padding_top=&#8221;29&#8243; padding_bottom=&#8221;29&#8243; css=&#8221;.vc_custom_1642980205593{padding-top: 50px !important;padding-bottom: 50px !important;background-image:...","og_url":"https:\/\/pragmandt.com\/fr\/pressure-vessels\/","og_site_name":"Pragma - NDT","article_modified_time":"2024-01-29T16:13:44+00:00","twitter_card":"summary_large_image","twitter_misc":{"Est. reading time":"3 minutes"},"schema":{"@context":"https:\/\/schema.org","@graph":[{"@type":"WebPage","@id":"https:\/\/pragmandt.com\/fr\/pressure-vessels\/","url":"https:\/\/pragmandt.com\/fr\/pressure-vessels\/","name":"Application - R\u00e9servoirs sous pression - Pragma - NDT","isPartOf":{"@id":"https:\/\/pragmandt.com\/#website"},"datePublished":"2021-10-20T16:03:38+00:00","dateModified":"2024-01-29T16:13:44+00:00","breadcrumb":{"@id":"https:\/\/pragmandt.com\/fr\/pressure-vessels\/#breadcrumb"},"inLanguage":"fr-FR","potentialAction":[{"@type":"ReadAction","target":["https:\/\/pragmandt.com\/fr\/pressure-vessels\/"]}]},{"@type":"BreadcrumbList","@id":"https:\/\/pragmandt.com\/fr\/pressure-vessels\/#breadcrumb","itemListElement":[{"@type":"ListItem","position":1,"name":"Home","item":"https:\/\/pragmandt.com\/fr\/"},{"@type":"ListItem","position":2,"name":"Application &#8211; R\u00e9servoirs sous pression"}]},{"@type":"WebSite","@id":"https:\/\/pragmandt.com\/#website","url":"https:\/\/pragmandt.com\/","name":"Pragma - NDT","description":"Instrumental to your success","potentialAction":[{"@type":"SearchAction","target":{"@type":"EntryPoint","urlTemplate":"https:\/\/pragmandt.com\/?s={search_term_string}"},"query-input":"required name=search_term_string"}],"inLanguage":"fr-FR"}]}},"_links":{"self":[{"href":"https:\/\/pragmandt.com\/fr\/wp-json\/wp\/v2\/pages\/17249","targetHints":{"allow":["GET"]}}],"collection":[{"href":"https:\/\/pragmandt.com\/fr\/wp-json\/wp\/v2\/pages"}],"about":[{"href":"https:\/\/pragmandt.com\/fr\/wp-json\/wp\/v2\/types\/page"}],"author":[{"embeddable":true,"href":"https:\/\/pragmandt.com\/fr\/wp-json\/wp\/v2\/users\/8"}],"replies":[{"embeddable":true,"href":"https:\/\/pragmandt.com\/fr\/wp-json\/wp\/v2\/comments?post=17249"}],"version-history":[{"count":3,"href":"https:\/\/pragmandt.com\/fr\/wp-json\/wp\/v2\/pages\/17249\/revisions"}],"predecessor-version":[{"id":17251,"href":"https:\/\/pragmandt.com\/fr\/wp-json\/wp\/v2\/pages\/17249\/revisions\/17251"}],"wp:attachment":[{"href":"https:\/\/pragmandt.com\/fr\/wp-json\/wp\/v2\/media?parent=17249"}],"curies":[{"name":"wp","href":"https:\/\/api.w.org\/{rel}","templated":true}]}}