{"id":17282,"date":"2021-09-08T23:49:59","date_gmt":"2021-09-08T23:49:59","guid":{"rendered":"https:\/\/pragmandt.com\/product-paut-16-128\/"},"modified":"2025-03-04T19:35:25","modified_gmt":"2025-03-04T19:35:25","slug":"product-paut-16-128","status":"publish","type":"page","link":"https:\/\/pragmandt.com\/fr\/product-paut-16-128\/","title":{"rendered":"Produit &#8211; PAUT 16\/128"},"content":{"rendered":"<p>[vc_row css_animation=&#8221;&#8221; row_type=&#8221;row&#8221; use_row_as_full_screen_section=&#8221;no&#8221; type=&#8221;grid&#8221; angled_section=&#8221;no&#8221; text_align=&#8221;left&#8221; background_image_as_pattern=&#8221;without_pattern&#8221; background_color=&#8221;#f1f3f4&#8243; padding_top=&#8221;29&#8243; padding_bottom=&#8221;6&#8243; css=&#8221;.vc_custom_1629072987568{padding-top: 30px !important;padding-bottom: 30px !important;background-color: #ffffff !important;background-position: center !important;background-repeat: no-repeat !important;background-size: cover !important;}&#8221; z_index=&#8221;&#8221;][vc_column][vc_column_text]<\/p>\n<p style=\"text-align: left;\"><span style=\"font-size: 16pt; font-family: d-dincondensed;\"><span style=\"color: #000000;\"><a style=\"color: #000000;\" href=\"#\">Produits<\/a><\/span> &gt; <span style=\"color: #000000;\"><a style=\"color: #000000;\" href=\"#\">Instruments<\/a><\/span> &gt; <a href=\"#\"><span style=\"color: #d74532;\">PAUT 16\/128<\/span><\/a><\/span><\/p>\n<p>[\/vc_column_text][\/vc_column][\/vc_row][vc_row css_animation=&#8221;&#8221; row_type=&#8221;row&#8221; use_row_as_full_screen_section=&#8221;no&#8221; type=&#8221;grid&#8221; angled_section=&#8221;no&#8221; text_align=&#8221;left&#8221; background_image_as_pattern=&#8221;without_pattern&#8221; background_color=&#8221;#f1f3f4&#8243; padding_top=&#8221;29&#8243; padding_bottom=&#8221;29&#8243; css=&#8221;.vc_custom_1642960070611{padding-top: 50px !important;padding-bottom: 50px !important;background-image: url(http:\/\/pragmandt.com\/wp-content\/uploads\/2022\/01\/banner-p16.bw_.png?id=16852) !important;background-position: center !important;background-repeat: no-repeat !important;background-size: cover !important;}&#8221; z_index=&#8221;&#8221;][vc_column width=&#8221;1\/2&#8243; css=&#8221;.vc_custom_1642960501263{padding-left: 75px !important;}&#8221;][vc_single_image image=&#8221;17554&#8243; img_size=&#8221;full&#8221; qode_css_animation=&#8221;&#8221;][\/vc_column][vc_column width=&#8221;1\/2&#8243; css=&#8221;.vc_custom_1629073089746{padding-top: 40px !important;}&#8221;][vc_single_image image=&#8221;15543&#8243; img_size=&#8221;full&#8221; qode_css_animation=&#8221;&#8221; css=&#8221;.vc_custom_1629992358596{padding-bottom: 5px !important;padding-left: 2px !important;}&#8221;][vc_column_text]<\/p>\n<h1><span style=\"color: #ffffff; font-family: d-dincondensed-bold;\"><span style=\"font-size: 65px;\">PAUT 16\/128<\/span><\/span><\/h1>\n<p>[\/vc_column_text][vc_separator type=&#8221;transparent&#8221; thickness=&#8221;3&#8243; up=&#8221;15&#8243; down=&#8221;25&#8243;][vc_column_text]<\/p>\n<h6><span style=\"color: #ffffff; font-size: 24pt; font-family: d-dincondensed;\">Cartouche d&#8217;instrument Phased Array pour CND avanc\u00e9<\/span><\/h6>\n<p>[\/vc_column_text][vc_separator type=&#8221;transparent&#8221; thickness=&#8221;3&#8243; up=&#8221;15&#8243; down=&#8221;15&#8243;][vc_column_text]<\/p>\n<h6><span style=\"color: #ffffff; font-size: 18pt; font-family: d-dincondensed;\">Ultrasons (UT), ultrasons multi-\u00e9l\u00e9ments (PAUT) et TOFD<\/span><\/h6>\n<p>[\/vc_column_text][\/vc_column][\/vc_row][vc_row css_animation=&#8221;&#8221; row_type=&#8221;row&#8221; use_row_as_full_screen_section=&#8221;no&#8221; type=&#8221;grid&#8221; angled_section=&#8221;no&#8221; text_align=&#8221;left&#8221; background_image_as_pattern=&#8221;without_pattern&#8221; background_color=&#8221;#f7f8f9&#8243; padding_top=&#8221;95&#8243; padding_bottom=&#8221;71&#8243;][vc_column width=&#8221;1\/2&#8243; css=&#8221;.vc_custom_1642506665545{padding-top: 30% !important;padding-right: 25px !important;padding-bottom: 25px !important;padding-left: 25px !important;}&#8221;][vc_column_text el_class=&#8221;border-red-product-desktop&#8221; css=&#8221;.vc_custom_1706030737497{padding-right: 30px !important;padding-left: 20px !important;}&#8221;]<\/p>\n<p class=\"p1\"><span style=\"font-size: 16pt; font-family: d-dincondensed;\">La cartouche PAUT 16\/128 est polyvalente pour d\u00e9marrer en ultrasons multi\u00e9l\u00e9ments (Phased Array UT). Elle dispose d&#8217;un nombre suffisant de canaux actifs, de lois de focalisation, d&#8217;encodeurs et de vitesse n\u00e9cessaires pour aborder les inspections portables courantes, et certaines inspections automatis\u00e9es.<\/span><\/p>\n<p>&nbsp;<\/p>\n<p class=\"p1\"><span style=\"font-size: 16pt; font-family: d-dincondensed;\"><br \/>\nLa cartouche peut \u00eatre connect\u00e9e \u00e0 la plateforme portable PragmaFlex ou \u00e0 la plateforme \u00e0 distance PragmaPod. Cela offre une flexibilit\u00e9 maximale lors du d\u00e9veloppement d&#8217;applications, fournissant une compatibilit\u00e9 vers la cartouche PAUT 32\/128, ou pour atteindre l&#8217;automatisation.<\/span><\/p>\n<p>[\/vc_column_text][vc_separator type=&#8221;transparent&#8221; thickness=&#8221;3&#8243; up=&#8221;15&#8243; down=&#8221;15&#8243;][\/vc_column][vc_column width=&#8221;1\/2&#8243; css=&#8221;.vc_custom_1629074156960{padding-top: 25px !important;padding-bottom: 25px !important;}&#8221;]<div class='q_list circle'><\/p>\n<ul style=\"font-family: d-dincondensed;\">\n<li><span style=\"font-size: 16pt;\"><span style=\"font-size: 16pt;\"><strong>Modulaire<\/strong><br \/>\n<\/span><\/span><\/p>\n<p class=\"p1\">Peut \u00eatre connect\u00e9e \u00e0 la plateforme portable PragmaFlex ou \u00e0 la plateforme \u00e0 distance PragmaPod.<\/p>\n<\/li>\n<li><span style=\"font-size: 16pt;\"><span style=\"font-size: 16pt;\"><strong>16 canaux + 4 mono<\/strong><br \/>\n<\/span><\/span><\/p>\n<p class=\"p1\">Flexibilit\u00e9 maximale avec de larges ouvertures actives pour diverses applications UT, PAUT et TOFD.<\/p>\n<\/li>\n<li><span style=\"font-size: 16pt;\"><span style=\"font-size: 16pt;\"><strong>128 \u00e9l\u00e9ments<\/strong><br \/>\n<\/span><\/span><\/p>\n<p class=\"p1\">Flexibilit\u00e9 et vitesse maximales en PAUT avec un multiplexage sur 128 \u00e9l\u00e9ments.<\/p>\n<\/li>\n<li><span style=\"font-size: 16pt;\"><span style=\"font-size: 16pt;\"><strong>Impulsions \u00e0 200V<\/strong><br \/>\n<\/span><\/span><\/p>\n<p class=\"p1\">Impulsions bipolaires nettes et r\u00e9actives pour injecter autant d&#8217;\u00e9nergie acoustique dans le mat\u00e9riau, pour une sensibilit\u00e9 optimale.<\/p>\n<\/li>\n<li><span style=\"font-size: 16pt;\"><span style=\"font-size: 16pt;\"><strong>De 125 MHz \u00e0 1 GHz<\/strong><br \/>\n<\/span><\/span><\/p>\n<p class=\"p1\">\u00c9chantillonnage de qualit\u00e9 sup\u00e9rieure pour la d\u00e9finition de signal la plus \u00e9lev\u00e9e dans des applications difficiles. De 125 MHz pour la PAUT \u00e0 1 GHz pour le mono. Toujours en A-scans 16 bits.<\/p>\n<\/li>\n<li><span style=\"font-size: 16pt;\"><span style=\"font-size: 16pt;\"><strong>Plus de 2000 lois de focalisation<\/strong><br \/>\n<\/span><\/span><\/p>\n<p class=\"p1\">Le beamformer Maestro\u00ae est capable de g\u00e9n\u00e9rer tous les faisceaux n\u00e9cessaires, jusqu&#8217;\u00e0 16 groupes.<\/p>\n<\/li>\n<li><span style=\"font-size: 16pt;\"><span style=\"font-size: 16pt;\"><strong>Signal superbe<\/strong><br \/>\n<\/span><\/span><\/p>\n<p class=\"p1\">Large plage dynamique avec jusqu&#8217;\u00e0 92 dB de gain variable (TCG) et des filtres num\u00e9riques programmables, pour le meilleur rapport signal\/bruit disponible.<\/p>\n<\/li>\n<li><span style=\"font-size: 16pt;\"><span style=\"font-size: 16pt;\"><strong>Pr\u00eat pour le 3D, avec jusqu&#8217;\u00e0 12 axes<\/strong><br \/>\n<\/span><\/span><\/p>\n<p class=\"p1\">Prise en charge directe des dispositifs de suivi de position, depuis l&#8217;encodeur quadrature \u00e0 un axe jusqu&#8217;aux trackers laser 6DOF complets.<\/p>\n<\/li>\n<\/ul>\n<p><\/div>[\/vc_column][\/vc_row][vc_row css_animation=&#8221;&#8221; row_type=&#8221;row&#8221; use_row_as_full_screen_section=&#8221;no&#8221; type=&#8221;grid&#8221; angled_section=&#8221;no&#8221; text_align=&#8221;left&#8221; background_image_as_pattern=&#8221;without_pattern&#8221; background_color=&#8221;#f7f8f9&#8243; padding_top=&#8221;95&#8243; padding_bottom=&#8221;71&#8243; css=&#8221;.vc_custom_1642960298745{background-color: #ffffff !important;}&#8221; z_index=&#8221;&#8221;][vc_column css=&#8221;.vc_custom_1629074156960{padding-top: 25px !important;padding-bottom: 25px !important;}&#8221;][vc_column_text]<\/p>\n<h2 style=\"text-align: center;\"><img loading=\"lazy\" decoding=\"async\" class=\"alignnone size-full wp-image-15543\" src=\"http:\/\/pragmandt.com\/wp-content\/uploads\/2021\/08\/separateur-triangle-big.png\" alt=\"\" width=\"23\" height=\"23\" \/> Faits saillants<\/h2>\n<p>[\/vc_column_text][\/vc_column][\/vc_row][vc_row css_animation=&#8221;&#8221; row_type=&#8221;row&#8221; use_row_as_full_screen_section=&#8221;no&#8221; type=&#8221;grid&#8221; angled_section=&#8221;no&#8221; text_align=&#8221;left&#8221; background_image_as_pattern=&#8221;without_pattern&#8221; background_color=&#8221;#f7f8f9&#8243; padding_top=&#8221;95&#8243; padding_bottom=&#8221;71&#8243; css=&#8221;.vc_custom_1630008349914{background-color: #ffffff !important;}&#8221; z_index=&#8221;&#8221;][vc_column width=&#8221;1\/2&#8243; css=&#8221;.vc_custom_1629074156960{padding-top: 25px !important;padding-bottom: 25px !important;}&#8221;][qode_content_slider auto_rotate=&#8221;5&#8243; direction_nav=&#8221;yes&#8221; control_nav=&#8221;yes&#8221; control_nav_justify=&#8221;no&#8221; pause_on_hover=&#8221;yes&#8221;][qode_content_slider_item][vc_single_image image=&#8221;16677&#8243; img_size=&#8221;full&#8221; alignment=&#8221;center&#8221; qode_css_animation=&#8221;&#8221; css=&#8221;.vc_custom_1642710085366{padding-top: 10px !important;padding-right: 10px !important;padding-bottom: 10px !important;padding-left: 10px !important;}&#8221;][\/qode_content_slider_item][\/qode_content_slider][\/vc_column][vc_column width=&#8221;1\/2&#8243; css=&#8221;.vc_custom_1629074152749{padding-top: 25px !important;padding-right: 25px !important;padding-bottom: 25px !important;padding-left: 25px !important;}&#8221;][vc_column_text el_class=&#8221;border-red-product-desktop&#8221; css=&#8221;.vc_custom_1706031230657{padding-left: 20px !important;}&#8221;]<\/p>\n<p class=\"p1\"><span style=\"font-size: 16pt; font-family: d-dincondensed;\">La cartouche est \u00e9quip\u00e9e d&#8217;un connecteur I-PEX avec un brochage standard, offrant une compatibilit\u00e9 de sonde PAUT avec d&#8217;autres marques. <\/span><\/p>\n<p>&nbsp;<\/p>\n<p class=\"p1\"><span style=\"font-size: 16pt; font-family: d-dincondensed;\">Notre pulser carr\u00e9 bipolaire de pointe est r\u00e9glable jusqu&#8217;\u00e0 200 volts. Cette puissance suppl\u00e9mentaire envoie plus d&#8217;\u00e9nergie ultrasonore dans le mat\u00e9riau, pour am\u00e9liorer la sensibilit\u00e9 ou p\u00e9n\u00e9trer plus en profondeur.<br \/>\n<\/span><\/p>\n<p>[\/vc_column_text][vc_separator type=&#8221;transparent&#8221; thickness=&#8221;3&#8243; up=&#8221;15&#8243; down=&#8221;15&#8243;][\/vc_column][\/vc_row][vc_row css_animation=&#8221;&#8221; row_type=&#8221;row&#8221; use_row_as_full_screen_section=&#8221;no&#8221; type=&#8221;grid&#8221; angled_section=&#8221;no&#8221; text_align=&#8221;left&#8221; background_image_as_pattern=&#8221;without_pattern&#8221; background_color=&#8221;#f7f8f9&#8243; padding_top=&#8221;95&#8243; padding_bottom=&#8221;71&#8243; z_index=&#8221;&#8221;][vc_column width=&#8221;1\/2&#8243; css=&#8221;.vc_custom_1629074152749{padding-top: 25px !important;padding-right: 25px !important;padding-bottom: 25px !important;padding-left: 25px !important;}&#8221;][vc_column_text css=&#8221;.vc_custom_1706031287598{border-right-width: 2px !important;padding-right: 20px !important;border-right-color: #dd3333 !important;border-right-style: solid !important;}&#8221;]<\/p>\n<p class=\"p1\" style=\"text-align: right;\"><span style=\"font-size: 16pt; font-family: d-dincondensed;\">Les 4 canaux mono ind\u00e9pendants peuvent \u00e9chantillonner jusqu&#8217;\u00e0 1 GHz, ce qui permet l&#8217;utilisation de transducteurs haute fr\u00e9quence et de nouvelles applications.<\/span><\/p>\n<p class=\"p1\" style=\"text-align: right;\"><span style=\"font-size: 16pt; font-family: d-dincondensed;\"><br \/>\nLe beamformer peut ex\u00e9cuter jusqu&#8217;\u00e0 2048 faisceaux (lois de focalisation) \u00e0 une fr\u00e9quence pouvant atteindre 30 kHz, permettant une imagerie super haute r\u00e9solution et\/ou une couverture de volume \u00e9tendue. Il constitue \u00e9galement une base solide pour des capacit\u00e9s de formation de faisceau plus avanc\u00e9es telles que FMC, TFM et Excitelet\u2122 (options).<br \/>\n<\/span><\/p>\n<p>[\/vc_column_text][vc_separator type=&#8221;transparent&#8221; thickness=&#8221;3&#8243; up=&#8221;15&#8243; down=&#8221;15&#8243;][\/vc_column][vc_column width=&#8221;1\/2&#8243; css=&#8221;.vc_custom_1629074156960{padding-top: 25px !important;padding-bottom: 25px !important;}&#8221;][qode_content_slider auto_rotate=&#8221;5&#8243;][qode_content_slider_item][vc_single_image image=&#8221;16515&#8243; img_size=&#8221;full&#8221; alignment=&#8221;center&#8221; qode_css_animation=&#8221;&#8221;][\/qode_content_slider_item][\/qode_content_slider][\/vc_column][\/vc_row][vc_row css_animation=&#8221;&#8221; row_type=&#8221;row&#8221; use_row_as_full_screen_section=&#8221;no&#8221; type=&#8221;grid&#8221; angled_section=&#8221;no&#8221; text_align=&#8221;left&#8221; background_image_as_pattern=&#8221;without_pattern&#8221; css=&#8221;.vc_custom_1629074907549{padding-top: 60px !important;padding-bottom: 60px !important;background-color: #0a0a0a !important;}&#8221; z_index=&#8221;&#8221;][vc_column width=&#8221;3\/4&#8243; css=&#8221;.vc_custom_1629074789712{padding-right: 30px !important;}&#8221;][vc_column_text]<\/p>\n<div class=\"wpb_text_column wpb_content_element \">\n<div class=\"wpb_wrapper\">\n<h2><span style=\"color: #ffffff; font-family: d-dincondensed;\">Sp\u00e9cifications techniques<\/span><\/h2>\n<\/div>\n<\/div>\n<p>[\/vc_column_text][vc_separator type=&#8221;transparent&#8221; up=&#8221;15&#8243; down=&#8221;0&#8243;][vc_column_text]<\/p>\n<div class=\"wpb_text_column wpb_content_element \">\n<div class=\"wpb_wrapper\">\n<p><span style=\"color: #ffffff; font-size: 15pt; font-family: d-dincondensed;\">Pour plus d&#8217;informations, veuillez t\u00e9l\u00e9charger notre brochure (disponible en anglais seulement).<\/span><\/p>\n<\/div>\n<\/div>\n<p>[\/vc_column_text][\/vc_column][vc_column width=&#8221;1\/4&#8243;]<a  itemprop=\"url\" href=\"\/wp-content\/uploads\/2022\/01\/Pragma-DataSheet-PragmaPAUT16-128-V8.1.pdf\" target=\"_blank\"  class=\"qbutton  center default\" style=\"margin: 17px 0 0 0; \">T\u00c9L\u00c9CHARGEZ LA BROCHURE<\/a>[\/vc_column][\/vc_row]<\/p>\n","protected":false},"excerpt":{"rendered":"<p>[vc_row css_animation=&#8221;&#8221; row_type=&#8221;row&#8221; use_row_as_full_screen_section=&#8221;no&#8221; type=&#8221;grid&#8221; angled_section=&#8221;no&#8221; text_align=&#8221;left&#8221; background_image_as_pattern=&#8221;without_pattern&#8221; background_color=&#8221;#f1f3f4&#8243; padding_top=&#8221;29&#8243; padding_bottom=&#8221;6&#8243; css=&#8221;.vc_custom_1629072987568{padding-top: 30px !important;padding-bottom: 30px !important;background-color: #ffffff !important;background-position: center !important;background-repeat: no-repeat !important;background-size: cover !important;}&#8221; z_index=&#8221;&#8221;][vc_column][vc_column_text] Produits &gt; Instruments &gt; PAUT 16\/128 [\/vc_column_text][\/vc_column][\/vc_row][vc_row css_animation=&#8221;&#8221; row_type=&#8221;row&#8221; use_row_as_full_screen_section=&#8221;no&#8221; type=&#8221;grid&#8221; angled_section=&#8221;no&#8221; text_align=&#8221;left&#8221; background_image_as_pattern=&#8221;without_pattern&#8221; background_color=&#8221;#f1f3f4&#8243; padding_top=&#8221;29&#8243; padding_bottom=&#8221;29&#8243; css=&#8221;.vc_custom_1642960070611{padding-top: 50px !important;padding-bottom:&#8230;<\/p>\n","protected":false},"author":2,"featured_media":0,"parent":0,"menu_order":0,"comment_status":"open","ping_status":"closed","template":"full_width.php","meta":{"inline_featured_image":false,"footnotes":""},"class_list":["post-17282","page","type-page","status-publish","hentry"],"yoast_head":"<!-- This site is optimized with the Yoast SEO plugin v21.9 - https:\/\/yoast.com\/wordpress\/plugins\/seo\/ -->\n<title>Produit - PAUT 16\/128 - Pragma - NDT<\/title>\n<meta name=\"robots\" content=\"index, follow, max-snippet:-1, max-image-preview:large, max-video-preview:-1\" \/>\n<link rel=\"canonical\" href=\"https:\/\/pragmandt.com\/fr\/product-paut-16-128\/\" \/>\n<meta property=\"og:locale\" content=\"fr_FR\" \/>\n<meta property=\"og:type\" content=\"article\" \/>\n<meta property=\"og:title\" content=\"Produit - PAUT 16\/128 - Pragma - NDT\" \/>\n<meta property=\"og:description\" content=\"[vc_row css_animation=&#8221;&#8221; row_type=&#8221;row&#8221; use_row_as_full_screen_section=&#8221;no&#8221; type=&#8221;grid&#8221; angled_section=&#8221;no&#8221; text_align=&#8221;left&#8221; background_image_as_pattern=&#8221;without_pattern&#8221; background_color=&#8221;#f1f3f4&#8243; padding_top=&#8221;29&#8243; padding_bottom=&#8221;6&#8243; css=&#8221;.vc_custom_1629072987568{padding-top: 30px !important;padding-bottom: 30px !important;background-color: #ffffff !important;background-position: center !important;background-repeat: no-repeat !important;background-size: cover !important;}&#8221; z_index=&#8221;&#8221;][vc_column][vc_column_text] Produits &gt; Instruments &gt; PAUT 16\/128 [\/vc_column_text][\/vc_column][\/vc_row][vc_row css_animation=&#8221;&#8221; row_type=&#8221;row&#8221; use_row_as_full_screen_section=&#8221;no&#8221; type=&#8221;grid&#8221; angled_section=&#8221;no&#8221; text_align=&#8221;left&#8221; background_image_as_pattern=&#8221;without_pattern&#8221; background_color=&#8221;#f1f3f4&#8243; padding_top=&#8221;29&#8243; padding_bottom=&#8221;29&#8243; css=&#8221;.vc_custom_1642960070611{padding-top: 50px !important;padding-bottom:...\" \/>\n<meta property=\"og:url\" content=\"https:\/\/pragmandt.com\/fr\/product-paut-16-128\/\" \/>\n<meta property=\"og:site_name\" content=\"Pragma - NDT\" \/>\n<meta property=\"article:modified_time\" content=\"2025-03-04T19:35:25+00:00\" \/>\n<meta property=\"og:image\" content=\"http:\/\/pragmandt.com\/wp-content\/uploads\/2021\/08\/separateur-triangle-big.png\" \/>\n<meta name=\"twitter:card\" content=\"summary_large_image\" \/>\n<meta name=\"twitter:label1\" content=\"Est. reading time\" \/>\n\t<meta name=\"twitter:data1\" content=\"4 minutes\" \/>\n<script type=\"application\/ld+json\" class=\"yoast-schema-graph\">{\"@context\":\"https:\/\/schema.org\",\"@graph\":[{\"@type\":\"WebPage\",\"@id\":\"https:\/\/pragmandt.com\/fr\/product-paut-16-128\/\",\"url\":\"https:\/\/pragmandt.com\/fr\/product-paut-16-128\/\",\"name\":\"Produit - PAUT 16\/128 - Pragma - NDT\",\"isPartOf\":{\"@id\":\"https:\/\/pragmandt.com\/#website\"},\"datePublished\":\"2021-09-08T23:49:59+00:00\",\"dateModified\":\"2025-03-04T19:35:25+00:00\",\"breadcrumb\":{\"@id\":\"https:\/\/pragmandt.com\/fr\/product-paut-16-128\/#breadcrumb\"},\"inLanguage\":\"fr-FR\",\"potentialAction\":[{\"@type\":\"ReadAction\",\"target\":[\"https:\/\/pragmandt.com\/fr\/product-paut-16-128\/\"]}]},{\"@type\":\"BreadcrumbList\",\"@id\":\"https:\/\/pragmandt.com\/fr\/product-paut-16-128\/#breadcrumb\",\"itemListElement\":[{\"@type\":\"ListItem\",\"position\":1,\"name\":\"Home\",\"item\":\"https:\/\/pragmandt.com\/fr\/\"},{\"@type\":\"ListItem\",\"position\":2,\"name\":\"Produit &#8211; PAUT 16\/128\"}]},{\"@type\":\"WebSite\",\"@id\":\"https:\/\/pragmandt.com\/#website\",\"url\":\"https:\/\/pragmandt.com\/\",\"name\":\"Pragma - NDT\",\"description\":\"Instrumental to your success\",\"potentialAction\":[{\"@type\":\"SearchAction\",\"target\":{\"@type\":\"EntryPoint\",\"urlTemplate\":\"https:\/\/pragmandt.com\/?s={search_term_string}\"},\"query-input\":\"required name=search_term_string\"}],\"inLanguage\":\"fr-FR\"}]}<\/script>\n<!-- \/ Yoast SEO plugin. -->","yoast_head_json":{"title":"Produit - PAUT 16\/128 - Pragma - NDT","robots":{"index":"index","follow":"follow","max-snippet":"max-snippet:-1","max-image-preview":"max-image-preview:large","max-video-preview":"max-video-preview:-1"},"canonical":"https:\/\/pragmandt.com\/fr\/product-paut-16-128\/","og_locale":"fr_FR","og_type":"article","og_title":"Produit - PAUT 16\/128 - Pragma - NDT","og_description":"[vc_row css_animation=&#8221;&#8221; row_type=&#8221;row&#8221; use_row_as_full_screen_section=&#8221;no&#8221; type=&#8221;grid&#8221; angled_section=&#8221;no&#8221; text_align=&#8221;left&#8221; background_image_as_pattern=&#8221;without_pattern&#8221; background_color=&#8221;#f1f3f4&#8243; padding_top=&#8221;29&#8243; padding_bottom=&#8221;6&#8243; css=&#8221;.vc_custom_1629072987568{padding-top: 30px !important;padding-bottom: 30px !important;background-color: #ffffff !important;background-position: center !important;background-repeat: no-repeat !important;background-size: cover !important;}&#8221; z_index=&#8221;&#8221;][vc_column][vc_column_text] Produits &gt; Instruments &gt; PAUT 16\/128 [\/vc_column_text][\/vc_column][\/vc_row][vc_row css_animation=&#8221;&#8221; row_type=&#8221;row&#8221; use_row_as_full_screen_section=&#8221;no&#8221; type=&#8221;grid&#8221; angled_section=&#8221;no&#8221; text_align=&#8221;left&#8221; background_image_as_pattern=&#8221;without_pattern&#8221; background_color=&#8221;#f1f3f4&#8243; padding_top=&#8221;29&#8243; padding_bottom=&#8221;29&#8243; css=&#8221;.vc_custom_1642960070611{padding-top: 50px !important;padding-bottom:...","og_url":"https:\/\/pragmandt.com\/fr\/product-paut-16-128\/","og_site_name":"Pragma - NDT","article_modified_time":"2025-03-04T19:35:25+00:00","og_image":[{"url":"http:\/\/pragmandt.com\/wp-content\/uploads\/2021\/08\/separateur-triangle-big.png"}],"twitter_card":"summary_large_image","twitter_misc":{"Est. reading time":"4 minutes"},"schema":{"@context":"https:\/\/schema.org","@graph":[{"@type":"WebPage","@id":"https:\/\/pragmandt.com\/fr\/product-paut-16-128\/","url":"https:\/\/pragmandt.com\/fr\/product-paut-16-128\/","name":"Produit - PAUT 16\/128 - Pragma - NDT","isPartOf":{"@id":"https:\/\/pragmandt.com\/#website"},"datePublished":"2021-09-08T23:49:59+00:00","dateModified":"2025-03-04T19:35:25+00:00","breadcrumb":{"@id":"https:\/\/pragmandt.com\/fr\/product-paut-16-128\/#breadcrumb"},"inLanguage":"fr-FR","potentialAction":[{"@type":"ReadAction","target":["https:\/\/pragmandt.com\/fr\/product-paut-16-128\/"]}]},{"@type":"BreadcrumbList","@id":"https:\/\/pragmandt.com\/fr\/product-paut-16-128\/#breadcrumb","itemListElement":[{"@type":"ListItem","position":1,"name":"Home","item":"https:\/\/pragmandt.com\/fr\/"},{"@type":"ListItem","position":2,"name":"Produit &#8211; PAUT 16\/128"}]},{"@type":"WebSite","@id":"https:\/\/pragmandt.com\/#website","url":"https:\/\/pragmandt.com\/","name":"Pragma - NDT","description":"Instrumental to your success","potentialAction":[{"@type":"SearchAction","target":{"@type":"EntryPoint","urlTemplate":"https:\/\/pragmandt.com\/?s={search_term_string}"},"query-input":"required name=search_term_string"}],"inLanguage":"fr-FR"}]}},"_links":{"self":[{"href":"https:\/\/pragmandt.com\/fr\/wp-json\/wp\/v2\/pages\/17282","targetHints":{"allow":["GET"]}}],"collection":[{"href":"https:\/\/pragmandt.com\/fr\/wp-json\/wp\/v2\/pages"}],"about":[{"href":"https:\/\/pragmandt.com\/fr\/wp-json\/wp\/v2\/types\/page"}],"author":[{"embeddable":true,"href":"https:\/\/pragmandt.com\/fr\/wp-json\/wp\/v2\/users\/2"}],"replies":[{"embeddable":true,"href":"https:\/\/pragmandt.com\/fr\/wp-json\/wp\/v2\/comments?post=17282"}],"version-history":[{"count":5,"href":"https:\/\/pragmandt.com\/fr\/wp-json\/wp\/v2\/pages\/17282\/revisions"}],"predecessor-version":[{"id":17557,"href":"https:\/\/pragmandt.com\/fr\/wp-json\/wp\/v2\/pages\/17282\/revisions\/17557"}],"wp:attachment":[{"href":"https:\/\/pragmandt.com\/fr\/wp-json\/wp\/v2\/media?parent=17282"}],"curies":[{"name":"wp","href":"https:\/\/api.w.org\/{rel}","templated":true}]}}