{"id":17291,"date":"2021-09-06T19:16:05","date_gmt":"2021-09-06T19:16:05","guid":{"rendered":"https:\/\/pragmandt.com\/product-pragma-3d\/"},"modified":"2024-01-23T19:20:29","modified_gmt":"2024-01-23T19:20:29","slug":"product-pragma-3d","status":"publish","type":"page","link":"https:\/\/pragmandt.com\/fr\/product-pragma-3d\/","title":{"rendered":"Produit &#8211; Pragma3D"},"content":{"rendered":"<p>[vc_row css_animation=&#8221;&#8221; row_type=&#8221;row&#8221; use_row_as_full_screen_section=&#8221;no&#8221; type=&#8221;grid&#8221; angled_section=&#8221;no&#8221; text_align=&#8221;left&#8221; background_image_as_pattern=&#8221;without_pattern&#8221; background_color=&#8221;#f1f3f4&#8243; padding_top=&#8221;29&#8243; padding_bottom=&#8221;6&#8243; css=&#8221;.vc_custom_1629072987568{padding-top: 30px !important;padding-bottom: 30px !important;background-color: #ffffff !important;background-position: center !important;background-repeat: no-repeat !important;background-size: cover !important;}&#8221; z_index=&#8221;&#8221;][vc_column][vc_column_text]<\/p>\n<p style=\"text-align: left;\"><span style=\"font-size: 16pt; font-family: d-dincondensed;\"><span style=\"color: #000000;\"><a style=\"color: #000000;\" href=\"#\">Produits<\/a><\/span> &gt; <span style=\"color: #000000;\"><a style=\"color: #000000;\" href=\"#\">Software<\/a><\/span> &gt; <a href=\"#\"><span style=\"color: #d74532;\">Pragma3D<\/span><\/a><\/span><\/p>\n<p>[\/vc_column_text][\/vc_column][\/vc_row][vc_row css_animation=&#8221;&#8221; row_type=&#8221;row&#8221; use_row_as_full_screen_section=&#8221;no&#8221; type=&#8221;grid&#8221; angled_section=&#8221;no&#8221; text_align=&#8221;left&#8221; background_image_as_pattern=&#8221;without_pattern&#8221; background_color=&#8221;#f1f3f4&#8243; padding_top=&#8221;29&#8243; padding_bottom=&#8221;29&#8243; css=&#8221;.vc_custom_1642786155337{padding-top: 50px !important;padding-bottom: 50px !important;background-image: url(http:\/\/pragmandt.com\/wp-content\/uploads\/2022\/01\/banner-p3d.bw_.png?id=16779) !important;background-position: center !important;background-repeat: no-repeat !important;background-size: cover !important;}&#8221; z_index=&#8221;&#8221;][vc_column width=&#8221;1\/2&#8243;][vc_single_image image=&#8221;16693&#8243; img_size=&#8221;519&#215;466&#8243; qode_css_animation=&#8221;&#8221;][\/vc_column][vc_column width=&#8221;1\/2&#8243; css=&#8221;.vc_custom_1629073089746{padding-top: 40px !important;}&#8221;][vc_single_image image=&#8221;15543&#8243; img_size=&#8221;full&#8221; qode_css_animation=&#8221;&#8221; css=&#8221;.vc_custom_1629992358596{padding-bottom: 5px !important;padding-left: 2px !important;}&#8221;][vc_column_text]<\/p>\n<h1><span style=\"color: #ffffff; font-family: d-dincondensed-bold;\"><span style=\"font-size: 65px;\">Pragma3D<\/span><\/span><\/h1>\n<p>[\/vc_column_text][vc_separator type=&#8221;transparent&#8221; thickness=&#8221;3&#8243; up=&#8221;15&#8243; down=&#8221;25&#8243;][vc_column_text]<\/p>\n<h6><span style=\"color: #ffffff; font-size: 24pt; font-family: d-dincondensed;\">Logiciel de nouvelle g\u00e9n\u00e9ration pour le contr\u00f4le non destructif (CND) avanc\u00e9<\/span><\/h6>\n<p>[\/vc_column_text][vc_separator type=&#8221;transparent&#8221; thickness=&#8221;3&#8243; up=&#8221;15&#8243; down=&#8221;15&#8243;][vc_column_text]<\/p>\n<h6><span style=\"color: #ffffff; font-size: 18pt; font-family: d-dincondensed;\">Conception de sonde, planification de balayage, tra\u00e7age de rayons, visualisation, fusion de donn\u00e9es, analyse et g\u00e9n\u00e9ration de rapports<\/span><\/h6>\n<p>[\/vc_column_text][\/vc_column][\/vc_row][vc_row css_animation=&#8221;&#8221; row_type=&#8221;row&#8221; use_row_as_full_screen_section=&#8221;no&#8221; type=&#8221;grid&#8221; angled_section=&#8221;no&#8221; text_align=&#8221;left&#8221; background_image_as_pattern=&#8221;without_pattern&#8221; background_color=&#8221;#f7f8f9&#8243; padding_top=&#8221;95&#8243; padding_bottom=&#8221;71&#8243;][vc_column width=&#8221;1\/2&#8243; css=&#8221;.vc_custom_1642711637058{padding-top: 25% !important;padding-right: 25px !important;padding-bottom: 25px !important;padding-left: 25px !important;}&#8221;][vc_column_text el_class=&#8221;border-red-product-desktop&#8221; css=&#8221;.vc_custom_1706036749642{padding-right: 30px !important;padding-left: 20px !important;}&#8221;]<\/p>\n<p class=\"p1\"><span style=\"font-size: 16pt; font-family: d-dincondensed;\">Pragma3D est le r\u00e9sultat de plus de 25 ans d&#8217;exp\u00e9rience en contr\u00f4le non destructif (CND). Il cr\u00e9e un chemin pour devenir le \u00abSolidWorks\u00ae du CND\u00bb, en combinant la facilit\u00e9 d&#8217;utilisation d&#8217;une interface utilisateur moderne de logiciel de CAO avec des fonctionnalit\u00e9s 3D avanc\u00e9es. <\/span><span style=\"font-size: 16pt; font-family: d-dincondensed;\">L&#8217;objectif est de donner du pouvoir \u00e0 l&#8217;ensemble de la communaut\u00e9 du CND, des stagiaires aux niveaux III les plus exp\u00e9riment\u00e9s.<\/span><\/p>\n<p>&nbsp;<\/p>\n<p class=\"p1\"><span style=\"font-size: 16pt; font-family: d-dincondensed;\">Pragma3D rend la fusion de donn\u00e9es accessible \u00e0 tous et est \u00e0 l&#8217;avant-garde de la convergence du CND avec la m\u00e9trologie, gr\u00e2ce au partenariat strat\u00e9gique de PRAGMA avec Hexagon\u00ae.<\/span><\/p>\n<p>&nbsp;<\/p>\n<p><em><span style=\"font-size: 8pt; font-family: d-dincondensed;\">\u00aeSolidworks est une marque d\u00e9pos\u00e9e de Dassault Syst\u00e8mes.<\/span><\/em>[\/vc_column_text][vc_separator type=&#8221;transparent&#8221; thickness=&#8221;3&#8243; up=&#8221;25&#8243; down=&#8221;15&#8243;][\/vc_column][vc_column width=&#8221;1\/2&#8243; css=&#8221;.vc_custom_1629074156960{padding-top: 25px !important;padding-bottom: 25px !important;}&#8221;]<div class='q_list circle'><\/p>\n<ul style=\"font-family: d-dincondensed;\">\n<li><span style=\"font-size: 16pt;\"><span style=\"font-size: 16pt;\"><strong>Interface utilisateur simple et intuitive<\/strong><br \/>\n<\/span><\/span><\/p>\n<p class=\"p1\">Barres d&#8217;outils de flux de travail, structure en arborescence, espace de travail 3D, aide int\u00e9gr\u00e9e et agent de support.<\/p>\n<\/li>\n<li><span style=\"font-size: 16pt;\"><span style=\"font-size: 16pt;\"><strong>Importation\/exportation de fichiers CAO<\/strong><br \/>\n<\/span><\/span><\/p>\n<p class=\"p1\">Importez et exportez des fichiers dans diff\u00e9rents formats tels que DXF, STEP, IGES, STL, OBJ, XYZ.<\/p>\n<\/li>\n<li><span style=\"font-size: 16pt;\"><span style=\"font-size: 16pt;\"><strong>Assistant de tuyauterie et soudage<\/strong><br \/>\n<\/span><\/span><\/p>\n<p class=\"p1\">Cr\u00e9ez des plaques, des tuyaux et des soudures simplement avec une vue 3D param\u00e9trique en temps r\u00e9el.<\/p>\n<\/li>\n<li><span style=\"font-size: 16pt;\"><span style=\"font-size: 16pt;\"><strong>Maillage<\/strong><br \/>\n<\/span><\/span><\/p>\n<p class=\"p1\">Des maillages de haute qualit\u00e9 peuvent \u00eatre cr\u00e9\u00e9s \u00e0 partir de n&#8217;importe quelle primitive volum\u00e9trique ou surfacique. Les maillages peuvent \u00e9galement \u00eatre import\u00e9s directement.<\/p>\n<\/li>\n<li><span style=\"font-size: 16pt;\"><span style=\"font-size: 16pt;\"><strong>Cartographie des donn\u00e9es<\/strong><br \/>\n<\/span><\/span><\/p>\n<p class=\"p1\">Les donn\u00e9es de porte (gate data) et les donn\u00e9es volum\u00e9triques peuvent \u00eatre cartographi\u00e9es sur des maillages, des surfaces ou dans le volume.<\/p>\n<\/li>\n<li><span style=\"font-size: 16pt;\"><span style=\"font-size: 16pt;\"><strong>Analyse<\/strong><br \/>\n<\/span><\/span><\/p>\n<p class=\"p1\">D\u00e9placement des curseurs directement en 3D et synchronisation avec des vues traditionnelles en 2D. Et vice versa.<\/p>\n<\/li>\n<li><span style=\"font-size: 16pt;\"><span style=\"font-size: 16pt;\"><strong>Rapports<\/strong><br \/>\n<\/span><\/span><\/p>\n<p class=\"p1\">\u00c9dition de mod\u00e8les et enregistrement de rapports en PDF, HTML. Possibilit\u00e9 de se connecter \u00e9galement aux bases de donn\u00e9es.<\/p>\n<\/li>\n<li><span style=\"font-size: 16pt;\"><span style=\"font-size: 16pt;\"><strong>Pr\u00eat pour le NDE 4.0 et le Cloud<\/strong><br \/>\n<\/span><\/span><\/p>\n<p class=\"p1\">Syst\u00e8me polyvalent de gestion de fichiers pour le t\u00e9l\u00e9chargement de donn\u00e9es locales, et sur le cloud sur demande.<\/p>\n<\/li>\n<\/ul>\n<p><\/div>[\/vc_column][\/vc_row][vc_row css_animation=&#8221;&#8221; row_type=&#8221;row&#8221; use_row_as_full_screen_section=&#8221;no&#8221; type=&#8221;grid&#8221; angled_section=&#8221;no&#8221; text_align=&#8221;left&#8221; background_image_as_pattern=&#8221;without_pattern&#8221; background_color=&#8221;#f7f8f9&#8243; padding_top=&#8221;95&#8243; padding_bottom=&#8221;71&#8243; css=&#8221;.vc_custom_1630008349914{background-color: #ffffff !important;}&#8221; z_index=&#8221;&#8221;][vc_column css=&#8221;.vc_custom_1629074156960{padding-top: 25px !important;padding-bottom: 25px !important;}&#8221;][vc_column_text]<\/p>\n<h2 style=\"text-align: center;\"><img loading=\"lazy\" decoding=\"async\" class=\"alignnone size-full wp-image-15543\" src=\"http:\/\/pragmandt.com\/wp-content\/uploads\/2021\/08\/separateur-triangle-big.png\" alt=\"\" width=\"23\" height=\"23\" \/> Faits saillants<\/h2>\n<p>[\/vc_column_text][\/vc_column][\/vc_row][vc_row css_animation=&#8221;&#8221; row_type=&#8221;row&#8221; use_row_as_full_screen_section=&#8221;no&#8221; type=&#8221;grid&#8221; angled_section=&#8221;no&#8221; text_align=&#8221;left&#8221; background_image_as_pattern=&#8221;without_pattern&#8221; background_color=&#8221;#f7f8f9&#8243; padding_top=&#8221;95&#8243; padding_bottom=&#8221;71&#8243; css=&#8221;.vc_custom_1630008349914{background-color: #ffffff !important;}&#8221; z_index=&#8221;&#8221;][vc_column width=&#8221;1\/2&#8243; css=&#8221;.vc_custom_1629074156960{padding-top: 25px !important;padding-bottom: 25px !important;}&#8221;][qode_content_slider auto_rotate=&#8221;5&#8243; direction_nav=&#8221;yes&#8221; control_nav=&#8221;yes&#8221; control_nav_justify=&#8221;no&#8221; pause_on_hover=&#8221;yes&#8221;][qode_content_slider_item][vc_single_image image=&#8221;15618&#8243; img_size=&#8221;full&#8221; alignment=&#8221;center&#8221; qode_css_animation=&#8221;&#8221;][\/qode_content_slider_item][qode_content_slider_item][vc_single_image image=&#8221;15617&#8243; img_size=&#8221;full&#8221; alignment=&#8221;center&#8221; qode_css_animation=&#8221;&#8221; css=&#8221;.vc_custom_1630957140016{padding-top: 10px !important;padding-right: 10px !important;padding-bottom: 10px !important;padding-left: 10px !important;}&#8221;][\/qode_content_slider_item][\/qode_content_slider][\/vc_column][vc_column width=&#8221;1\/2&#8243; css=&#8221;.vc_custom_1629074152749{padding-top: 25px !important;padding-right: 25px !important;padding-bottom: 25px !important;padding-left: 25px !important;}&#8221;][vc_column_text css=&#8221;.vc_custom_1706037146089{border-left-width: 2px !important;padding-left: 20px !important;border-left-color: #ee220c !important;border-left-style: solid !important;}&#8221;]<\/p>\n<p class=\"p1\"><span style=\"font-size: 16pt; font-family: d-dincondensed;\">Notre puissant moteur d&#8217;analyse 3D permet des simulations de tra\u00e7age de rayons \u00e0 haute pr\u00e9cision des faisceaux UT\/PAUT, le calcul des lois de focalisation, la couverture, etc. C\u2019est id\u00e9al pour le d\u00e9veloppement de proc\u00e9dures et d&#8217;inspections.<\/span><\/p>\n<p>&nbsp;<\/p>\n<p class=\"p1\"><span style=\"font-size: 16pt; font-family: d-dincondensed;\">Pragma3D prend en charge les scans laser et les imports de maillage provenant de divers fournisseurs, et le nuage de points peut \u00eatre import\u00e9\/export\u00e9 et m\u00eame extrait des donn\u00e9es CND.<\/span><\/p>\n<p>[\/vc_column_text][\/vc_column][\/vc_row][vc_row css_animation=&#8221;&#8221; row_type=&#8221;row&#8221; use_row_as_full_screen_section=&#8221;no&#8221; type=&#8221;grid&#8221; angled_section=&#8221;no&#8221; text_align=&#8221;left&#8221; background_image_as_pattern=&#8221;without_pattern&#8221; background_color=&#8221;#f7f8f9&#8243; padding_top=&#8221;95&#8243; padding_bottom=&#8221;71&#8243; z_index=&#8221;&#8221;][vc_column width=&#8221;1\/2&#8243; css=&#8221;.vc_custom_1629074152749{padding-top: 25px !important;padding-right: 25px !important;padding-bottom: 25px !important;padding-left: 25px !important;}&#8221;][vc_column_text css=&#8221;.vc_custom_1706037614798{border-right-width: 2px !important;padding-right: 20px !important;border-right-color: #ee220c !important;border-right-style: solid !important;}&#8221;]<\/p>\n<p class=\"p1\" style=\"text-align: right;\"><span style=\"font-size: 16pt; font-family: d-dincondensed;\">Vous pouvez pr\u00e9parer le balayage de votre sonde sur des guides, puis proc\u00e9der \u00e0 la programmation de mouvements hors ligne et \u00e0 l&#8217;ex\u00e9cution avec un robot ou un scanner.<\/span><\/p>\n<p>&nbsp;<\/p>\n<p style=\"text-align: right;\"><span style=\"font-size: 16pt; font-family: d-dincondensed;\">Pragma3D permet des mesures directes en 3D et l&#8217;ajout de balises, tout comme dans les logiciels de m\u00e9trologie. Un tableau d&#8217;indications est automatiquement rempli au fur et \u00e0 mesure, pr\u00eat \u00e0 \u00eatre examin\u00e9 et rapport\u00e9 \u00e0 tout moment.<\/span><\/p>\n<p>[\/vc_column_text][\/vc_column][vc_column width=&#8221;1\/2&#8243; css=&#8221;.vc_custom_1629074156960{padding-top: 25px !important;padding-bottom: 25px !important;}&#8221;][qode_content_slider auto_rotate=&#8221;5&#8243;][qode_content_slider_item][vc_single_image image=&#8221;15619&#8243; img_size=&#8221;full&#8221; alignment=&#8221;center&#8221; qode_css_animation=&#8221;&#8221; css=&#8221;.vc_custom_1630957271735{padding-top: 10px !important;padding-right: 10px !important;padding-bottom: 10px !important;padding-left: 10px !important;}&#8221;][\/qode_content_slider_item][qode_content_slider_item][vc_single_image image=&#8221;15620&#8243; img_size=&#8221;full&#8221; alignment=&#8221;center&#8221; qode_css_animation=&#8221;&#8221;][\/qode_content_slider_item][\/qode_content_slider][\/vc_column][\/vc_row][vc_row css_animation=&#8221;&#8221; row_type=&#8221;row&#8221; use_row_as_full_screen_section=&#8221;no&#8221; type=&#8221;grid&#8221; angled_section=&#8221;no&#8221; text_align=&#8221;left&#8221; background_image_as_pattern=&#8221;without_pattern&#8221; css=&#8221;.vc_custom_1629074907549{padding-top: 60px !important;padding-bottom: 60px !important;background-color: #0a0a0a !important;}&#8221; z_index=&#8221;&#8221;][vc_column width=&#8221;3\/4&#8243; css=&#8221;.vc_custom_1629074789712{padding-right: 30px !important;}&#8221;][vc_column_text]<\/p>\n<div class=\"wpb_text_column wpb_content_element \">\n<div class=\"wpb_wrapper\">\n<h2><span style=\"color: #ffffff; font-family: d-dincondensed;\">Specifications techniques<\/span><\/h2>\n<\/div>\n<\/div>\n<p>[\/vc_column_text][vc_separator type=&#8221;transparent&#8221; up=&#8221;15&#8243; down=&#8221;0&#8243;][vc_column_text]<\/p>\n<div class=\"wpb_text_column wpb_content_element \">\n<div class=\"wpb_wrapper\">\n<p><span style=\"color: #ffffff; font-size: 15pt; font-family: d-dincondensed;\">Pour plus d&#8217;informations, veuillez t\u00e9l\u00e9charger notre brochure (disponible en anglais seulement).<\/span><\/p>\n<\/div>\n<\/div>\n<p>[\/vc_column_text][\/vc_column][vc_column width=&#8221;1\/4&#8243;]<a  itemprop=\"url\" href=\"\/datasheets\/Pragma-DataSheet-Pragma3D-V8.pdf\" target=\"_blank\"  class=\"qbutton  center default\" style=\"margin: 17px 0 0 0; \">T\u00c9L\u00c9CHARGEZ LA BROCHURE<\/a>[\/vc_column][\/vc_row]<\/p>\n","protected":false},"excerpt":{"rendered":"<p>[vc_row css_animation=&#8221;&#8221; row_type=&#8221;row&#8221; use_row_as_full_screen_section=&#8221;no&#8221; type=&#8221;grid&#8221; angled_section=&#8221;no&#8221; text_align=&#8221;left&#8221; background_image_as_pattern=&#8221;without_pattern&#8221; background_color=&#8221;#f1f3f4&#8243; padding_top=&#8221;29&#8243; padding_bottom=&#8221;6&#8243; css=&#8221;.vc_custom_1629072987568{padding-top: 30px !important;padding-bottom: 30px !important;background-color: #ffffff !important;background-position: center !important;background-repeat: no-repeat !important;background-size: cover !important;}&#8221; z_index=&#8221;&#8221;][vc_column][vc_column_text] Produits &gt; Software &gt; Pragma3D [\/vc_column_text][\/vc_column][\/vc_row][vc_row css_animation=&#8221;&#8221; row_type=&#8221;row&#8221; use_row_as_full_screen_section=&#8221;no&#8221; type=&#8221;grid&#8221; angled_section=&#8221;no&#8221; text_align=&#8221;left&#8221; background_image_as_pattern=&#8221;without_pattern&#8221; background_color=&#8221;#f1f3f4&#8243; padding_top=&#8221;29&#8243; padding_bottom=&#8221;29&#8243; css=&#8221;.vc_custom_1642786155337{padding-top: 50px !important;padding-bottom: 50px&#8230;<\/p>\n","protected":false},"author":8,"featured_media":0,"parent":0,"menu_order":0,"comment_status":"open","ping_status":"closed","template":"full_width.php","meta":{"inline_featured_image":false,"footnotes":""},"class_list":["post-17291","page","type-page","status-publish","hentry"],"yoast_head":"<!-- This site is optimized with the Yoast SEO plugin v21.9 - https:\/\/yoast.com\/wordpress\/plugins\/seo\/ -->\n<title>Produit - Pragma3D - Pragma - NDT<\/title>\n<meta name=\"robots\" content=\"index, follow, max-snippet:-1, max-image-preview:large, max-video-preview:-1\" \/>\n<link rel=\"canonical\" href=\"https:\/\/pragmandt.com\/fr\/product-pragma-3d\/\" \/>\n<meta property=\"og:locale\" content=\"fr_FR\" \/>\n<meta property=\"og:type\" content=\"article\" \/>\n<meta property=\"og:title\" content=\"Produit - Pragma3D - Pragma - NDT\" \/>\n<meta property=\"og:description\" content=\"[vc_row css_animation=&#8221;&#8221; row_type=&#8221;row&#8221; use_row_as_full_screen_section=&#8221;no&#8221; type=&#8221;grid&#8221; angled_section=&#8221;no&#8221; text_align=&#8221;left&#8221; background_image_as_pattern=&#8221;without_pattern&#8221; background_color=&#8221;#f1f3f4&#8243; padding_top=&#8221;29&#8243; padding_bottom=&#8221;6&#8243; css=&#8221;.vc_custom_1629072987568{padding-top: 30px !important;padding-bottom: 30px !important;background-color: #ffffff !important;background-position: center !important;background-repeat: no-repeat !important;background-size: cover !important;}&#8221; z_index=&#8221;&#8221;][vc_column][vc_column_text] Produits &gt; Software &gt; Pragma3D [\/vc_column_text][\/vc_column][\/vc_row][vc_row css_animation=&#8221;&#8221; row_type=&#8221;row&#8221; use_row_as_full_screen_section=&#8221;no&#8221; type=&#8221;grid&#8221; angled_section=&#8221;no&#8221; text_align=&#8221;left&#8221; background_image_as_pattern=&#8221;without_pattern&#8221; background_color=&#8221;#f1f3f4&#8243; padding_top=&#8221;29&#8243; padding_bottom=&#8221;29&#8243; css=&#8221;.vc_custom_1642786155337{padding-top: 50px !important;padding-bottom: 50px...\" \/>\n<meta property=\"og:url\" content=\"https:\/\/pragmandt.com\/fr\/product-pragma-3d\/\" \/>\n<meta property=\"og:site_name\" content=\"Pragma - NDT\" \/>\n<meta property=\"article:modified_time\" content=\"2024-01-23T19:20:29+00:00\" \/>\n<meta property=\"og:image\" content=\"http:\/\/pragmandt.com\/wp-content\/uploads\/2021\/08\/separateur-triangle-big.png\" \/>\n<meta name=\"twitter:card\" content=\"summary_large_image\" \/>\n<meta name=\"twitter:label1\" content=\"Est. reading time\" \/>\n\t<meta name=\"twitter:data1\" content=\"7 minutes\" \/>\n<script type=\"application\/ld+json\" class=\"yoast-schema-graph\">{\"@context\":\"https:\/\/schema.org\",\"@graph\":[{\"@type\":\"WebPage\",\"@id\":\"https:\/\/pragmandt.com\/fr\/product-pragma-3d\/\",\"url\":\"https:\/\/pragmandt.com\/fr\/product-pragma-3d\/\",\"name\":\"Produit - Pragma3D - Pragma - NDT\",\"isPartOf\":{\"@id\":\"https:\/\/pragmandt.com\/#website\"},\"datePublished\":\"2021-09-06T19:16:05+00:00\",\"dateModified\":\"2024-01-23T19:20:29+00:00\",\"breadcrumb\":{\"@id\":\"https:\/\/pragmandt.com\/fr\/product-pragma-3d\/#breadcrumb\"},\"inLanguage\":\"fr-FR\",\"potentialAction\":[{\"@type\":\"ReadAction\",\"target\":[\"https:\/\/pragmandt.com\/fr\/product-pragma-3d\/\"]}]},{\"@type\":\"BreadcrumbList\",\"@id\":\"https:\/\/pragmandt.com\/fr\/product-pragma-3d\/#breadcrumb\",\"itemListElement\":[{\"@type\":\"ListItem\",\"position\":1,\"name\":\"Home\",\"item\":\"https:\/\/pragmandt.com\/fr\/\"},{\"@type\":\"ListItem\",\"position\":2,\"name\":\"Produit &#8211; Pragma3D\"}]},{\"@type\":\"WebSite\",\"@id\":\"https:\/\/pragmandt.com\/#website\",\"url\":\"https:\/\/pragmandt.com\/\",\"name\":\"Pragma - NDT\",\"description\":\"Instrumental to your success\",\"potentialAction\":[{\"@type\":\"SearchAction\",\"target\":{\"@type\":\"EntryPoint\",\"urlTemplate\":\"https:\/\/pragmandt.com\/?s={search_term_string}\"},\"query-input\":\"required name=search_term_string\"}],\"inLanguage\":\"fr-FR\"}]}<\/script>\n<!-- \/ Yoast SEO plugin. -->","yoast_head_json":{"title":"Produit - Pragma3D - Pragma - NDT","robots":{"index":"index","follow":"follow","max-snippet":"max-snippet:-1","max-image-preview":"max-image-preview:large","max-video-preview":"max-video-preview:-1"},"canonical":"https:\/\/pragmandt.com\/fr\/product-pragma-3d\/","og_locale":"fr_FR","og_type":"article","og_title":"Produit - Pragma3D - Pragma - NDT","og_description":"[vc_row css_animation=&#8221;&#8221; row_type=&#8221;row&#8221; use_row_as_full_screen_section=&#8221;no&#8221; type=&#8221;grid&#8221; angled_section=&#8221;no&#8221; text_align=&#8221;left&#8221; background_image_as_pattern=&#8221;without_pattern&#8221; background_color=&#8221;#f1f3f4&#8243; padding_top=&#8221;29&#8243; padding_bottom=&#8221;6&#8243; css=&#8221;.vc_custom_1629072987568{padding-top: 30px !important;padding-bottom: 30px !important;background-color: #ffffff !important;background-position: center !important;background-repeat: no-repeat !important;background-size: cover !important;}&#8221; z_index=&#8221;&#8221;][vc_column][vc_column_text] Produits &gt; Software &gt; Pragma3D [\/vc_column_text][\/vc_column][\/vc_row][vc_row css_animation=&#8221;&#8221; row_type=&#8221;row&#8221; use_row_as_full_screen_section=&#8221;no&#8221; type=&#8221;grid&#8221; angled_section=&#8221;no&#8221; text_align=&#8221;left&#8221; background_image_as_pattern=&#8221;without_pattern&#8221; background_color=&#8221;#f1f3f4&#8243; padding_top=&#8221;29&#8243; padding_bottom=&#8221;29&#8243; css=&#8221;.vc_custom_1642786155337{padding-top: 50px !important;padding-bottom: 50px...","og_url":"https:\/\/pragmandt.com\/fr\/product-pragma-3d\/","og_site_name":"Pragma - NDT","article_modified_time":"2024-01-23T19:20:29+00:00","og_image":[{"url":"http:\/\/pragmandt.com\/wp-content\/uploads\/2021\/08\/separateur-triangle-big.png"}],"twitter_card":"summary_large_image","twitter_misc":{"Est. reading time":"7 minutes"},"schema":{"@context":"https:\/\/schema.org","@graph":[{"@type":"WebPage","@id":"https:\/\/pragmandt.com\/fr\/product-pragma-3d\/","url":"https:\/\/pragmandt.com\/fr\/product-pragma-3d\/","name":"Produit - Pragma3D - Pragma - NDT","isPartOf":{"@id":"https:\/\/pragmandt.com\/#website"},"datePublished":"2021-09-06T19:16:05+00:00","dateModified":"2024-01-23T19:20:29+00:00","breadcrumb":{"@id":"https:\/\/pragmandt.com\/fr\/product-pragma-3d\/#breadcrumb"},"inLanguage":"fr-FR","potentialAction":[{"@type":"ReadAction","target":["https:\/\/pragmandt.com\/fr\/product-pragma-3d\/"]}]},{"@type":"BreadcrumbList","@id":"https:\/\/pragmandt.com\/fr\/product-pragma-3d\/#breadcrumb","itemListElement":[{"@type":"ListItem","position":1,"name":"Home","item":"https:\/\/pragmandt.com\/fr\/"},{"@type":"ListItem","position":2,"name":"Produit &#8211; Pragma3D"}]},{"@type":"WebSite","@id":"https:\/\/pragmandt.com\/#website","url":"https:\/\/pragmandt.com\/","name":"Pragma - NDT","description":"Instrumental to your success","potentialAction":[{"@type":"SearchAction","target":{"@type":"EntryPoint","urlTemplate":"https:\/\/pragmandt.com\/?s={search_term_string}"},"query-input":"required name=search_term_string"}],"inLanguage":"fr-FR"}]}},"_links":{"self":[{"href":"https:\/\/pragmandt.com\/fr\/wp-json\/wp\/v2\/pages\/17291","targetHints":{"allow":["GET"]}}],"collection":[{"href":"https:\/\/pragmandt.com\/fr\/wp-json\/wp\/v2\/pages"}],"about":[{"href":"https:\/\/pragmandt.com\/fr\/wp-json\/wp\/v2\/types\/page"}],"author":[{"embeddable":true,"href":"https:\/\/pragmandt.com\/fr\/wp-json\/wp\/v2\/users\/8"}],"replies":[{"embeddable":true,"href":"https:\/\/pragmandt.com\/fr\/wp-json\/wp\/v2\/comments?post=17291"}],"version-history":[{"count":3,"href":"https:\/\/pragmandt.com\/fr\/wp-json\/wp\/v2\/pages\/17291\/revisions"}],"predecessor-version":[{"id":17295,"href":"https:\/\/pragmandt.com\/fr\/wp-json\/wp\/v2\/pages\/17291\/revisions\/17295"}],"wp:attachment":[{"href":"https:\/\/pragmandt.com\/fr\/wp-json\/wp\/v2\/media?parent=17291"}],"curies":[{"name":"wp","href":"https:\/\/api.w.org\/{rel}","templated":true}]}}