{"id":17297,"date":"2021-09-16T23:16:19","date_gmt":"2021-09-16T23:16:19","guid":{"rendered":"https:\/\/pragmandt.com\/product-focal-law-calculation-flc-library\/"},"modified":"2024-01-23T22:02:43","modified_gmt":"2024-01-23T22:02:43","slug":"product-focal-law-calculation-flc-library","status":"publish","type":"page","link":"https:\/\/pragmandt.com\/fr\/product-focal-law-calculation-flc-library\/","title":{"rendered":"Produit &#8211; Biblioth\u00e8que de calcul de lois focales (FLC)"},"content":{"rendered":"<p>[vc_row css_animation=&#8221;&#8221; row_type=&#8221;row&#8221; use_row_as_full_screen_section=&#8221;no&#8221; type=&#8221;grid&#8221; angled_section=&#8221;no&#8221; text_align=&#8221;left&#8221; background_image_as_pattern=&#8221;without_pattern&#8221; background_color=&#8221;#f1f3f4&#8243; padding_top=&#8221;29&#8243; padding_bottom=&#8221;6&#8243; css=&#8221;.vc_custom_1629072987568{padding-top: 30px !important;padding-bottom: 30px !important;background-color: #ffffff !important;background-position: center !important;background-repeat: no-repeat !important;background-size: cover !important;}&#8221; z_index=&#8221;&#8221;][vc_column][vc_column_text]<\/p>\n<p style=\"text-align: left;\"><span style=\"font-size: 16pt; font-family: d-dincondensed;\"><span style=\"color: #000000;\"><a style=\"color: #000000;\" href=\"#\">Produits<\/a><\/span> &gt; <span style=\"color: #000000;\"><a style=\"color: #000000;\" href=\"#\">Software<\/a><\/span> &gt; Biblioth\u00e8que de calcul de lois focales (FLC)<\/span><\/p>\n<p>[\/vc_column_text][\/vc_column][\/vc_row][vc_row css_animation=&#8221;&#8221; row_type=&#8221;row&#8221; use_row_as_full_screen_section=&#8221;no&#8221; type=&#8221;grid&#8221; angled_section=&#8221;no&#8221; text_align=&#8221;left&#8221; background_image_as_pattern=&#8221;without_pattern&#8221; background_color=&#8221;#f1f3f4&#8243; padding_top=&#8221;29&#8243; padding_bottom=&#8221;29&#8243; css=&#8221;.vc_custom_1642799399238{padding-top: 50px !important;padding-bottom: 50px !important;background-image: url(http:\/\/pragmandt.com\/wp-content\/uploads\/2022\/01\/banner-flc-1.png?id=16803) !important;background-position: center !important;background-repeat: no-repeat !important;background-size: cover !important;}&#8221; z_index=&#8221;&#8221;][vc_column width=&#8221;1\/2&#8243;][vc_single_image image=&#8221;16559&#8243; img_size=&#8221;420&#215;420&#8243; qode_css_animation=&#8221;&#8221;][\/vc_column][vc_column width=&#8221;1\/2&#8243; css=&#8221;.vc_custom_1629073089746{padding-top: 40px !important;}&#8221;][vc_single_image image=&#8221;15543&#8243; img_size=&#8221;full&#8221; qode_css_animation=&#8221;&#8221; css=&#8221;.vc_custom_1629992358596{padding-bottom: 5px !important;padding-left: 2px !important;}&#8221;][vc_column_text]<\/p>\n<h1><span style=\"color: #ffffff; font-family: d-dincondensed-bold;\"><span style=\"font-size: 65px;\">Biblioth\u00e8que de calcul de lois focales (FLC) pour UT\/PAUT<\/span><\/span><\/h1>\n<p>[\/vc_column_text][vc_separator type=&#8221;transparent&#8221; thickness=&#8221;3&#8243; up=&#8221;15&#8243; down=&#8221;25&#8243;][vc_column_text]<\/p>\n<h6><span style=\"color: #ffffff; font-size: 24pt; font-family: d-dincondensed;\">Engin de trac\u00e9 de rayons acoustiques con\u00e7u pour les logiciels tiers<\/span><\/h6>\n<p>[\/vc_column_text][vc_separator type=&#8221;transparent&#8221; thickness=&#8221;3&#8243; up=&#8221;15&#8243; down=&#8221;15&#8243;][vc_column_text]<\/p>\n<h6><span style=\"color: #ffffff; font-size: 18pt; font-family: d-dincondensed;\">Pour les int\u00e9grateurs de syst\u00e8mes, les laboratoires de R&amp;D et les universit\u00e9s<\/span><\/h6>\n<p>[\/vc_column_text][\/vc_column][\/vc_row][vc_row css_animation=&#8221;&#8221; row_type=&#8221;row&#8221; use_row_as_full_screen_section=&#8221;no&#8221; type=&#8221;grid&#8221; angled_section=&#8221;no&#8221; text_align=&#8221;left&#8221; background_image_as_pattern=&#8221;without_pattern&#8221; background_color=&#8221;#f7f8f9&#8243; padding_top=&#8221;95&#8243; padding_bottom=&#8221;71&#8243;][vc_column width=&#8221;1\/2&#8243; css=&#8221;.vc_custom_1642590532624{padding-top: 30% !important;padding-right: 25px !important;padding-bottom: 25px !important;padding-left: 25px !important;}&#8221;][vc_column_text css=&#8221;.vc_custom_1706046697973{padding-right: 30px !important;padding-left: 20px !important;}&#8221; el_class=&#8221;border-red-product-desktop&#8221;]<\/p>\n<p class=\"p1\"><span style=\"font-size: 16pt; font-family: d-dincondensed;\">La biblioth\u00e8que de calcul de lois focales (FLC) permet une int\u00e9gration rapide de faisceaux multi\u00e9l\u00e9ments et du calcul des lois focales, \u00e9liminant les risques li\u00e9s aux projets tr\u00e8s t\u00f4t. Les int\u00e9grateurs peuvent b\u00e9n\u00e9ficier des nombreuses ann\u00e9es de d\u00e9veloppement rigoureux de ce composant logiciel, offrant performance, stabilit\u00e9 et une documentation compl\u00e8te.<\/span><\/p>\n<p>&nbsp;<\/p>\n<p class=\"p1\"><span style=\"font-size: 16pt; font-family: d-dincondensed;\"><br \/>\nLes param\u00e8tres du sabot, du transducteur et du composant balay\u00e9 peuvent \u00eatre utilis\u00e9s pour calculer les lois focales pour des configurations complexes, en utilisant diverses m\u00e9thodes de focalisation. Le calcul parall\u00e8le (multithread) produit des r\u00e9sultats rapides en utilisant les c\u0153urs CPU disponibles.<\/span><\/p>\n<p>[\/vc_column_text][vc_separator type=&#8221;transparent&#8221; thickness=&#8221;3&#8243; up=&#8221;25&#8243; down=&#8221;15&#8243;][\/vc_column][vc_column width=&#8221;1\/2&#8243; css=&#8221;.vc_custom_1629074156960{padding-top: 25px !important;padding-bottom: 25px !important;}&#8221;]<div class='q_list circle'><\/p>\n<ul style=\"font-family: d-dincondensed;\">\n<li><span style=\"font-size: 16pt;\"><span style=\"font-size: 16pt;\"><strong>Biblioth\u00e8que dynamique<\/strong><br \/>\n<\/span><\/span><\/p>\n<p class=\"p1\">Biblioth\u00e8que disponible en version 64 bits (version 32 bits sur demande).<\/p>\n<\/li>\n<li><span style=\"font-size: 16pt;\"><span style=\"font-size: 16pt;\"><strong>Windows &amp; Linux<\/strong><br \/>\n<\/span><\/span><\/p>\n<p class=\"p1\">Prise en charge des plateformes Windows 10 (DLL) et Linux (.so).<\/p>\n<\/li>\n<li><span style=\"font-size: 16pt;\"><span style=\"font-size: 16pt;\"><strong>API<\/strong><br \/>\n<\/span><\/span><\/p>\n<p class=\"p1\">Des dizaines de classes C++ bien document\u00e9es dans une documentation HTML facile \u00e0 utiliser.<\/p>\n<\/li>\n<li><span style=\"font-size: 16pt;\"><span style=\"font-size: 16pt;\"><strong>Programme d&#8217;exemple de ligne de commande<\/strong><br \/>\n<\/span><\/span><\/p>\n<p class=\"p1\">Des programmes de test de d\u00e9monstration sont fournis avec le code source en C++ standard.<\/p>\n<\/li>\n<li><span style=\"font-size: 16pt;\"><span style=\"font-size: 16pt;\"><strong>Performances brutes compl\u00e8tes<\/strong><br \/>\n<\/span><\/span><\/p>\n<p class=\"p1\">Acc\u00e8s aux m\u00eames appels et \u00e0 toutes les performances utilis\u00e9es par PRAGMA en interne.<\/p>\n<\/li>\n<li><span style=\"font-size: 16pt;\"><span style=\"font-size: 16pt;\"><strong>Aide pour les int\u00e9grations personnalis\u00e9es<\/strong><br \/>\n<\/span><\/span><\/p>\n<p class=\"p1\">PRAGMA peut conseiller sur les d\u00e9cisions logicielles et les strat\u00e9gies d&#8217;int\u00e9gration.<\/p>\n<\/li>\n<li><span style=\"font-size: 16pt;\"><span style=\"font-size: 16pt;\"><strong>Support<\/strong><br \/>\n<\/span><\/span><\/p>\n<p class=\"p1\">Support par e-mail, t\u00e9l\u00e9phone et vid\u00e9oconf\u00e9rence.<\/p>\n<\/li>\n<\/ul>\n<p><\/div>[\/vc_column][\/vc_row][vc_row css_animation=&#8221;&#8221; row_type=&#8221;row&#8221; use_row_as_full_screen_section=&#8221;no&#8221; type=&#8221;grid&#8221; angled_section=&#8221;no&#8221; text_align=&#8221;left&#8221; background_image_as_pattern=&#8221;without_pattern&#8221; css=&#8221;.vc_custom_1630957913533{padding-top: 60px !important;padding-bottom: 60px !important;background-color: #ffffff !important;}&#8221; z_index=&#8221;&#8221;][vc_column css=&#8221;.vc_custom_1629074789712{padding-right: 30px !important;}&#8221;][vc_column_text]<\/p>\n<h2 style=\"text-align: center;\"><img loading=\"lazy\" decoding=\"async\" class=\"alignnone size-full wp-image-15543\" src=\"http:\/\/pragmandt.com\/wp-content\/uploads\/2021\/08\/separateur-triangle-big.png\" alt=\"\" width=\"23\" height=\"23\" \/> Faits saillants<\/h2>\n<p>[\/vc_column_text][\/vc_column][\/vc_row][vc_row css_animation=&#8221;&#8221; row_type=&#8221;row&#8221; use_row_as_full_screen_section=&#8221;no&#8221; type=&#8221;grid&#8221; angled_section=&#8221;no&#8221; text_align=&#8221;left&#8221; background_image_as_pattern=&#8221;without_pattern&#8221; css=&#8221;.vc_custom_1630957913533{padding-top: 60px !important;padding-bottom: 60px !important;background-color: #ffffff !important;}&#8221; z_index=&#8221;&#8221;][vc_column width=&#8221;1\/2&#8243; css=&#8221;.vc_custom_1629074789712{padding-right: 30px !important;}&#8221;][qode_content_slider auto_rotate=&#8221;5&#8243; direction_nav=&#8221;yes&#8221; control_nav=&#8221;yes&#8221; control_nav_justify=&#8221;no&#8221; pause_on_hover=&#8221;yes&#8221;][qode_content_slider_item][vc_single_image image=&#8221;16546&#8243; img_size=&#8221;389&#215;344&#8243; alignment=&#8221;center&#8221; qode_css_animation=&#8221;&#8221; css=&#8221;.vc_custom_1642598023420{padding-top: 10px !important;padding-right: 10px !important;padding-bottom: 10px !important;padding-left: 10px !important;}&#8221;][\/qode_content_slider_item][qode_content_slider_item][vc_single_image image=&#8221;16548&#8243; img_size=&#8221;389&#215;344&#8243; alignment=&#8221;center&#8221; qode_css_animation=&#8221;&#8221; css=&#8221;.vc_custom_1642598045952{padding-top: 10px !important;padding-right: 10px !important;padding-bottom: 10px !important;padding-left: 10px !important;}&#8221;][\/qode_content_slider_item][\/qode_content_slider][\/vc_column][vc_column width=&#8221;1\/2&#8243;][vc_column_text css=&#8221;.vc_custom_1706047185260{border-left-width: 2px !important;padding-left: 20px !important;border-left-color: #ee220c !important;border-left-style: solid !important;}&#8221;]<\/p>\n<p class=\"p1\"><span style=\"font-size: 16pt; font-family: d-dincondensed;\">La biblioth\u00e8que de calcul de lois focales (FLC) peut prendre en charge les sabots \u00e0 angle coup\u00e9 avec une interface incurv\u00e9e. La biblioth\u00e8que peut prendre en charge la capture FMC pour l&#8217;imagerie TFM, avec un contr\u00f4le complet sur les ouvertures TX et RX.<br \/>\n<\/span><\/p>\n<p>[\/vc_column_text][\/vc_column][\/vc_row][vc_row css_animation=&#8221;&#8221; row_type=&#8221;row&#8221; use_row_as_full_screen_section=&#8221;no&#8221; type=&#8221;grid&#8221; angled_section=&#8221;no&#8221; text_align=&#8221;left&#8221; background_image_as_pattern=&#8221;without_pattern&#8221; background_color=&#8221;#f7f8f9&#8243; padding_top=&#8221;95&#8243; padding_bottom=&#8221;71&#8243; z_index=&#8221;&#8221;][vc_column width=&#8221;1\/2&#8243; css=&#8221;.vc_custom_1629074152749{padding-top: 25px !important;padding-right: 25px !important;padding-bottom: 25px !important;padding-left: 25px !important;}&#8221;][vc_column_text css=&#8221;.vc_custom_1706047241187{border-right-width: 2px !important;padding-right: 20px !important;border-right-color: #ee220c !important;border-right-style: solid !important;}&#8221;]<\/p>\n<p class=\"p1\"><span style=\"font-size: 16pt; font-family: d-dincondensed;\">Exemple de composants C++ faciles \u00e0 r\u00e9utiliser pour calculer les lois de focalisation. Sortie facile des informations sur les faisceaux vers des fichiers CSV et *.law.<br \/>\n<\/span><\/p>\n<p>[\/vc_column_text][vc_separator type=&#8221;transparent&#8221; thickness=&#8221;3&#8243; up=&#8221;15&#8243; down=&#8221;15&#8243;][\/vc_column][vc_column width=&#8221;1\/2&#8243; css=&#8221;.vc_custom_1629074156960{padding-top: 25px !important;padding-bottom: 25px !important;}&#8221;][qode_content_slider auto_rotate=&#8221;5&#8243; enable_drag=&#8221;yes&#8221; direction_nav=&#8221;yes&#8221; control_nav=&#8221;yes&#8221;][qode_content_slider_item][vc_single_image image=&#8221;16550&#8243; img_size=&#8221;401&#215;233&#8243; alignment=&#8221;center&#8221; qode_css_animation=&#8221;&#8221;][\/qode_content_slider_item][qode_content_slider_item][vc_single_image image=&#8221;16552&#8243; img_size=&#8221;401&#215;233&#8243; alignment=&#8221;center&#8221; qode_css_animation=&#8221;&#8221;][\/qode_content_slider_item][\/qode_content_slider][\/vc_column][\/vc_row][vc_row css_animation=&#8221;&#8221; row_type=&#8221;row&#8221; use_row_as_full_screen_section=&#8221;no&#8221; type=&#8221;grid&#8221; angled_section=&#8221;no&#8221; text_align=&#8221;left&#8221; background_image_as_pattern=&#8221;without_pattern&#8221; css=&#8221;.vc_custom_1629074907549{padding-top: 60px !important;padding-bottom: 60px !important;background-color: #0a0a0a !important;}&#8221; z_index=&#8221;&#8221;][vc_column width=&#8221;3\/4&#8243; css=&#8221;.vc_custom_1629074789712{padding-right: 30px !important;}&#8221;][vc_column_text]<\/p>\n<div class=\"wpb_text_column wpb_content_element \">\n<div class=\"wpb_wrapper\">\n<h2><span style=\"color: #ffffff; font-family: d-dincondensed;\">Sp\u00e9cifications techniques<\/span><\/h2>\n<\/div>\n<\/div>\n<p>[\/vc_column_text][vc_separator type=&#8221;transparent&#8221; up=&#8221;15&#8243; down=&#8221;0&#8243;][vc_column_text]<\/p>\n<div class=\"wpb_text_column wpb_content_element \">\n<div class=\"wpb_wrapper\">\n<p><span style=\"color: #ffffff; font-size: 15pt; font-family: d-dincondensed;\">Pour plus d&#8217;informations, veuillez t\u00e9l\u00e9charger notre brochure (disponible en anglais seulement).<\/span><\/p>\n<\/div>\n<\/div>\n<p>[\/vc_column_text][\/vc_column][vc_column width=&#8221;1\/4&#8243;]<a  itemprop=\"url\" href=\"\/wp-content\/uploads\/2022\/01\/Pragma-DataSheet-FLC-V8.pdf\" target=\"_blank\"  class=\"qbutton  center default\" style=\"margin: 17px 0 0 0; \">T\u00c9L\u00c9CHARGEZ LA BROCHURE<\/a>[\/vc_column][\/vc_row]<\/p>\n","protected":false},"excerpt":{"rendered":"<p>[vc_row css_animation=&#8221;&#8221; row_type=&#8221;row&#8221; use_row_as_full_screen_section=&#8221;no&#8221; type=&#8221;grid&#8221; angled_section=&#8221;no&#8221; text_align=&#8221;left&#8221; background_image_as_pattern=&#8221;without_pattern&#8221; background_color=&#8221;#f1f3f4&#8243; padding_top=&#8221;29&#8243; padding_bottom=&#8221;6&#8243; css=&#8221;.vc_custom_1629072987568{padding-top: 30px !important;padding-bottom: 30px !important;background-color: #ffffff !important;background-position: center !important;background-repeat: no-repeat !important;background-size: cover !important;}&#8221; z_index=&#8221;&#8221;][vc_column][vc_column_text] Produits &gt; Software &gt; Biblioth\u00e8que de calcul de lois focales (FLC) [\/vc_column_text][\/vc_column][\/vc_row][vc_row css_animation=&#8221;&#8221; row_type=&#8221;row&#8221; use_row_as_full_screen_section=&#8221;no&#8221; type=&#8221;grid&#8221; angled_section=&#8221;no&#8221; text_align=&#8221;left&#8221; background_image_as_pattern=&#8221;without_pattern&#8221; background_color=&#8221;#f1f3f4&#8243;&#8230;<\/p>\n","protected":false},"author":3,"featured_media":0,"parent":0,"menu_order":0,"comment_status":"open","ping_status":"closed","template":"full_width.php","meta":{"inline_featured_image":false,"footnotes":""},"class_list":["post-17297","page","type-page","status-publish","hentry"],"yoast_head":"<!-- This site is optimized with the Yoast SEO plugin v21.9 - https:\/\/yoast.com\/wordpress\/plugins\/seo\/ -->\n<title>Produit - Biblioth\u00e8que de calcul de lois focales (FLC) - Pragma - NDT<\/title>\n<meta name=\"robots\" content=\"index, follow, max-snippet:-1, max-image-preview:large, max-video-preview:-1\" \/>\n<link rel=\"canonical\" href=\"https:\/\/pragmandt.com\/fr\/product-focal-law-calculation-flc-library\/\" \/>\n<meta property=\"og:locale\" content=\"fr_FR\" \/>\n<meta property=\"og:type\" content=\"article\" \/>\n<meta property=\"og:title\" content=\"Produit - Biblioth\u00e8que de calcul de lois focales (FLC) - Pragma - NDT\" \/>\n<meta property=\"og:description\" content=\"[vc_row css_animation=&#8221;&#8221; row_type=&#8221;row&#8221; use_row_as_full_screen_section=&#8221;no&#8221; type=&#8221;grid&#8221; angled_section=&#8221;no&#8221; text_align=&#8221;left&#8221; background_image_as_pattern=&#8221;without_pattern&#8221; background_color=&#8221;#f1f3f4&#8243; padding_top=&#8221;29&#8243; padding_bottom=&#8221;6&#8243; css=&#8221;.vc_custom_1629072987568{padding-top: 30px !important;padding-bottom: 30px !important;background-color: #ffffff !important;background-position: center !important;background-repeat: no-repeat !important;background-size: cover !important;}&#8221; z_index=&#8221;&#8221;][vc_column][vc_column_text] Produits &gt; Software &gt; Biblioth\u00e8que de calcul de lois focales (FLC) [\/vc_column_text][\/vc_column][\/vc_row][vc_row css_animation=&#8221;&#8221; row_type=&#8221;row&#8221; use_row_as_full_screen_section=&#8221;no&#8221; type=&#8221;grid&#8221; angled_section=&#8221;no&#8221; text_align=&#8221;left&#8221; background_image_as_pattern=&#8221;without_pattern&#8221; background_color=&#8221;#f1f3f4&#8243;...\" \/>\n<meta property=\"og:url\" content=\"https:\/\/pragmandt.com\/fr\/product-focal-law-calculation-flc-library\/\" \/>\n<meta property=\"og:site_name\" content=\"Pragma - NDT\" \/>\n<meta property=\"article:modified_time\" content=\"2024-01-23T22:02:43+00:00\" \/>\n<meta property=\"og:image\" content=\"http:\/\/pragmandt.com\/wp-content\/uploads\/2021\/08\/separateur-triangle-big.png\" \/>\n<meta name=\"twitter:card\" content=\"summary_large_image\" \/>\n<meta name=\"twitter:label1\" content=\"Est. reading time\" \/>\n\t<meta name=\"twitter:data1\" content=\"6 minutes\" \/>\n<script type=\"application\/ld+json\" class=\"yoast-schema-graph\">{\"@context\":\"https:\/\/schema.org\",\"@graph\":[{\"@type\":\"WebPage\",\"@id\":\"https:\/\/pragmandt.com\/fr\/product-focal-law-calculation-flc-library\/\",\"url\":\"https:\/\/pragmandt.com\/fr\/product-focal-law-calculation-flc-library\/\",\"name\":\"Produit - Biblioth\u00e8que de calcul de lois focales (FLC) - Pragma - NDT\",\"isPartOf\":{\"@id\":\"https:\/\/pragmandt.com\/#website\"},\"datePublished\":\"2021-09-16T23:16:19+00:00\",\"dateModified\":\"2024-01-23T22:02:43+00:00\",\"breadcrumb\":{\"@id\":\"https:\/\/pragmandt.com\/fr\/product-focal-law-calculation-flc-library\/#breadcrumb\"},\"inLanguage\":\"fr-FR\",\"potentialAction\":[{\"@type\":\"ReadAction\",\"target\":[\"https:\/\/pragmandt.com\/fr\/product-focal-law-calculation-flc-library\/\"]}]},{\"@type\":\"BreadcrumbList\",\"@id\":\"https:\/\/pragmandt.com\/fr\/product-focal-law-calculation-flc-library\/#breadcrumb\",\"itemListElement\":[{\"@type\":\"ListItem\",\"position\":1,\"name\":\"Home\",\"item\":\"https:\/\/pragmandt.com\/fr\/\"},{\"@type\":\"ListItem\",\"position\":2,\"name\":\"Produit &#8211; Biblioth\u00e8que de calcul de lois focales (FLC)\"}]},{\"@type\":\"WebSite\",\"@id\":\"https:\/\/pragmandt.com\/#website\",\"url\":\"https:\/\/pragmandt.com\/\",\"name\":\"Pragma - NDT\",\"description\":\"Instrumental to your success\",\"potentialAction\":[{\"@type\":\"SearchAction\",\"target\":{\"@type\":\"EntryPoint\",\"urlTemplate\":\"https:\/\/pragmandt.com\/?s={search_term_string}\"},\"query-input\":\"required name=search_term_string\"}],\"inLanguage\":\"fr-FR\"}]}<\/script>\n<!-- \/ Yoast SEO plugin. -->","yoast_head_json":{"title":"Produit - Biblioth\u00e8que de calcul de lois focales (FLC) - Pragma - NDT","robots":{"index":"index","follow":"follow","max-snippet":"max-snippet:-1","max-image-preview":"max-image-preview:large","max-video-preview":"max-video-preview:-1"},"canonical":"https:\/\/pragmandt.com\/fr\/product-focal-law-calculation-flc-library\/","og_locale":"fr_FR","og_type":"article","og_title":"Produit - Biblioth\u00e8que de calcul de lois focales (FLC) - Pragma - NDT","og_description":"[vc_row css_animation=&#8221;&#8221; row_type=&#8221;row&#8221; use_row_as_full_screen_section=&#8221;no&#8221; type=&#8221;grid&#8221; angled_section=&#8221;no&#8221; text_align=&#8221;left&#8221; background_image_as_pattern=&#8221;without_pattern&#8221; background_color=&#8221;#f1f3f4&#8243; padding_top=&#8221;29&#8243; padding_bottom=&#8221;6&#8243; css=&#8221;.vc_custom_1629072987568{padding-top: 30px !important;padding-bottom: 30px !important;background-color: #ffffff !important;background-position: center !important;background-repeat: no-repeat !important;background-size: cover !important;}&#8221; z_index=&#8221;&#8221;][vc_column][vc_column_text] Produits &gt; Software &gt; Biblioth\u00e8que de calcul de lois focales (FLC) [\/vc_column_text][\/vc_column][\/vc_row][vc_row css_animation=&#8221;&#8221; row_type=&#8221;row&#8221; use_row_as_full_screen_section=&#8221;no&#8221; type=&#8221;grid&#8221; angled_section=&#8221;no&#8221; text_align=&#8221;left&#8221; background_image_as_pattern=&#8221;without_pattern&#8221; background_color=&#8221;#f1f3f4&#8243;...","og_url":"https:\/\/pragmandt.com\/fr\/product-focal-law-calculation-flc-library\/","og_site_name":"Pragma - NDT","article_modified_time":"2024-01-23T22:02:43+00:00","og_image":[{"url":"http:\/\/pragmandt.com\/wp-content\/uploads\/2021\/08\/separateur-triangle-big.png"}],"twitter_card":"summary_large_image","twitter_misc":{"Est. reading time":"6 minutes"},"schema":{"@context":"https:\/\/schema.org","@graph":[{"@type":"WebPage","@id":"https:\/\/pragmandt.com\/fr\/product-focal-law-calculation-flc-library\/","url":"https:\/\/pragmandt.com\/fr\/product-focal-law-calculation-flc-library\/","name":"Produit - Biblioth\u00e8que de calcul de lois focales (FLC) - Pragma - NDT","isPartOf":{"@id":"https:\/\/pragmandt.com\/#website"},"datePublished":"2021-09-16T23:16:19+00:00","dateModified":"2024-01-23T22:02:43+00:00","breadcrumb":{"@id":"https:\/\/pragmandt.com\/fr\/product-focal-law-calculation-flc-library\/#breadcrumb"},"inLanguage":"fr-FR","potentialAction":[{"@type":"ReadAction","target":["https:\/\/pragmandt.com\/fr\/product-focal-law-calculation-flc-library\/"]}]},{"@type":"BreadcrumbList","@id":"https:\/\/pragmandt.com\/fr\/product-focal-law-calculation-flc-library\/#breadcrumb","itemListElement":[{"@type":"ListItem","position":1,"name":"Home","item":"https:\/\/pragmandt.com\/fr\/"},{"@type":"ListItem","position":2,"name":"Produit &#8211; Biblioth\u00e8que de calcul de lois focales (FLC)"}]},{"@type":"WebSite","@id":"https:\/\/pragmandt.com\/#website","url":"https:\/\/pragmandt.com\/","name":"Pragma - NDT","description":"Instrumental to your success","potentialAction":[{"@type":"SearchAction","target":{"@type":"EntryPoint","urlTemplate":"https:\/\/pragmandt.com\/?s={search_term_string}"},"query-input":"required name=search_term_string"}],"inLanguage":"fr-FR"}]}},"_links":{"self":[{"href":"https:\/\/pragmandt.com\/fr\/wp-json\/wp\/v2\/pages\/17297","targetHints":{"allow":["GET"]}}],"collection":[{"href":"https:\/\/pragmandt.com\/fr\/wp-json\/wp\/v2\/pages"}],"about":[{"href":"https:\/\/pragmandt.com\/fr\/wp-json\/wp\/v2\/types\/page"}],"author":[{"embeddable":true,"href":"https:\/\/pragmandt.com\/fr\/wp-json\/wp\/v2\/users\/3"}],"replies":[{"embeddable":true,"href":"https:\/\/pragmandt.com\/fr\/wp-json\/wp\/v2\/comments?post=17297"}],"version-history":[{"count":2,"href":"https:\/\/pragmandt.com\/fr\/wp-json\/wp\/v2\/pages\/17297\/revisions"}],"predecessor-version":[{"id":17304,"href":"https:\/\/pragmandt.com\/fr\/wp-json\/wp\/v2\/pages\/17297\/revisions\/17304"}],"wp:attachment":[{"href":"https:\/\/pragmandt.com\/fr\/wp-json\/wp\/v2\/media?parent=17297"}],"curies":[{"name":"wp","href":"https:\/\/api.w.org\/{rel}","templated":true}]}}