{"id":17300,"date":"2022-01-05T22:13:31","date_gmt":"2022-01-05T22:13:31","guid":{"rendered":"https:\/\/pragmandt.com\/technologies-ultrasonic-testing\/"},"modified":"2024-01-23T21:40:23","modified_gmt":"2024-01-23T21:40:23","slug":"technologies-ultrasonic-testing","status":"publish","type":"page","link":"https:\/\/pragmandt.com\/fr\/technologies-ultrasonic-testing\/","title":{"rendered":"Technologies &#8211; Ultrasons"},"content":{"rendered":"<p>[vc_row css_animation=&#8221;&#8221; row_type=&#8221;row&#8221; use_row_as_full_screen_section=&#8221;no&#8221; type=&#8221;grid&#8221; angled_section=&#8221;no&#8221; text_align=&#8221;left&#8221; background_image_as_pattern=&#8221;without_pattern&#8221; background_color=&#8221;#f1f3f4&#8243; padding_top=&#8221;29&#8243; padding_bottom=&#8221;6&#8243; css=&#8221;.vc_custom_1629072987568{padding-top: 30px !important;padding-bottom: 30px !important;background-color: #ffffff !important;background-position: center !important;background-repeat: no-repeat !important;background-size: cover !important;}&#8221; z_index=&#8221;&#8221;][vc_column][vc_column_text]<\/p>\n<p style=\"text-align: left;\"><span style=\"font-size: 16pt; font-family: d-dincondensed;\"><span style=\"color: #000000;\"><a style=\"color: #000000;\" href=\"#\">Technologies<\/a><\/span> &gt;\u00a0<a href=\"#\"><span style=\"color: #d74532;\">Ultrasons<\/span><\/a><\/span><\/p>\n<p>[\/vc_column_text][\/vc_column][\/vc_row][vc_row css_animation=&#8221;&#8221; row_type=&#8221;row&#8221; use_row_as_full_screen_section=&#8221;no&#8221; type=&#8221;grid&#8221; angled_section=&#8221;no&#8221; text_align=&#8221;left&#8221; background_image_as_pattern=&#8221;without_pattern&#8221; background_color=&#8221;#f1f3f4&#8243; padding_top=&#8221;29&#8243; padding_bottom=&#8221;29&#8243; css=&#8221;.vc_custom_1642962752972{padding-top: 50px !important;padding-bottom: 50px !important;background-image: url(http:\/\/pragmandt.com\/wp-content\/uploads\/2022\/01\/banner-ultrasonic.bw_.png?id=16884) !important;background-position: center !important;background-repeat: no-repeat !important;background-size: cover !important;}&#8221; z_index=&#8221;&#8221;][vc_column][vc_single_image image=&#8221;15543&#8243; img_size=&#8221;full&#8221; qode_css_animation=&#8221;&#8221; css=&#8221;.vc_custom_1629992358596{padding-bottom: 5px !important;padding-left: 2px !important;}&#8221;][vc_column_text]<\/p>\n<h1><span style=\"color: #ffffff; font-family: d-dincondensed-bold;\"><span style=\"font-size: 65px;\">Ultrasons<\/span><\/span><\/h1>\n<p>[\/vc_column_text][vc_separator type=&#8221;transparent&#8221; thickness=&#8221;3&#8243; up=&#8221;15&#8243; down=&#8221;25&#8243;][vc_column_text]<\/p>\n<h6><span style=\"color: #ffffff; font-size: 24pt; font-family: d-dincondensed;\">Utiliser le son pour \u00e9valuer l\u2019int\u00e9grit\u00e9 des mat\u00e9riaux<\/span><\/h6>\n<p>[\/vc_column_text][vc_separator type=&#8221;transparent&#8221; thickness=&#8221;3&#8243; up=&#8221;15&#8243; down=&#8221;15&#8243;][\/vc_column][\/vc_row][vc_row css_animation=&#8221;&#8221; row_type=&#8221;row&#8221; use_row_as_full_screen_section=&#8221;no&#8221; type=&#8221;grid&#8221; angled_section=&#8221;no&#8221; text_align=&#8221;left&#8221; background_image_as_pattern=&#8221;without_pattern&#8221; background_color=&#8221;#f7f8f9&#8243; padding_top=&#8221;95&#8243; padding_bottom=&#8221;71&#8243; css=&#8221;.vc_custom_1639740634600{background-color: #ffffff !important;}&#8221; z_index=&#8221;&#8221;][vc_column width=&#8221;1\/2&#8243; css=&#8221;.vc_custom_1629074152749{padding-top: 25px !important;padding-right: 25px !important;padding-bottom: 25px !important;padding-left: 25px !important;}&#8221;][vc_column_text]<\/p>\n<h2 class=\"p1\"><span style=\"font-family: d-dincondensed;\"><span style=\"font-size: 21.3333px;\">Tests par ultrasons<\/span><\/span><\/h2>\n<p>[\/vc_column_text][vc_separator type=&#8221;transparent&#8221; thickness=&#8221;3&#8243; up=&#8221;15&#8243; down=&#8221;15&#8243;][vc_column_text]<span style=\"font-size: 16pt; font-family: d-dincondensed;\">Les tests par ultrasons constituent une m\u00e9thode de contr\u00f4le non destructif dans laquelle des faisceaux d\u2019ondes sonores de haute fr\u00e9quence sont introduits dans les mat\u00e9riaux pour d\u00e9tecter les d\u00e9fauts de surface, de sous-surface, ou internes dans le mat\u00e9riau. Les ondes sonores se propagent \u00e0 travers le mat\u00e9riau avec une perte d&#8217;\u00e9nergie (att\u00e9nuation) et sont r\u00e9fl\u00e9chies (comme d\u00e9crit <a href=\"https:\/\/pragmandt.com\/pragma-knowledge-base\/basic-description\/\">ici)<\/a>. Le faisceau r\u00e9fl\u00e9chi est affich\u00e9, puis analys\u00e9 pour d\u00e9finir la pr\u00e9sence et l&#8217;emplacement des d\u00e9fauts ou des discontinuit\u00e9s.<\/span>[\/vc_column_text][vc_separator type=&#8221;transparent&#8221; thickness=&#8221;3&#8243; up=&#8221;15&#8243; down=&#8221;15&#8243;][vc_column_text]<span style=\"font-size: 16pt; font-family: d-dincondensed;\">Selon le processus de fabrication de la pi\u00e8ce, il existe une myriade de d\u00e9fauts qui peuvent \u00eatre d\u00e9tect\u00e9s. Des exemples tels que des fissures, des laminations, des cavit\u00e9s de r\u00e9traction, des \u00e9clatements, des flocons, des pores et d&#8217;autres discontinuit\u00e9s sont \u00e0 la port\u00e9e des tests ultrasonores. Des inclusions et d&#8217;autres inhomog\u00e9n\u00e9it\u00e9s peuvent \u00e9galement \u00eatre d\u00e9tect\u00e9es en provoquant une r\u00e9flexion partielle ou une diffusion des ondes ultrasonores, ou en produisant un autre effet d\u00e9tectable sur les ondes ultrasonores.<\/span>[\/vc_column_text][vc_separator type=&#8221;transparent&#8221; thickness=&#8221;3&#8243; up=&#8221;15&#8243; down=&#8221;15&#8243;][\/vc_column][vc_column width=&#8221;1\/2&#8243; css=&#8221;.vc_custom_1629074156960{padding-top: 25px !important;padding-bottom: 25px !important;}&#8221;][vc_single_image image=&#8221;16142&#8243; img_size=&#8221;full&#8221; alignment=&#8221;center&#8221; qode_css_animation=&#8221;&#8221;][\/vc_column][\/vc_row][vc_row css_animation=&#8221;&#8221; row_type=&#8221;row&#8221; use_row_as_full_screen_section=&#8221;no&#8221; type=&#8221;grid&#8221; angled_section=&#8221;no&#8221; text_align=&#8221;left&#8221; background_image_as_pattern=&#8221;without_pattern&#8221; background_color=&#8221;#f7f8f9&#8243; padding_top=&#8221;35&#8243; padding_bottom=&#8221;71&#8243; css=&#8221;.vc_custom_1639740645982{background-color: #ffffff !important;}&#8221; z_index=&#8221;&#8221;][vc_column css=&#8221;.vc_custom_1629074152749{padding-top: 25px !important;padding-right: 25px !important;padding-bottom: 25px !important;padding-left: 25px !important;}&#8221;][vc_column_text]<span style=\"font-size: 16pt; font-family: d-dincondensed;\">L&#8217;inspection par ultrasons est l&#8217;une des m\u00e9thodes les plus largement utilis\u00e9es en contr\u00f4le non destructif. Son application principale dans l&#8217;inspection des m\u00e9taux est la d\u00e9tection et la caract\u00e9risation des d\u00e9fauts internes ; elle est \u00e9galement utilis\u00e9e pour d\u00e9tecter les d\u00e9fauts de surface, d\u00e9finir les caract\u00e9ristiques de liaison, mesurer l&#8217;\u00e9paisseur et l&#8217;\u00e9tendue de la corrosion, et (beaucoup moins fr\u00e9quemment) pour d\u00e9terminer les propri\u00e9t\u00e9s physiques, la structure, la taille des grains et les constantes \u00e9lastiques.<\/span>[\/vc_column_text][vc_separator type=&#8221;transparent&#8221; thickness=&#8221;3&#8243; up=&#8221;15&#8243; down=&#8221;15&#8243;][\/vc_column][\/vc_row][vc_row css_animation=&#8221;&#8221; row_type=&#8221;row&#8221; use_row_as_full_screen_section=&#8221;no&#8221; type=&#8221;grid&#8221; angled_section=&#8221;no&#8221; text_align=&#8221;left&#8221; background_image_as_pattern=&#8221;without_pattern&#8221; background_color=&#8221;#f7f8f9&#8243; padding_top=&#8221;95&#8243; padding_bottom=&#8221;71&#8243; z_index=&#8221;&#8221;][vc_column width=&#8221;1\/2&#8243; css=&#8221;.vc_custom_1629074152749{padding-top: 25px !important;padding-right: 25px !important;padding-bottom: 25px !important;padding-left: 25px !important;}&#8221;][vc_column_text]<\/p>\n<h2 class=\"p1\"><span style=\"font-family: d-dincondensed;\"><span style=\"font-size: 21.3333px;\">Avantages<\/span><\/span><\/h2>\n<p>[\/vc_column_text][vc_separator type=&#8221;transparent&#8221; thickness=&#8221;3&#8243; up=&#8221;15&#8243; down=&#8221;15&#8243;]<div class='q_list circle'><\/p>\n<ul style=\"font-family: d-dincondensed;\">\n<li>\n<p class=\"p1\">Sensibilit\u00e9 \u00e9lev\u00e9e, permettant la d\u00e9tection de d\u00e9fauts extr\u00eamement petits.<\/p>\n<\/li>\n<li>\n<p class=\"p1\">Pr\u00e9cision sup\u00e9rieure aux autres m\u00e9thodes non destructives pour d\u00e9terminer la position des d\u00e9fauts internes, estimer leur taille et caract\u00e9riser leur orientation, leur forme et leur nature.<\/p>\n<\/li>\n<li>\n<p class=\"p1\">Fonctionnement \u00e9lectronique, fournissant des indications quasi-instantan\u00e9es des d\u00e9fauts. Cela rend la m\u00e9thode adapt\u00e9e \u00e0 une interpr\u00e9tation imm\u00e9diate, \u00e0 l&#8217;automatisation, au balayage rapide, \u00e0 la surveillance de la production en ligne et au contr\u00f4le des processus.<\/p>\n<\/li>\n<li>\n<p class=\"p1\">Capacit\u00e9 de balayage volum\u00e9trique, permettant l&#8217;inspection d&#8217;un volume de m\u00e9tal s&#8217;\u00e9tendant de la surface avant \u00e0 la surface arri\u00e8re d&#8217;une pi\u00e8ce.<\/p>\n<\/li>\n<\/ul>\n<p><\/div>[\/vc_column][vc_column width=&#8221;1\/2&#8243; css=&#8221;.vc_custom_1629074156960{padding-top: 25px !important;padding-bottom: 25px !important;}&#8221;][vc_column_text]<\/p>\n<h2 class=\"p1\"><span style=\"font-family: d-dincondensed;\"><span style=\"font-size: 21.3333px;\">Inconv\u00e9nients<\/span><\/span><\/h2>\n<p>[\/vc_column_text][vc_separator type=&#8221;transparent&#8221; thickness=&#8221;3&#8243; up=&#8221;15&#8243; down=&#8221;15&#8243;]<div class='q_list circle'><\/p>\n<ul style=\"font-family: d-dincondensed;\">\n<li>\n<p class=\"p1\">L&#8217;op\u00e9ration manuelle n\u00e9cessite une attention minutieuse de la part de techniciens exp\u00e9riment\u00e9s.<\/p>\n<\/li>\n<li>\n<p class=\"p1\">Une connaissance technique approfondie est n\u00e9cessaire pour le d\u00e9veloppement des proc\u00e9dures d&#8217;inspection.<\/p>\n<\/li>\n<li>\n<p class=\"p1\">Les pi\u00e8ces rugueuses, irr\u00e9guli\u00e8res, tr\u00e8s petites ou minces, ou non homog\u00e8nes sont difficiles \u00e0 inspecter.<\/p>\n<\/li>\n<li>\n<p class=\"p1\">Des couplants sont n\u00e9cessaires pour assurer le transfert efficace de l&#8217;\u00e9nergie des ondes ultrasonores entre les transducteurs et les pi\u00e8ces inspect\u00e9es.<\/p>\n<\/li>\n<\/ul>\n<p><\/div>[\/vc_column][\/vc_row][vc_row css_animation=&#8221;&#8221; row_type=&#8221;row&#8221; use_row_as_full_screen_section=&#8221;no&#8221; type=&#8221;grid&#8221; angled_section=&#8221;no&#8221; text_align=&#8221;left&#8221; background_image_as_pattern=&#8221;without_pattern&#8221; background_color=&#8221;#f7f8f9&#8243; padding_top=&#8221;95&#8243; padding_bottom=&#8221;71&#8243; css=&#8221;.vc_custom_1630008349914{background-color: #ffffff !important;}&#8221; z_index=&#8221;&#8221;][vc_column width=&#8221;1\/2&#8243; css=&#8221;.vc_custom_1629074152749{padding-top: 25px !important;padding-right: 25px !important;padding-bottom: 25px !important;padding-left: 25px !important;}&#8221;][vc_column_text]<\/p>\n<h2 class=\"p1\" style=\"text-align: left;\"><span style=\"font-family: d-dincondensed;\"><span style=\"font-size: 21.3333px;\">Ultrasons multi-\u00e9l\u00e9ments<\/span><\/span><\/h2>\n<p>[\/vc_column_text][vc_separator type=&#8221;transparent&#8221; thickness=&#8221;3&#8243; up=&#8221;15&#8243; down=&#8221;15&#8243;][vc_column_text]<\/p>\n<p style=\"text-align: left;\"><span style=\"font-size: 16pt; font-family: d-dincondensed;\">La technologie \u00e0 ultrasons multi-\u00e9l\u00e9ments (\u00e9galement appel\u00e9e phased array) permet de cr\u00e9er des faisceaux acoustiques ayant les m\u00eames caract\u00e9ristiques qu&#8217;un faisceau produit par la technologie conventionnelle (\u00e9galement appel\u00e9e mono-\u00e9l\u00e9ment ou mono-transducteur) : largeur, profondeur de champ, demi-angle de divergence, etc. Cependant, la technologie \u00e0 \u00e9l\u00e9ments multiples permet de changer les propri\u00e9t\u00e9s du faisceau par reprogrammation \u00e9lectronique rapide. C&#8217;est pourquoi nous appelons un syst\u00e8me \u00e0 \u00e9l\u00e9ments multiples un \u00ab formateur de faisceau \u00bb. Nous modifions g\u00e9n\u00e9ralement 4 choses avec ces moyens \u00e9lectroniques : la taille de l&#8217;ouverture, la position de l&#8217;ouverture, l&#8217;angle de transmission et la profondeur de mise au point.<\/span><\/p>\n<p>[\/vc_column_text][\/vc_column][vc_column width=&#8221;1\/2&#8243;][vc_single_image image=&#8221;16270&#8243; img_size=&#8221;full&#8221; alignment=&#8221;center&#8221; qode_css_animation=&#8221;&#8221;][\/vc_column][\/vc_row][vc_row css_animation=&#8221;&#8221; row_type=&#8221;row&#8221; use_row_as_full_screen_section=&#8221;no&#8221; type=&#8221;grid&#8221; angled_section=&#8221;no&#8221; text_align=&#8221;left&#8221; background_image_as_pattern=&#8221;without_pattern&#8221; background_color=&#8221;#f7f8f9&#8243; padding_top=&#8221;95&#8243; padding_bottom=&#8221;71&#8243; z_index=&#8221;&#8221;][vc_column width=&#8221;1\/2&#8243; css=&#8221;.vc_custom_1629074152749{padding-top: 25px !important;padding-right: 25px !important;padding-bottom: 25px !important;padding-left: 25px !important;}&#8221;][vc_column_text]<\/p>\n<h2 class=\"p1\"><span style=\"font-family: d-dincondensed;\"><span style=\"font-size: 21.3333px;\">Avantages<\/span><\/span><\/h2>\n<p>[\/vc_column_text][vc_separator type=&#8221;transparent&#8221; thickness=&#8221;3&#8243; up=&#8221;15&#8243; down=&#8221;15&#8243;]<div class='q_list circle'><\/p>\n<ul style=\"font-family: d-dincondensed;\">\n<li>\n<p class=\"p1\">Sensibilit\u00e9 \u00e9lev\u00e9e, permettant la d\u00e9tection de d\u00e9fauts extr\u00eamement petits.<\/p>\n<\/li>\n<li>\n<p class=\"p1\">Pr\u00e9cision sup\u00e9rieure par rapport \u00e0 d&#8217;autres m\u00e9thodes non destructives pour d\u00e9terminer la position des d\u00e9fauts internes, estimer leur taille et caract\u00e9riser leur orientation, leur forme et leur nature.<\/p>\n<\/li>\n<li>\n<p class=\"p1\">Fonctionnement \u00e9lectronique, fournissant des indications quasi-instantan\u00e9es des d\u00e9fauts. Cela rend la m\u00e9thode adapt\u00e9e \u00e0 une interpr\u00e9tation imm\u00e9diate, \u00e0 l&#8217;automatisation, au balayage rapide, \u00e0 la surveillance de la production en ligne et au contr\u00f4le des processus.<\/p>\n<\/li>\n<li>\n<p class=\"p1\">Capacit\u00e9 de balayage volum\u00e9trique, permettant l&#8217;inspection d&#8217;un volume de m\u00e9tal s&#8217;\u00e9tendant de la surface avant \u00e0 la surface arri\u00e8re d&#8217;une pi\u00e8ce.<\/p>\n<\/li>\n<\/ul>\n<p><\/div>[\/vc_column][vc_column width=&#8221;1\/2&#8243; css=&#8221;.vc_custom_1629074156960{padding-top: 25px !important;padding-bottom: 25px !important;}&#8221;][vc_column_text]<\/p>\n<h2 class=\"p1\"><span style=\"font-family: d-dincondensed;\"><span style=\"font-size: 21.3333px;\">Inconv\u00e9nients<\/span><\/span><\/h2>\n<p>[\/vc_column_text][vc_separator type=&#8221;transparent&#8221; thickness=&#8221;3&#8243; up=&#8221;15&#8243; down=&#8221;15&#8243;]<div class='q_list circle'><\/p>\n<ul style=\"font-family: d-dincondensed;\">\n<li>\n<p class=\"p1\">L&#8217;op\u00e9ration manuelle n\u00e9cessite une attention minutieuse de la part de techniciens exp\u00e9riment\u00e9s.<\/p>\n<\/li>\n<li>\n<p class=\"p1\">Une connaissance technique approfondie est n\u00e9cessaire pour le d\u00e9veloppement des proc\u00e9dures d&#8217;inspection.<\/p>\n<\/li>\n<li>\n<p class=\"p1\">Les pi\u00e8ces rugueuses, irr\u00e9guli\u00e8res, tr\u00e8s petites ou minces, ou non homog\u00e8nes sont difficiles \u00e0 inspecter.<\/p>\n<\/li>\n<li>\n<p class=\"p1\">Des couplants sont n\u00e9cessaires pour assurer le transfert efficace de l&#8217;\u00e9nergie des ondes ultrasonores entre les transducteurs et les pi\u00e8ces inspect\u00e9es.<\/p>\n<\/li>\n<\/ul>\n<p><\/div>[\/vc_column][\/vc_row]<\/p>\n","protected":false},"excerpt":{"rendered":"<p>[vc_row css_animation=&#8221;&#8221; row_type=&#8221;row&#8221; use_row_as_full_screen_section=&#8221;no&#8221; type=&#8221;grid&#8221; angled_section=&#8221;no&#8221; text_align=&#8221;left&#8221; background_image_as_pattern=&#8221;without_pattern&#8221; background_color=&#8221;#f1f3f4&#8243; padding_top=&#8221;29&#8243; padding_bottom=&#8221;6&#8243; css=&#8221;.vc_custom_1629072987568{padding-top: 30px !important;padding-bottom: 30px !important;background-color: #ffffff !important;background-position: center !important;background-repeat: no-repeat !important;background-size: cover !important;}&#8221; z_index=&#8221;&#8221;][vc_column][vc_column_text] Technologies &gt;\u00a0Ultrasons [\/vc_column_text][\/vc_column][\/vc_row][vc_row css_animation=&#8221;&#8221; row_type=&#8221;row&#8221; use_row_as_full_screen_section=&#8221;no&#8221; type=&#8221;grid&#8221; angled_section=&#8221;no&#8221; text_align=&#8221;left&#8221; background_image_as_pattern=&#8221;without_pattern&#8221; background_color=&#8221;#f1f3f4&#8243; padding_top=&#8221;29&#8243; padding_bottom=&#8221;29&#8243; css=&#8221;.vc_custom_1642962752972{padding-top: 50px !important;padding-bottom: 50px !important;background-image: url(http:\/\/pragmandt.com\/wp-content\/uploads\/2022\/01\/banner-ultrasonic.bw_.png?id=16884) !important;background-position:&#8230;<\/p>\n","protected":false},"author":8,"featured_media":0,"parent":0,"menu_order":0,"comment_status":"open","ping_status":"closed","template":"full_width.php","meta":{"inline_featured_image":false,"footnotes":""},"class_list":["post-17300","page","type-page","status-publish","hentry"],"yoast_head":"<!-- This site is optimized with the Yoast SEO plugin v21.9 - https:\/\/yoast.com\/wordpress\/plugins\/seo\/ -->\n<title>Technologies - Ultrasons - Pragma - NDT<\/title>\n<meta name=\"robots\" content=\"index, follow, max-snippet:-1, max-image-preview:large, max-video-preview:-1\" \/>\n<link rel=\"canonical\" href=\"https:\/\/pragmandt.com\/fr\/technologies-ultrasonic-testing\/\" \/>\n<meta property=\"og:locale\" content=\"fr_FR\" \/>\n<meta property=\"og:type\" content=\"article\" \/>\n<meta property=\"og:title\" content=\"Technologies - Ultrasons - Pragma - NDT\" \/>\n<meta property=\"og:description\" content=\"[vc_row css_animation=&#8221;&#8221; row_type=&#8221;row&#8221; use_row_as_full_screen_section=&#8221;no&#8221; type=&#8221;grid&#8221; angled_section=&#8221;no&#8221; text_align=&#8221;left&#8221; background_image_as_pattern=&#8221;without_pattern&#8221; background_color=&#8221;#f1f3f4&#8243; padding_top=&#8221;29&#8243; padding_bottom=&#8221;6&#8243; css=&#8221;.vc_custom_1629072987568{padding-top: 30px !important;padding-bottom: 30px !important;background-color: #ffffff !important;background-position: center !important;background-repeat: no-repeat !important;background-size: cover !important;}&#8221; z_index=&#8221;&#8221;][vc_column][vc_column_text] Technologies &gt;\u00a0Ultrasons [\/vc_column_text][\/vc_column][\/vc_row][vc_row css_animation=&#8221;&#8221; row_type=&#8221;row&#8221; use_row_as_full_screen_section=&#8221;no&#8221; type=&#8221;grid&#8221; angled_section=&#8221;no&#8221; text_align=&#8221;left&#8221; background_image_as_pattern=&#8221;without_pattern&#8221; background_color=&#8221;#f1f3f4&#8243; padding_top=&#8221;29&#8243; padding_bottom=&#8221;29&#8243; css=&#8221;.vc_custom_1642962752972{padding-top: 50px !important;padding-bottom: 50px !important;background-image: url(http:\/\/pragmandt.com\/wp-content\/uploads\/2022\/01\/banner-ultrasonic.bw_.png?id=16884) !important;background-position:...\" \/>\n<meta property=\"og:url\" content=\"https:\/\/pragmandt.com\/fr\/technologies-ultrasonic-testing\/\" \/>\n<meta property=\"og:site_name\" content=\"Pragma - NDT\" \/>\n<meta property=\"article:modified_time\" content=\"2024-01-23T21:40:23+00:00\" \/>\n<meta name=\"twitter:card\" content=\"summary_large_image\" \/>\n<meta name=\"twitter:label1\" content=\"Est. reading time\" \/>\n\t<meta name=\"twitter:data1\" content=\"8 minutes\" \/>\n<script type=\"application\/ld+json\" class=\"yoast-schema-graph\">{\"@context\":\"https:\/\/schema.org\",\"@graph\":[{\"@type\":\"WebPage\",\"@id\":\"https:\/\/pragmandt.com\/fr\/technologies-ultrasonic-testing\/\",\"url\":\"https:\/\/pragmandt.com\/fr\/technologies-ultrasonic-testing\/\",\"name\":\"Technologies - Ultrasons - Pragma - NDT\",\"isPartOf\":{\"@id\":\"https:\/\/pragmandt.com\/#website\"},\"datePublished\":\"2022-01-05T22:13:31+00:00\",\"dateModified\":\"2024-01-23T21:40:23+00:00\",\"breadcrumb\":{\"@id\":\"https:\/\/pragmandt.com\/fr\/technologies-ultrasonic-testing\/#breadcrumb\"},\"inLanguage\":\"fr-FR\",\"potentialAction\":[{\"@type\":\"ReadAction\",\"target\":[\"https:\/\/pragmandt.com\/fr\/technologies-ultrasonic-testing\/\"]}]},{\"@type\":\"BreadcrumbList\",\"@id\":\"https:\/\/pragmandt.com\/fr\/technologies-ultrasonic-testing\/#breadcrumb\",\"itemListElement\":[{\"@type\":\"ListItem\",\"position\":1,\"name\":\"Home\",\"item\":\"https:\/\/pragmandt.com\/fr\/\"},{\"@type\":\"ListItem\",\"position\":2,\"name\":\"Technologies &#8211; Ultrasons\"}]},{\"@type\":\"WebSite\",\"@id\":\"https:\/\/pragmandt.com\/#website\",\"url\":\"https:\/\/pragmandt.com\/\",\"name\":\"Pragma - NDT\",\"description\":\"Instrumental to your success\",\"potentialAction\":[{\"@type\":\"SearchAction\",\"target\":{\"@type\":\"EntryPoint\",\"urlTemplate\":\"https:\/\/pragmandt.com\/?s={search_term_string}\"},\"query-input\":\"required name=search_term_string\"}],\"inLanguage\":\"fr-FR\"}]}<\/script>\n<!-- \/ Yoast SEO plugin. -->","yoast_head_json":{"title":"Technologies - Ultrasons - Pragma - NDT","robots":{"index":"index","follow":"follow","max-snippet":"max-snippet:-1","max-image-preview":"max-image-preview:large","max-video-preview":"max-video-preview:-1"},"canonical":"https:\/\/pragmandt.com\/fr\/technologies-ultrasonic-testing\/","og_locale":"fr_FR","og_type":"article","og_title":"Technologies - Ultrasons - Pragma - NDT","og_description":"[vc_row css_animation=&#8221;&#8221; row_type=&#8221;row&#8221; use_row_as_full_screen_section=&#8221;no&#8221; type=&#8221;grid&#8221; angled_section=&#8221;no&#8221; text_align=&#8221;left&#8221; background_image_as_pattern=&#8221;without_pattern&#8221; background_color=&#8221;#f1f3f4&#8243; padding_top=&#8221;29&#8243; padding_bottom=&#8221;6&#8243; css=&#8221;.vc_custom_1629072987568{padding-top: 30px !important;padding-bottom: 30px !important;background-color: #ffffff !important;background-position: center !important;background-repeat: no-repeat !important;background-size: cover !important;}&#8221; z_index=&#8221;&#8221;][vc_column][vc_column_text] Technologies &gt;\u00a0Ultrasons [\/vc_column_text][\/vc_column][\/vc_row][vc_row css_animation=&#8221;&#8221; row_type=&#8221;row&#8221; use_row_as_full_screen_section=&#8221;no&#8221; type=&#8221;grid&#8221; angled_section=&#8221;no&#8221; text_align=&#8221;left&#8221; background_image_as_pattern=&#8221;without_pattern&#8221; background_color=&#8221;#f1f3f4&#8243; padding_top=&#8221;29&#8243; padding_bottom=&#8221;29&#8243; css=&#8221;.vc_custom_1642962752972{padding-top: 50px !important;padding-bottom: 50px !important;background-image: url(http:\/\/pragmandt.com\/wp-content\/uploads\/2022\/01\/banner-ultrasonic.bw_.png?id=16884) !important;background-position:...","og_url":"https:\/\/pragmandt.com\/fr\/technologies-ultrasonic-testing\/","og_site_name":"Pragma - NDT","article_modified_time":"2024-01-23T21:40:23+00:00","twitter_card":"summary_large_image","twitter_misc":{"Est. reading time":"8 minutes"},"schema":{"@context":"https:\/\/schema.org","@graph":[{"@type":"WebPage","@id":"https:\/\/pragmandt.com\/fr\/technologies-ultrasonic-testing\/","url":"https:\/\/pragmandt.com\/fr\/technologies-ultrasonic-testing\/","name":"Technologies - Ultrasons - Pragma - NDT","isPartOf":{"@id":"https:\/\/pragmandt.com\/#website"},"datePublished":"2022-01-05T22:13:31+00:00","dateModified":"2024-01-23T21:40:23+00:00","breadcrumb":{"@id":"https:\/\/pragmandt.com\/fr\/technologies-ultrasonic-testing\/#breadcrumb"},"inLanguage":"fr-FR","potentialAction":[{"@type":"ReadAction","target":["https:\/\/pragmandt.com\/fr\/technologies-ultrasonic-testing\/"]}]},{"@type":"BreadcrumbList","@id":"https:\/\/pragmandt.com\/fr\/technologies-ultrasonic-testing\/#breadcrumb","itemListElement":[{"@type":"ListItem","position":1,"name":"Home","item":"https:\/\/pragmandt.com\/fr\/"},{"@type":"ListItem","position":2,"name":"Technologies &#8211; Ultrasons"}]},{"@type":"WebSite","@id":"https:\/\/pragmandt.com\/#website","url":"https:\/\/pragmandt.com\/","name":"Pragma - NDT","description":"Instrumental to your success","potentialAction":[{"@type":"SearchAction","target":{"@type":"EntryPoint","urlTemplate":"https:\/\/pragmandt.com\/?s={search_term_string}"},"query-input":"required name=search_term_string"}],"inLanguage":"fr-FR"}]}},"_links":{"self":[{"href":"https:\/\/pragmandt.com\/fr\/wp-json\/wp\/v2\/pages\/17300","targetHints":{"allow":["GET"]}}],"collection":[{"href":"https:\/\/pragmandt.com\/fr\/wp-json\/wp\/v2\/pages"}],"about":[{"href":"https:\/\/pragmandt.com\/fr\/wp-json\/wp\/v2\/types\/page"}],"author":[{"embeddable":true,"href":"https:\/\/pragmandt.com\/fr\/wp-json\/wp\/v2\/users\/8"}],"replies":[{"embeddable":true,"href":"https:\/\/pragmandt.com\/fr\/wp-json\/wp\/v2\/comments?post=17300"}],"version-history":[{"count":2,"href":"https:\/\/pragmandt.com\/fr\/wp-json\/wp\/v2\/pages\/17300\/revisions"}],"predecessor-version":[{"id":17301,"href":"https:\/\/pragmandt.com\/fr\/wp-json\/wp\/v2\/pages\/17300\/revisions\/17301"}],"wp:attachment":[{"href":"https:\/\/pragmandt.com\/fr\/wp-json\/wp\/v2\/media?parent=17300"}],"curies":[{"name":"wp","href":"https:\/\/api.w.org\/{rel}","templated":true}]}}