{"id":17312,"date":"2021-09-09T00:14:45","date_gmt":"2021-09-09T00:14:45","guid":{"rendered":"https:\/\/pragmandt.com\/technologies-laser-scanning\/"},"modified":"2024-01-24T17:18:38","modified_gmt":"2024-01-24T17:18:38","slug":"technologies-laser-scanning","status":"publish","type":"page","link":"https:\/\/pragmandt.com\/fr\/technologies-laser-scanning\/","title":{"rendered":"Technologies &#8211; Num\u00e9risation laser"},"content":{"rendered":"<p>[vc_row css_animation=&#8221;&#8221; row_type=&#8221;row&#8221; use_row_as_full_screen_section=&#8221;no&#8221; type=&#8221;grid&#8221; angled_section=&#8221;no&#8221; text_align=&#8221;left&#8221; background_image_as_pattern=&#8221;without_pattern&#8221; background_color=&#8221;#f1f3f4&#8243; padding_top=&#8221;29&#8243; padding_bottom=&#8221;6&#8243; css=&#8221;.vc_custom_1629072987568{padding-top: 30px !important;padding-bottom: 30px !important;background-color: #ffffff !important;background-position: center !important;background-repeat: no-repeat !important;background-size: cover !important;}&#8221; z_index=&#8221;&#8221;][vc_column][vc_column_text]<\/p>\n<p style=\"text-align: left;\"><span style=\"font-size: 16pt; font-family: d-dincondensed;\"><span style=\"color: #000000;\"><a style=\"color: #000000;\" href=\"#\">Technologies<\/a><\/span> &gt; <a href=\"#\"><span style=\"color: #d74532;\">Num\u00e9risation laser<\/span><\/a><\/span><\/p>\n<p>[\/vc_column_text][\/vc_column][\/vc_row][vc_row css_animation=&#8221;&#8221; row_type=&#8221;row&#8221; use_row_as_full_screen_section=&#8221;no&#8221; type=&#8221;grid&#8221; angled_section=&#8221;no&#8221; text_align=&#8221;left&#8221; background_image_as_pattern=&#8221;without_pattern&#8221; background_color=&#8221;#f1f3f4&#8243; padding_top=&#8221;29&#8243; padding_bottom=&#8221;29&#8243; css=&#8221;.vc_custom_1642977681767{padding-top: 50px !important;padding-bottom: 50px !important;background-image: url(http:\/\/pragmandt.com\/wp-content\/uploads\/2022\/01\/banner-laserscanner.bw_-2.png?id=16898) !important;background-position: center !important;background-repeat: no-repeat !important;background-size: cover !important;}&#8221; z_index=&#8221;&#8221;][vc_column][vc_single_image image=&#8221;15543&#8243; img_size=&#8221;full&#8221; qode_css_animation=&#8221;&#8221; css=&#8221;.vc_custom_1629992358596{padding-bottom: 5px !important;padding-left: 2px !important;}&#8221;][vc_column_text]<\/p>\n<h1><span style=\"color: #ffffff; font-family: d-dincondensed-bold;\"><span style=\"font-size: 65px;\">Num\u00e9risation laser<\/span><\/span><\/h1>\n<p>[\/vc_column_text][vc_separator type=&#8221;transparent&#8221; thickness=&#8221;3&#8243; up=&#8221;15&#8243; down=&#8221;25&#8243;][vc_column_text]<\/p>\n<h6><span style=\"color: #ffffff; font-size: 24pt; font-family: d-dincondensed;\">Num\u00e9risation de surface de haute pr\u00e9cision, pour la m\u00e9trologie et la cr\u00e9ation rapide de jumeaux num\u00e9riques<\/span><\/h6>\n<p>[\/vc_column_text][vc_separator type=&#8221;transparent&#8221; thickness=&#8221;3&#8243; up=&#8221;15&#8243; down=&#8221;15&#8243;][\/vc_column][\/vc_row][vc_row css_animation=&#8221;&#8221; row_type=&#8221;row&#8221; use_row_as_full_screen_section=&#8221;no&#8221; type=&#8221;grid&#8221; angled_section=&#8221;no&#8221; text_align=&#8221;left&#8221; background_image_as_pattern=&#8221;without_pattern&#8221; background_color=&#8221;#f7f8f9&#8243; padding_top=&#8221;95&#8243; padding_bottom=&#8221;71&#8243; css=&#8221;.vc_custom_1630008349914{background-color: #ffffff !important;}&#8221; z_index=&#8221;&#8221;][vc_column width=&#8221;1\/2&#8243; css=&#8221;.vc_custom_1629074156960{padding-top: 25px !important;padding-bottom: 25px !important;}&#8221;][vc_single_image image=&#8221;16739&#8243; img_size=&#8221;full&#8221; alignment=&#8221;center&#8221; qode_css_animation=&#8221;&#8221; css=&#8221;.vc_custom_1642725002586{padding-top: 10px !important;padding-right: 10px !important;padding-bottom: 10px !important;padding-left: 10px !important;}&#8221;][\/vc_column][vc_column width=&#8221;1\/2&#8243; css=&#8221;.vc_custom_1642723389632{padding-top: 25px !important;padding-right: 25px !important;padding-bottom: 10px !important;padding-left: 25px !important;}&#8221;][vc_column_text]<\/p>\n<h2 class=\"p1\"><span style=\"font-family: d-dincondensed;\"><span style=\"font-size: 21.3333px;\">Num\u00e9risation de surface<\/span><\/span><\/h2>\n<p>[\/vc_column_text][vc_separator type=&#8221;transparent&#8221; thickness=&#8221;3&#8243; up=&#8221;15&#8243; down=&#8221;15&#8243;][vc_column_text]<\/p>\n<p class=\"p1\"><span style=\"font-size: 16pt; font-family: d-dincondensed;\">La num\u00e9risation laser 3D est une technologie sans contact et non destructive qui capture num\u00e9riquement la forme d\u2019objets physiques \u00e0 l&#8217;aide d&#8217;un faisceau de lumi\u00e8re laser. Les scanners laser 3D cr\u00e9ent des \u00abnuages de points\u00bb de donn\u00e9es \u00e0 partir de la surface d\u2019un objet. En d&#8217;autres termes, la num\u00e9risation laser 3D est une mani\u00e8re de capturer la taille et la forme exactes d&#8217;un objet physique sous forme d&#8217;une repr\u00e9sentation num\u00e9rique tridimensionnelle.<\/span><\/p>\n<p class=\"p1\"><span style=\"font-size: 16pt; font-family: d-dincondensed;\"><br \/>\nLes scanners laser 3D mesurent les d\u00e9tails fins et capturent des formes pour g\u00e9n\u00e9rer rapidement des nuages de points extr\u00eamement pr\u00e9cis. La num\u00e9risation laser 3D est particuli\u00e8rement adapt\u00e9e \u00e0 la mesure et \u00e0 l&#8217;inspection de surfaces profil\u00e9es et de g\u00e9om\u00e9tries complexes, qui n\u00e9cessitent d&#8217;importantes quantit\u00e9s de donn\u00e9es pour leur description pr\u00e9cise et pour lesquelles l&#8217;utilisation de m\u00e9thodes de mesure traditionnelles ou d&#8217;une sonde tactile est impraticable.<\/span><\/p>\n<p>[\/vc_column_text][\/vc_column][\/vc_row][vc_row css_animation=&#8221;&#8221; row_type=&#8221;row&#8221; use_row_as_full_screen_section=&#8221;no&#8221; type=&#8221;grid&#8221; angled_section=&#8221;no&#8221; text_align=&#8221;left&#8221; background_image_as_pattern=&#8221;without_pattern&#8221; background_color=&#8221;#f7f8f9&#8243; padding_top=&#8221;95&#8243; padding_bottom=&#8221;71&#8243; z_index=&#8221;&#8221;][vc_column width=&#8221;1\/2&#8243; css=&#8221;.vc_custom_1642723433272{padding-top: 25px !important;padding-right: 35px !important;padding-bottom: 25px !important;padding-left: 25px !important;}&#8221;][vc_column_text]<\/p>\n<h2 class=\"p1\"><span style=\"font-size: 16pt; font-family: d-dincondensed;\">Processus de num\u00e9risation laser 3D<\/span><\/h2>\n<p>[\/vc_column_text][vc_separator type=&#8221;transparent&#8221; thickness=&#8221;3&#8243; up=&#8221;15&#8243; down=&#8221;15&#8243;][vc_column_text]<\/p>\n<p class=\"p1\"><span style=\"font-size: 16pt; font-family: d-dincondensed;\">Un objet \u00e0 num\u00e9riser au laser est plac\u00e9 sur le plateau du num\u00e9riseur. Un logiciel sp\u00e9cialis\u00e9 guide la sonde laser au-dessus de la surface de l&#8217;objet. La sonde laser projette une ligne de lumi\u00e8re sur la surface tandis que deux cam\u00e9ras munies de capteurs enregistrent en continu la distance et la forme changeantes de la ligne laser en trois dimensions (XYZ) pendant qu&#8217;elle balaye l&#8217;objet.<\/span><\/p>\n<p class=\"p1\"><span style=\"font-size: 16pt; font-family: d-dincondensed;\"><br \/>\nUne fois que les \u00e9normes fichiers de donn\u00e9es de nuages de points sont cr\u00e9\u00e9s, ils sont enregistr\u00e9s et fusionn\u00e9s en une repr\u00e9sentation tridimensionnelle de l&#8217;objet, puis post-trait\u00e9s avec divers logiciels tels que Pragma3D.<\/span><\/p>\n<p>[\/vc_column_text][\/vc_column][vc_column width=&#8221;1\/2&#8243; css=&#8221;.vc_custom_1629074156960{padding-top: 25px !important;padding-bottom: 25px !important;}&#8221;][vc_single_image image=&#8221;16729&#8243; img_size=&#8221;full&#8221; alignment=&#8221;center&#8221; qode_css_animation=&#8221;&#8221;][\/vc_column][\/vc_row]<\/p>\n","protected":false},"excerpt":{"rendered":"<p>[vc_row css_animation=&#8221;&#8221; row_type=&#8221;row&#8221; use_row_as_full_screen_section=&#8221;no&#8221; type=&#8221;grid&#8221; angled_section=&#8221;no&#8221; text_align=&#8221;left&#8221; background_image_as_pattern=&#8221;without_pattern&#8221; background_color=&#8221;#f1f3f4&#8243; padding_top=&#8221;29&#8243; padding_bottom=&#8221;6&#8243; css=&#8221;.vc_custom_1629072987568{padding-top: 30px !important;padding-bottom: 30px !important;background-color: #ffffff !important;background-position: center !important;background-repeat: no-repeat !important;background-size: cover !important;}&#8221; z_index=&#8221;&#8221;][vc_column][vc_column_text] Technologies &gt; Num\u00e9risation laser [\/vc_column_text][\/vc_column][\/vc_row][vc_row css_animation=&#8221;&#8221; row_type=&#8221;row&#8221; use_row_as_full_screen_section=&#8221;no&#8221; type=&#8221;grid&#8221; angled_section=&#8221;no&#8221; text_align=&#8221;left&#8221; background_image_as_pattern=&#8221;without_pattern&#8221; background_color=&#8221;#f1f3f4&#8243; padding_top=&#8221;29&#8243; padding_bottom=&#8221;29&#8243; css=&#8221;.vc_custom_1642977681767{padding-top: 50px !important;padding-bottom: 50px !important;background-image:&#8230;<\/p>\n","protected":false},"author":2,"featured_media":0,"parent":0,"menu_order":0,"comment_status":"open","ping_status":"closed","template":"full_width.php","meta":{"inline_featured_image":false,"footnotes":""},"class_list":["post-17312","page","type-page","status-publish","hentry"],"yoast_head":"<!-- This site is optimized with the Yoast SEO plugin v21.9 - https:\/\/yoast.com\/wordpress\/plugins\/seo\/ -->\n<title>Technologies - Num\u00e9risation laser - Pragma - NDT<\/title>\n<meta name=\"robots\" content=\"index, follow, max-snippet:-1, max-image-preview:large, max-video-preview:-1\" \/>\n<link rel=\"canonical\" href=\"https:\/\/pragmandt.com\/fr\/technologies-laser-scanning\/\" \/>\n<meta property=\"og:locale\" content=\"fr_FR\" \/>\n<meta property=\"og:type\" content=\"article\" \/>\n<meta property=\"og:title\" content=\"Technologies - Num\u00e9risation laser - Pragma - NDT\" \/>\n<meta property=\"og:description\" content=\"[vc_row css_animation=&#8221;&#8221; row_type=&#8221;row&#8221; use_row_as_full_screen_section=&#8221;no&#8221; type=&#8221;grid&#8221; angled_section=&#8221;no&#8221; text_align=&#8221;left&#8221; background_image_as_pattern=&#8221;without_pattern&#8221; background_color=&#8221;#f1f3f4&#8243; padding_top=&#8221;29&#8243; padding_bottom=&#8221;6&#8243; css=&#8221;.vc_custom_1629072987568{padding-top: 30px !important;padding-bottom: 30px !important;background-color: #ffffff !important;background-position: center !important;background-repeat: no-repeat !important;background-size: cover !important;}&#8221; z_index=&#8221;&#8221;][vc_column][vc_column_text] Technologies &gt; Num\u00e9risation laser [\/vc_column_text][\/vc_column][\/vc_row][vc_row css_animation=&#8221;&#8221; row_type=&#8221;row&#8221; use_row_as_full_screen_section=&#8221;no&#8221; type=&#8221;grid&#8221; angled_section=&#8221;no&#8221; text_align=&#8221;left&#8221; background_image_as_pattern=&#8221;without_pattern&#8221; background_color=&#8221;#f1f3f4&#8243; padding_top=&#8221;29&#8243; padding_bottom=&#8221;29&#8243; css=&#8221;.vc_custom_1642977681767{padding-top: 50px !important;padding-bottom: 50px !important;background-image:...\" \/>\n<meta property=\"og:url\" content=\"https:\/\/pragmandt.com\/fr\/technologies-laser-scanning\/\" \/>\n<meta property=\"og:site_name\" content=\"Pragma - NDT\" \/>\n<meta property=\"article:modified_time\" content=\"2024-01-24T17:18:38+00:00\" \/>\n<meta name=\"twitter:card\" content=\"summary_large_image\" \/>\n<meta name=\"twitter:label1\" content=\"Est. reading time\" \/>\n\t<meta name=\"twitter:data1\" content=\"3 minutes\" \/>\n<script type=\"application\/ld+json\" class=\"yoast-schema-graph\">{\"@context\":\"https:\/\/schema.org\",\"@graph\":[{\"@type\":\"WebPage\",\"@id\":\"https:\/\/pragmandt.com\/fr\/technologies-laser-scanning\/\",\"url\":\"https:\/\/pragmandt.com\/fr\/technologies-laser-scanning\/\",\"name\":\"Technologies - Num\u00e9risation laser - Pragma - NDT\",\"isPartOf\":{\"@id\":\"https:\/\/pragmandt.com\/#website\"},\"datePublished\":\"2021-09-09T00:14:45+00:00\",\"dateModified\":\"2024-01-24T17:18:38+00:00\",\"breadcrumb\":{\"@id\":\"https:\/\/pragmandt.com\/fr\/technologies-laser-scanning\/#breadcrumb\"},\"inLanguage\":\"fr-FR\",\"potentialAction\":[{\"@type\":\"ReadAction\",\"target\":[\"https:\/\/pragmandt.com\/fr\/technologies-laser-scanning\/\"]}]},{\"@type\":\"BreadcrumbList\",\"@id\":\"https:\/\/pragmandt.com\/fr\/technologies-laser-scanning\/#breadcrumb\",\"itemListElement\":[{\"@type\":\"ListItem\",\"position\":1,\"name\":\"Home\",\"item\":\"https:\/\/pragmandt.com\/fr\/\"},{\"@type\":\"ListItem\",\"position\":2,\"name\":\"Technologies &#8211; Num\u00e9risation laser\"}]},{\"@type\":\"WebSite\",\"@id\":\"https:\/\/pragmandt.com\/#website\",\"url\":\"https:\/\/pragmandt.com\/\",\"name\":\"Pragma - NDT\",\"description\":\"Instrumental to your success\",\"potentialAction\":[{\"@type\":\"SearchAction\",\"target\":{\"@type\":\"EntryPoint\",\"urlTemplate\":\"https:\/\/pragmandt.com\/?s={search_term_string}\"},\"query-input\":\"required name=search_term_string\"}],\"inLanguage\":\"fr-FR\"}]}<\/script>\n<!-- \/ Yoast SEO plugin. -->","yoast_head_json":{"title":"Technologies - Num\u00e9risation laser - Pragma - NDT","robots":{"index":"index","follow":"follow","max-snippet":"max-snippet:-1","max-image-preview":"max-image-preview:large","max-video-preview":"max-video-preview:-1"},"canonical":"https:\/\/pragmandt.com\/fr\/technologies-laser-scanning\/","og_locale":"fr_FR","og_type":"article","og_title":"Technologies - Num\u00e9risation laser - Pragma - NDT","og_description":"[vc_row css_animation=&#8221;&#8221; row_type=&#8221;row&#8221; use_row_as_full_screen_section=&#8221;no&#8221; type=&#8221;grid&#8221; angled_section=&#8221;no&#8221; text_align=&#8221;left&#8221; background_image_as_pattern=&#8221;without_pattern&#8221; background_color=&#8221;#f1f3f4&#8243; padding_top=&#8221;29&#8243; padding_bottom=&#8221;6&#8243; css=&#8221;.vc_custom_1629072987568{padding-top: 30px !important;padding-bottom: 30px !important;background-color: #ffffff !important;background-position: center !important;background-repeat: no-repeat !important;background-size: cover !important;}&#8221; z_index=&#8221;&#8221;][vc_column][vc_column_text] Technologies &gt; Num\u00e9risation laser [\/vc_column_text][\/vc_column][\/vc_row][vc_row css_animation=&#8221;&#8221; row_type=&#8221;row&#8221; use_row_as_full_screen_section=&#8221;no&#8221; type=&#8221;grid&#8221; angled_section=&#8221;no&#8221; text_align=&#8221;left&#8221; background_image_as_pattern=&#8221;without_pattern&#8221; background_color=&#8221;#f1f3f4&#8243; padding_top=&#8221;29&#8243; padding_bottom=&#8221;29&#8243; css=&#8221;.vc_custom_1642977681767{padding-top: 50px !important;padding-bottom: 50px !important;background-image:...","og_url":"https:\/\/pragmandt.com\/fr\/technologies-laser-scanning\/","og_site_name":"Pragma - NDT","article_modified_time":"2024-01-24T17:18:38+00:00","twitter_card":"summary_large_image","twitter_misc":{"Est. reading time":"3 minutes"},"schema":{"@context":"https:\/\/schema.org","@graph":[{"@type":"WebPage","@id":"https:\/\/pragmandt.com\/fr\/technologies-laser-scanning\/","url":"https:\/\/pragmandt.com\/fr\/technologies-laser-scanning\/","name":"Technologies - Num\u00e9risation laser - Pragma - NDT","isPartOf":{"@id":"https:\/\/pragmandt.com\/#website"},"datePublished":"2021-09-09T00:14:45+00:00","dateModified":"2024-01-24T17:18:38+00:00","breadcrumb":{"@id":"https:\/\/pragmandt.com\/fr\/technologies-laser-scanning\/#breadcrumb"},"inLanguage":"fr-FR","potentialAction":[{"@type":"ReadAction","target":["https:\/\/pragmandt.com\/fr\/technologies-laser-scanning\/"]}]},{"@type":"BreadcrumbList","@id":"https:\/\/pragmandt.com\/fr\/technologies-laser-scanning\/#breadcrumb","itemListElement":[{"@type":"ListItem","position":1,"name":"Home","item":"https:\/\/pragmandt.com\/fr\/"},{"@type":"ListItem","position":2,"name":"Technologies &#8211; Num\u00e9risation laser"}]},{"@type":"WebSite","@id":"https:\/\/pragmandt.com\/#website","url":"https:\/\/pragmandt.com\/","name":"Pragma - NDT","description":"Instrumental to your success","potentialAction":[{"@type":"SearchAction","target":{"@type":"EntryPoint","urlTemplate":"https:\/\/pragmandt.com\/?s={search_term_string}"},"query-input":"required name=search_term_string"}],"inLanguage":"fr-FR"}]}},"_links":{"self":[{"href":"https:\/\/pragmandt.com\/fr\/wp-json\/wp\/v2\/pages\/17312","targetHints":{"allow":["GET"]}}],"collection":[{"href":"https:\/\/pragmandt.com\/fr\/wp-json\/wp\/v2\/pages"}],"about":[{"href":"https:\/\/pragmandt.com\/fr\/wp-json\/wp\/v2\/types\/page"}],"author":[{"embeddable":true,"href":"https:\/\/pragmandt.com\/fr\/wp-json\/wp\/v2\/users\/2"}],"replies":[{"embeddable":true,"href":"https:\/\/pragmandt.com\/fr\/wp-json\/wp\/v2\/comments?post=17312"}],"version-history":[{"count":2,"href":"https:\/\/pragmandt.com\/fr\/wp-json\/wp\/v2\/pages\/17312\/revisions"}],"predecessor-version":[{"id":17314,"href":"https:\/\/pragmandt.com\/fr\/wp-json\/wp\/v2\/pages\/17312\/revisions\/17314"}],"wp:attachment":[{"href":"https:\/\/pragmandt.com\/fr\/wp-json\/wp\/v2\/media?parent=17312"}],"curies":[{"name":"wp","href":"https:\/\/api.w.org\/{rel}","templated":true}]}}