{"id":17328,"date":"2021-10-20T16:03:55","date_gmt":"2021-10-20T16:03:55","guid":{"rendered":"https:\/\/pragmandt.com\/application-storage-tanks\/"},"modified":"2024-01-31T17:14:55","modified_gmt":"2024-01-31T17:14:55","slug":"application-storage-tanks","status":"publish","type":"page","link":"https:\/\/pragmandt.com\/fr\/application-storage-tanks\/","title":{"rendered":"Application &#8211; R\u00e9servoirs de stockage"},"content":{"rendered":"<p>[vc_row css_animation=&#8221;&#8221; row_type=&#8221;row&#8221; use_row_as_full_screen_section=&#8221;no&#8221; type=&#8221;grid&#8221; angled_section=&#8221;no&#8221; text_align=&#8221;left&#8221; background_image_as_pattern=&#8221;without_pattern&#8221; background_color=&#8221;#f1f3f4&#8243; padding_top=&#8221;29&#8243; padding_bottom=&#8221;6&#8243; css=&#8221;.vc_custom_1629072987568{padding-top: 30px !important;padding-bottom: 30px !important;background-color: #ffffff !important;background-position: center !important;background-repeat: no-repeat !important;background-size: cover !important;}&#8221; z_index=&#8221;&#8221;][vc_column][vc_column_text]<\/p>\n<p style=\"text-align: left;\"><span style=\"font-size: 16pt; font-family: d-dincondensed;\"><span style=\"color: #000000;\">Application<\/span>\u00a0&gt; <span style=\"color: #000000;\"><a style=\"color: #ee220c;\" href=\"#\">R\u00e9servoirs de stockage<\/a><\/span><\/span><\/p>\n<p>[\/vc_column_text][\/vc_column][\/vc_row][vc_row css_animation=&#8221;&#8221; row_type=&#8221;row&#8221; use_row_as_full_screen_section=&#8221;no&#8221; type=&#8221;grid&#8221; angled_section=&#8221;no&#8221; text_align=&#8221;left&#8221; background_image_as_pattern=&#8221;without_pattern&#8221; background_color=&#8221;#f1f3f4&#8243; padding_top=&#8221;29&#8243; padding_bottom=&#8221;29&#8243; css=&#8221;.vc_custom_1642959125034{padding-top: 50px !important;padding-bottom: 50px !important;background-image: url(http:\/\/pragmandt.com\/wp-content\/uploads\/2022\/01\/storage-tank0.png?id=16830) !important;background-position: center !important;background-repeat: no-repeat !important;background-size: cover !important;}&#8221; z_index=&#8221;&#8221;][vc_column][vc_single_image image=&#8221;15543&#8243; img_size=&#8221;full&#8221; qode_css_animation=&#8221;&#8221; css=&#8221;.vc_custom_1629992358596{padding-bottom: 5px !important;padding-left: 2px !important;}&#8221;][vc_column_text]<\/p>\n<h1><span style=\"color: #ffffff; font-family: d-dincondensed-bold;\"><span style=\"font-size: 65px;\">R\u00e9servoirs de stockage<\/span><\/span><\/h1>\n<p>[\/vc_column_text][vc_separator type=&#8221;transparent&#8221; thickness=&#8221;3&#8243; up=&#8221;15&#8243; down=&#8221;25&#8243;][vc_column_text]<\/p>\n<h6><span style=\"color: #ffffff; font-size: 24pt; font-family: d-dincondensed;\">Solution compl\u00e8te pour l\u2019inspection de r\u00e9servoirs de stockage<\/span><\/h6>\n<p>[\/vc_column_text][\/vc_column][\/vc_row][vc_row css_animation=&#8221;&#8221; row_type=&#8221;row&#8221; use_row_as_full_screen_section=&#8221;no&#8221; type=&#8221;grid&#8221; angled_section=&#8221;no&#8221; text_align=&#8221;left&#8221; background_image_as_pattern=&#8221;without_pattern&#8221; background_color=&#8221;#f7f8f9&#8243; padding_top=&#8221;95&#8243; padding_bottom=&#8221;71&#8243; z_index=&#8221;&#8221;][vc_column width=&#8221;1\/2&#8243; css=&#8221;.vc_custom_1629074152749{padding-top: 25px !important;padding-right: 25px !important;padding-bottom: 25px !important;padding-left: 25px !important;}&#8221;][vc_column_text]<\/p>\n<h2 class=\"p1\"><span style=\"font-family: d-dincondensed;\"><span style=\"font-size: 24px;\">Contexte<\/span><\/span><\/h2>\n<p>[\/vc_column_text][vc_separator type=&#8221;transparent&#8221; thickness=&#8221;3&#8243; up=&#8221;5&#8243; down=&#8221;5&#8243;][vc_column_text]<\/p>\n<p class=\"p1\"><span style=\"font-size: 16pt; font-family: d-dincondensed;\">Les r\u00e9servoirs de stockage hors sol stockent des fluides \u00e0 une pression ambiante qui sont directement ventil\u00e9s dans l&#8217;atmosph\u00e8re. Ces r\u00e9servoirs sont principalement utilis\u00e9s pour stocker des substances potentiellement volatiles telles que l&#8217;essence, le p\u00e9trole brut, d&#8217;autres hydrocarbures et des produits chimiques dangereux.<\/span><\/p>\n<p>[\/vc_column_text][vc_separator type=&#8221;transparent&#8221; thickness=&#8221;3&#8243; up=&#8221;7&#8243; down=&#8221;7&#8243;][vc_column_text]<\/p>\n<p class=\"p1\"><span style=\"font-family: d-dincondensed;\"><span style=\"font-size: 21.3333px;\">En g\u00e9n\u00e9ral, les r\u00e9servoirs hors sol sont class\u00e9s en deux cat\u00e9gories, en fonction de la conception du toit du r\u00e9servoir : toit fixe et toit flottant, qui peuvent \u00eatre subdivis\u00e9s en divers types.<\/span><\/span><\/p>\n<p>[\/vc_column_text][vc_separator type=&#8221;transparent&#8221; thickness=&#8221;3&#8243; up=&#8221;15&#8243; down=&#8221;15&#8243;][vc_column_text]<\/p>\n<p class=\"p1\"><span style=\"font-family: d-dincondensed;\"><span style=\"font-size: 21.3333px;\">Une autre classe de r\u00e9servoirs de stockage sont les r\u00e9servoirs sph\u00e9riques pressuris\u00e9s qui stockent des mat\u00e9riaux devant \u00eatre stabilis\u00e9s et stock\u00e9s sous pression. Ils sont principalement utilis\u00e9s pour entreposer des fluides tels que l&#8217;azote liquide et le GPL.<\/span><\/span><\/p>\n<p>[\/vc_column_text][vc_separator type=&#8221;transparent&#8221; thickness=&#8221;3&#8243; up=&#8221;15&#8243; down=&#8221;15&#8243;][\/vc_column][vc_column width=&#8221;1\/2&#8243; css=&#8221;.vc_custom_1629074156960{padding-top: 25px !important;padding-bottom: 25px !important;}&#8221;][vc_single_image image=&#8221;16090&#8243; img_size=&#8221;full&#8221; qode_css_animation=&#8221;&#8221;][\/vc_column][\/vc_row][vc_row css_animation=&#8221;&#8221; row_type=&#8221;row&#8221; use_row_as_full_screen_section=&#8221;no&#8221; type=&#8221;grid&#8221; angled_section=&#8221;no&#8221; text_align=&#8221;left&#8221; background_image_as_pattern=&#8221;without_pattern&#8221; background_color=&#8221;#f7f8f9&#8243; padding_bottom=&#8221;20&#8243; z_index=&#8221;&#8221; css=&#8221;.vc_custom_1635161246677{background-color: #f1f3f4 !important;}&#8221;][vc_column css=&#8221;.vc_custom_1634745645998{padding-top: 25px !important;padding-right: 25px !important;padding-bottom: 25px !important;padding-left: 25px !important;}&#8221;][vc_column_text]<\/p>\n<h2 class=\"p1\" style=\"text-align: center;\"><span style=\"font-family: d-dincondensed;\"><span style=\"font-size: 24px;\">D\u00e9fis<\/span><\/span><\/h2>\n<p>[\/vc_column_text][vc_separator type=&#8221;transparent&#8221; thickness=&#8221;3&#8243; up=&#8221;5&#8243; down=&#8221;5&#8243;][vc_column_text]<\/p>\n<p class=\"p1\" style=\"text-align: center;\"><span style=\"font-family: d-dincondensed;\"><span style=\"font-size: 21.3333px;\">Outre la cartographie de la corrosion sur les plaques, les soudures sont \u00e9galement inspect\u00e9es r\u00e9guli\u00e8rement pendant le cycle de service d&#8217;un r\u00e9servoir de stockage. De plus, pendant sa fabrication, de plus en plus de codes de construction et de directives permettent l&#8217;utilisation de tests ultrasonores automatis\u00e9s au lieu de la radiographie. Certaines zones telles que les plaques situ\u00e9es au fond du r\u00e9servoir favorisent particuli\u00e8rement l&#8217;utilisation des tests par ultrasons. Les m\u00eames scanners utilis\u00e9s pour la corrosion peuvent \u00eatre adapt\u00e9s \u00e0 l&#8217;inspection des soudures sous forme enti\u00e8rement automatis\u00e9e ou semi-automatis\u00e9e.<\/span><\/span><\/p>\n<p>[\/vc_column_text][\/vc_column][\/vc_row][vc_row css_animation=&#8221;&#8221; row_type=&#8221;row&#8221; use_row_as_full_screen_section=&#8221;no&#8221; type=&#8221;grid&#8221; angled_section=&#8221;no&#8221; text_align=&#8221;left&#8221; background_image_as_pattern=&#8221;without_pattern&#8221; background_color=&#8221;#f7f8f9&#8243; padding_bottom=&#8221;95&#8243; z_index=&#8221;&#8221; padding_top=&#8221;95&#8243;][vc_column width=&#8221;1\/2&#8243; css=&#8221;.vc_custom_1629074156960{padding-top: 25px !important;padding-bottom: 25px !important;}&#8221;][vc_single_image image=&#8221;17145&#8243; img_size=&#8221;full&#8221; qode_css_animation=&#8221;&#8221;][\/vc_column][vc_column width=&#8221;1\/2&#8243; css=&#8221;.vc_custom_1629074152749{padding-top: 25px !important;padding-right: 25px !important;padding-bottom: 25px !important;padding-left: 25px !important;}&#8221;][vc_column_text]<\/p>\n<h2 class=\"p1\"><span style=\"font-family: d-dincondensed;\"><span style=\"font-size: 24px;\">Cartographie de la corrosion<\/span><\/span><\/h2>\n<p>[\/vc_column_text][vc_separator type=&#8221;transparent&#8221; thickness=&#8221;3&#8243; up=&#8221;5&#8243; down=&#8221;5&#8243;][vc_column_text]<\/p>\n<p class=\"p1\"><span style=\"font-family: d-dincondensed;\"><span style=\"font-size: 21.3333px;\">Des enqu\u00eates p\u00e9riodiques sur la corrosion sont n\u00e9cessaires \u00e0 chaque cycle de maintenance de ces r\u00e9servoirs de stockage. Cela peut \u00eatre facilement r\u00e9alis\u00e9 par \u00e9chafaudage ou par acc\u00e8s par corde, ce qui est consid\u00e9rablement moins cher. Il est possible d\u2019effectuer des mesures ponctuelles d&#8217;\u00e9paisseur \u00e0 l&#8217;aide de dispositifs tels que notre PragmaGauge.<\/span><\/span><\/p>\n<p>[\/vc_column_text][vc_column_text]<\/p>\n<p class=\"p1\"><span style=\"font-size: 16pt; font-family: d-dincondensed;\">Une autre possibilit\u00e9 est d&#8217;utiliser des robots magn\u00e9tiques automatis\u00e9s pour effectuer des balayages cod\u00e9s le long de la surface du r\u00e9servoir ou m\u00eame des balayages, en \u00e9quipant les m\u00eames robots d&#8217;un bras motoris\u00e9. Cela peut \u00eatre fait avec des ultrasons mono-\u00e9l\u00e9ments, ou encore multi\u00e9l\u00e9ments pour une productivit\u00e9 accrue. Cette solution \u00e9vite les \u00e9chafaudages inutiles et permet \u00e0 l&#8217;inspecteur de revoir confortablement les donn\u00e9es depuis le sol.<\/span><\/p>\n<p>[\/vc_column_text][vc_separator type=&#8221;transparent&#8221; thickness=&#8221;3&#8243; up=&#8221;7&#8243; down=&#8221;7&#8243;]<div class='q_list circle'><\/p>\n<ul style=\"font-family: d-dincondensed;\">\n<li style=\"font-size: 16pt;\"><a href=\"https:\/\/pragmandt.com\/wp-content\/uploads\/2024\/01\/PRG-AN-CM-20220525.pdf\">T\u00e9l\u00e9charger<\/a><\/li>\n<\/ul>\n<p><\/div>[\/vc_column][\/vc_row]<\/p>\n","protected":false},"excerpt":{"rendered":"<p>[vc_row css_animation=&#8221;&#8221; row_type=&#8221;row&#8221; use_row_as_full_screen_section=&#8221;no&#8221; type=&#8221;grid&#8221; angled_section=&#8221;no&#8221; text_align=&#8221;left&#8221; background_image_as_pattern=&#8221;without_pattern&#8221; background_color=&#8221;#f1f3f4&#8243; padding_top=&#8221;29&#8243; padding_bottom=&#8221;6&#8243; css=&#8221;.vc_custom_1629072987568{padding-top: 30px !important;padding-bottom: 30px !important;background-color: #ffffff !important;background-position: center !important;background-repeat: no-repeat !important;background-size: cover !important;}&#8221; z_index=&#8221;&#8221;][vc_column][vc_column_text] Application\u00a0&gt; R\u00e9servoirs de stockage [\/vc_column_text][\/vc_column][\/vc_row][vc_row css_animation=&#8221;&#8221; row_type=&#8221;row&#8221; use_row_as_full_screen_section=&#8221;no&#8221; type=&#8221;grid&#8221; angled_section=&#8221;no&#8221; text_align=&#8221;left&#8221; background_image_as_pattern=&#8221;without_pattern&#8221; background_color=&#8221;#f1f3f4&#8243; padding_top=&#8221;29&#8243; padding_bottom=&#8221;29&#8243; css=&#8221;.vc_custom_1642959125034{padding-top: 50px !important;padding-bottom: 50px !important;background-image:&#8230;<\/p>\n","protected":false},"author":8,"featured_media":0,"parent":0,"menu_order":0,"comment_status":"open","ping_status":"closed","template":"full_width.php","meta":{"inline_featured_image":false,"footnotes":""},"class_list":["post-17328","page","type-page","status-publish","hentry"],"yoast_head":"<!-- This site is optimized with the Yoast SEO plugin v21.9 - https:\/\/yoast.com\/wordpress\/plugins\/seo\/ -->\n<title>Application - R\u00e9servoirs de stockage - Pragma - NDT<\/title>\n<meta name=\"robots\" content=\"index, follow, max-snippet:-1, max-image-preview:large, max-video-preview:-1\" \/>\n<link rel=\"canonical\" href=\"https:\/\/pragmandt.com\/fr\/application-storage-tanks\/\" \/>\n<meta property=\"og:locale\" content=\"fr_FR\" \/>\n<meta property=\"og:type\" content=\"article\" \/>\n<meta property=\"og:title\" content=\"Application - R\u00e9servoirs de stockage - Pragma - NDT\" \/>\n<meta property=\"og:description\" content=\"[vc_row css_animation=&#8221;&#8221; row_type=&#8221;row&#8221; use_row_as_full_screen_section=&#8221;no&#8221; type=&#8221;grid&#8221; angled_section=&#8221;no&#8221; text_align=&#8221;left&#8221; background_image_as_pattern=&#8221;without_pattern&#8221; background_color=&#8221;#f1f3f4&#8243; padding_top=&#8221;29&#8243; padding_bottom=&#8221;6&#8243; css=&#8221;.vc_custom_1629072987568{padding-top: 30px !important;padding-bottom: 30px !important;background-color: #ffffff !important;background-position: center !important;background-repeat: no-repeat !important;background-size: cover !important;}&#8221; z_index=&#8221;&#8221;][vc_column][vc_column_text] Application\u00a0&gt; R\u00e9servoirs de stockage [\/vc_column_text][\/vc_column][\/vc_row][vc_row css_animation=&#8221;&#8221; row_type=&#8221;row&#8221; use_row_as_full_screen_section=&#8221;no&#8221; type=&#8221;grid&#8221; angled_section=&#8221;no&#8221; text_align=&#8221;left&#8221; background_image_as_pattern=&#8221;without_pattern&#8221; background_color=&#8221;#f1f3f4&#8243; padding_top=&#8221;29&#8243; padding_bottom=&#8221;29&#8243; css=&#8221;.vc_custom_1642959125034{padding-top: 50px !important;padding-bottom: 50px !important;background-image:...\" \/>\n<meta property=\"og:url\" content=\"https:\/\/pragmandt.com\/fr\/application-storage-tanks\/\" \/>\n<meta property=\"og:site_name\" content=\"Pragma - NDT\" \/>\n<meta property=\"article:modified_time\" content=\"2024-01-31T17:14:55+00:00\" \/>\n<meta name=\"twitter:card\" content=\"summary_large_image\" \/>\n<meta name=\"twitter:label1\" content=\"Est. reading time\" \/>\n\t<meta name=\"twitter:data1\" content=\"3 minutes\" \/>\n<script type=\"application\/ld+json\" class=\"yoast-schema-graph\">{\"@context\":\"https:\/\/schema.org\",\"@graph\":[{\"@type\":\"WebPage\",\"@id\":\"https:\/\/pragmandt.com\/fr\/application-storage-tanks\/\",\"url\":\"https:\/\/pragmandt.com\/fr\/application-storage-tanks\/\",\"name\":\"Application - R\u00e9servoirs de stockage - Pragma - NDT\",\"isPartOf\":{\"@id\":\"https:\/\/pragmandt.com\/#website\"},\"datePublished\":\"2021-10-20T16:03:55+00:00\",\"dateModified\":\"2024-01-31T17:14:55+00:00\",\"breadcrumb\":{\"@id\":\"https:\/\/pragmandt.com\/fr\/application-storage-tanks\/#breadcrumb\"},\"inLanguage\":\"fr-FR\",\"potentialAction\":[{\"@type\":\"ReadAction\",\"target\":[\"https:\/\/pragmandt.com\/fr\/application-storage-tanks\/\"]}]},{\"@type\":\"BreadcrumbList\",\"@id\":\"https:\/\/pragmandt.com\/fr\/application-storage-tanks\/#breadcrumb\",\"itemListElement\":[{\"@type\":\"ListItem\",\"position\":1,\"name\":\"Home\",\"item\":\"https:\/\/pragmandt.com\/fr\/\"},{\"@type\":\"ListItem\",\"position\":2,\"name\":\"Application &#8211; R\u00e9servoirs de stockage\"}]},{\"@type\":\"WebSite\",\"@id\":\"https:\/\/pragmandt.com\/#website\",\"url\":\"https:\/\/pragmandt.com\/\",\"name\":\"Pragma - NDT\",\"description\":\"Instrumental to your success\",\"potentialAction\":[{\"@type\":\"SearchAction\",\"target\":{\"@type\":\"EntryPoint\",\"urlTemplate\":\"https:\/\/pragmandt.com\/?s={search_term_string}\"},\"query-input\":\"required name=search_term_string\"}],\"inLanguage\":\"fr-FR\"}]}<\/script>\n<!-- \/ Yoast SEO plugin. -->","yoast_head_json":{"title":"Application - R\u00e9servoirs de stockage - Pragma - NDT","robots":{"index":"index","follow":"follow","max-snippet":"max-snippet:-1","max-image-preview":"max-image-preview:large","max-video-preview":"max-video-preview:-1"},"canonical":"https:\/\/pragmandt.com\/fr\/application-storage-tanks\/","og_locale":"fr_FR","og_type":"article","og_title":"Application - R\u00e9servoirs de stockage - Pragma - NDT","og_description":"[vc_row css_animation=&#8221;&#8221; row_type=&#8221;row&#8221; use_row_as_full_screen_section=&#8221;no&#8221; type=&#8221;grid&#8221; angled_section=&#8221;no&#8221; text_align=&#8221;left&#8221; background_image_as_pattern=&#8221;without_pattern&#8221; background_color=&#8221;#f1f3f4&#8243; padding_top=&#8221;29&#8243; padding_bottom=&#8221;6&#8243; css=&#8221;.vc_custom_1629072987568{padding-top: 30px !important;padding-bottom: 30px !important;background-color: #ffffff !important;background-position: center !important;background-repeat: no-repeat !important;background-size: cover !important;}&#8221; z_index=&#8221;&#8221;][vc_column][vc_column_text] Application\u00a0&gt; R\u00e9servoirs de stockage [\/vc_column_text][\/vc_column][\/vc_row][vc_row css_animation=&#8221;&#8221; row_type=&#8221;row&#8221; use_row_as_full_screen_section=&#8221;no&#8221; type=&#8221;grid&#8221; angled_section=&#8221;no&#8221; text_align=&#8221;left&#8221; background_image_as_pattern=&#8221;without_pattern&#8221; background_color=&#8221;#f1f3f4&#8243; padding_top=&#8221;29&#8243; padding_bottom=&#8221;29&#8243; css=&#8221;.vc_custom_1642959125034{padding-top: 50px !important;padding-bottom: 50px !important;background-image:...","og_url":"https:\/\/pragmandt.com\/fr\/application-storage-tanks\/","og_site_name":"Pragma - NDT","article_modified_time":"2024-01-31T17:14:55+00:00","twitter_card":"summary_large_image","twitter_misc":{"Est. reading time":"3 minutes"},"schema":{"@context":"https:\/\/schema.org","@graph":[{"@type":"WebPage","@id":"https:\/\/pragmandt.com\/fr\/application-storage-tanks\/","url":"https:\/\/pragmandt.com\/fr\/application-storage-tanks\/","name":"Application - R\u00e9servoirs de stockage - Pragma - NDT","isPartOf":{"@id":"https:\/\/pragmandt.com\/#website"},"datePublished":"2021-10-20T16:03:55+00:00","dateModified":"2024-01-31T17:14:55+00:00","breadcrumb":{"@id":"https:\/\/pragmandt.com\/fr\/application-storage-tanks\/#breadcrumb"},"inLanguage":"fr-FR","potentialAction":[{"@type":"ReadAction","target":["https:\/\/pragmandt.com\/fr\/application-storage-tanks\/"]}]},{"@type":"BreadcrumbList","@id":"https:\/\/pragmandt.com\/fr\/application-storage-tanks\/#breadcrumb","itemListElement":[{"@type":"ListItem","position":1,"name":"Home","item":"https:\/\/pragmandt.com\/fr\/"},{"@type":"ListItem","position":2,"name":"Application &#8211; R\u00e9servoirs de stockage"}]},{"@type":"WebSite","@id":"https:\/\/pragmandt.com\/#website","url":"https:\/\/pragmandt.com\/","name":"Pragma - NDT","description":"Instrumental to your success","potentialAction":[{"@type":"SearchAction","target":{"@type":"EntryPoint","urlTemplate":"https:\/\/pragmandt.com\/?s={search_term_string}"},"query-input":"required name=search_term_string"}],"inLanguage":"fr-FR"}]}},"_links":{"self":[{"href":"https:\/\/pragmandt.com\/fr\/wp-json\/wp\/v2\/pages\/17328","targetHints":{"allow":["GET"]}}],"collection":[{"href":"https:\/\/pragmandt.com\/fr\/wp-json\/wp\/v2\/pages"}],"about":[{"href":"https:\/\/pragmandt.com\/fr\/wp-json\/wp\/v2\/types\/page"}],"author":[{"embeddable":true,"href":"https:\/\/pragmandt.com\/fr\/wp-json\/wp\/v2\/users\/8"}],"replies":[{"embeddable":true,"href":"https:\/\/pragmandt.com\/fr\/wp-json\/wp\/v2\/comments?post=17328"}],"version-history":[{"count":4,"href":"https:\/\/pragmandt.com\/fr\/wp-json\/wp\/v2\/pages\/17328\/revisions"}],"predecessor-version":[{"id":17430,"href":"https:\/\/pragmandt.com\/fr\/wp-json\/wp\/v2\/pages\/17328\/revisions\/17430"}],"wp:attachment":[{"href":"https:\/\/pragmandt.com\/fr\/wp-json\/wp\/v2\/media?parent=17328"}],"curies":[{"name":"wp","href":"https:\/\/api.w.org\/{rel}","templated":true}]}}