{"id":17340,"date":"2021-09-06T16:33:00","date_gmt":"2021-09-06T16:33:00","guid":{"rendered":"https:\/\/pragmandt.com\/our-mission\/"},"modified":"2024-01-26T17:59:24","modified_gmt":"2024-01-26T17:59:24","slug":"our-mission","status":"publish","type":"page","link":"https:\/\/pragmandt.com\/fr\/our-mission\/","title":{"rendered":"Notre mission"},"content":{"rendered":"<p>[vc_row css_animation=&#8221;&#8221; row_type=&#8221;row&#8221; use_row_as_full_screen_section=&#8221;no&#8221; type=&#8221;grid&#8221; angled_section=&#8221;no&#8221; text_align=&#8221;left&#8221; background_image_as_pattern=&#8221;without_pattern&#8221; background_color=&#8221;#f1f3f4&#8243; padding_top=&#8221;29&#8243; padding_bottom=&#8221;6&#8243; css=&#8221;.vc_custom_1629072987568{padding-top: 30px !important;padding-bottom: 30px !important;background-color: #ffffff !important;background-position: center !important;background-repeat: no-repeat !important;background-size: cover !important;}&#8221; z_index=&#8221;&#8221;][vc_column][vc_column_text]<\/p>\n<p style=\"text-align: left;\"><span style=\"font-size: 16pt; font-family: d-dincondensed;\"><span style=\"color: #000000;\">Notre mission<\/span><\/span><\/p>\n<p>[\/vc_column_text][\/vc_column][\/vc_row][vc_row css_animation=&#8221;&#8221; row_type=&#8221;row&#8221; use_row_as_full_screen_section=&#8221;no&#8221; type=&#8221;grid&#8221; angled_section=&#8221;no&#8221; text_align=&#8221;left&#8221; background_image_as_pattern=&#8221;without_pattern&#8221; background_color=&#8221;#f1f3f4&#8243; padding_top=&#8221;29&#8243; padding_bottom=&#8221;29&#8243; css=&#8221;.vc_custom_1630945558037{padding-top: 80px !important;padding-bottom: 80px !important;background-image: url(http:\/\/pragmandt.com\/wp-content\/uploads\/2021\/08\/slider-2-1.jpg?id=15464) !important;background-position: center !important;background-repeat: no-repeat !important;background-size: cover !important;}&#8221; z_index=&#8221;&#8221;][vc_column][vc_single_image image=&#8221;15543&#8243; img_size=&#8221;full&#8221; qode_css_animation=&#8221;&#8221; css=&#8221;.vc_custom_1629992358596{padding-bottom: 5px !important;padding-left: 2px !important;}&#8221;][vc_column_text]<\/p>\n<h1><span style=\"color: #ffffff; font-family: d-dincondensed-bold;\"><span style=\"font-size: 65px;\">Notre mission<\/span><\/span><\/h1>\n<p>[\/vc_column_text][vc_separator type=&#8221;transparent&#8221; thickness=&#8221;3&#8243; up=&#8221;15&#8243; down=&#8221;25&#8243;][vc_column_text]<\/p>\n<h6><span style=\"color: #ffffff; font-size: 24pt; font-family: d-dincondensed;\">PRAGMA con\u00e7oit, fabrique et distribue des instruments portables et des syst\u00e8mes int\u00e9gr\u00e9s pour le contr\u00f4le non destructif (CND) des mat\u00e9riaux.<\/span><\/h6>\n<p>[\/vc_column_text][vc_separator type=&#8221;transparent&#8221; thickness=&#8221;3&#8243; up=&#8221;15&#8243; down=&#8221;15&#8243;][vc_column_text]<\/p>\n<h6><span style=\"color: #ffffff; font-size: 18pt; font-family: d-dincondensed;\">Nos solutions manuelles et automatis\u00e9es sont utilis\u00e9es pour inspecter une large gamme de pi\u00e8ces, afin de v\u00e9rifier les propri\u00e9t\u00e9s et les d\u00e9fauts des mat\u00e9riaux dans des secteurs tels que l&#8217;a\u00e9rospatiale, l&#8217;automobile et le p\u00e9trole et gaz.<\/span><\/h6>\n<p>[\/vc_column_text][\/vc_column][\/vc_row][vc_row css_animation=&#8221;&#8221; row_type=&#8221;row&#8221; use_row_as_full_screen_section=&#8221;no&#8221; type=&#8221;grid&#8221; angled_section=&#8221;no&#8221; text_align=&#8221;left&#8221; background_image_as_pattern=&#8221;without_pattern&#8221; background_color=&#8221;#f7f8f9&#8243; padding_top=&#8221;95&#8243; padding_bottom=&#8221;71&#8243;][vc_column width=&#8221;1\/2&#8243; css=&#8221;.vc_custom_1629992824387{padding-top: 25px !important;padding-right: 25px !important;padding-bottom: 25px !important;padding-left: 25px !important;}&#8221;][vc_column_text]<\/p>\n<h3 class=\"p1\"><span style=\"font-size: 22pt; font-family: d-dincondensed;\">Pourquoi choisir PRAGMA comme partenaire ?<\/span><\/h3>\n<p>[\/vc_column_text][vc_separator type=&#8221;transparent&#8221; thickness=&#8221;3&#8243; up=&#8221;15&#8243; down=&#8221;15&#8243;][vc_column_text]<\/p>\n<p class=\"p1\"><span style=\"font-size: 16pt; font-family: d-dincondensed;\">Les produits de PRAGMA sont tr\u00e8s puissants, simples \u00e0 utiliser et g\u00e8rent plusieurs modalit\u00e9s et plateformes.<\/span><\/p>\n<p>[\/vc_column_text][vc_separator type=&#8221;transparent&#8221; thickness=&#8221;3&#8243; up=&#8221;15&#8243; down=&#8221;15&#8243;][vc_column_text]<\/p>\n<p class=\"p1\"><span style=\"font-size: 16pt; font-family: d-dincondensed;\">Parce que le CND est un domaine pragmatique avec des applications et des probl\u00e8mes concrets, ce qui n\u00e9cessite des solutions pragmatiques.<\/span><\/p>\n<p>[\/vc_column_text][vc_separator type=&#8221;transparent&#8221; thickness=&#8221;3&#8243; up=&#8221;25&#8243; down=&#8221;15&#8243;][\/vc_column][vc_column width=&#8221;1\/2&#8243; css=&#8221;.vc_custom_1629074156960{padding-top: 25px !important;padding-bottom: 25px !important;}&#8221;]<div class='q_list circle'><\/p>\n<ul style=\"font-family: d-dincondensed;\">\n<li>\n<p class=\"p1\"><span style=\"font-size: 15pt;\">Nous croyons en de petites \u00e9quipes pour stimuler l&#8217;innovation rapide et offrir un meilleur support client.<\/span><\/p>\n<\/li>\n<li>\n<p class=\"p1\"><span style=\"font-size: 15pt;\">Nous disposons de composants \u00e9lectroniques analogiques et num\u00e9riques de premier ordre, pour tirer le meilleur parti des transducteurs.<\/span><\/p>\n<\/li>\n<li>\n<p class=\"p1\"><span style=\"font-size: 15pt;\">Nous concevons des produits robustes et ergonomiques, pour une durabilit\u00e9 et une productivit\u00e9 maximales sur le terrain et en usine.<\/span><\/p>\n<\/li>\n<li>\n<p class=\"p1\"><span style=\"font-size: 15pt;\">Nous avons d\u00e9velopp\u00e9 un logiciel 3D r\u00e9volutionnaire tout en maintenant l&#8217;imagerie conventionnelle en 2D utilis\u00e9e en CND.<\/span><\/p>\n<\/li>\n<li>\n<p class=\"p1\"><span style=\"font-size: 15pt;\">Nous sommes de fervents adeptes du mouvement, de la robotique et de l&#8217;automatisation, ce qui nous permet de r\u00e9aliser une int\u00e9gration syst\u00e8me avanc\u00e9e.<\/span><\/p>\n<\/li>\n<li>\n<p class=\"p1\"><span style=\"font-size: 15pt;\">Nous sommes \u00e0 l&#8217;avant-garde de la convergence entre la m\u00e9trologie et les technologies de CND multimodales.<\/span><\/p>\n<\/li>\n<li>\n<p class=\"p1\"><span style=\"font-size: 15pt;\">Nous poss\u00e9dons la base technologique id\u00e9ale pour migrer vers les meilleures pratiques du CND 4.0.<\/span><\/p>\n<\/li>\n<\/ul>\n<p><\/div>[\/vc_column][\/vc_row]<\/p>\n","protected":false},"excerpt":{"rendered":"<p>[vc_row css_animation=&#8221;&#8221; row_type=&#8221;row&#8221; use_row_as_full_screen_section=&#8221;no&#8221; type=&#8221;grid&#8221; angled_section=&#8221;no&#8221; text_align=&#8221;left&#8221; background_image_as_pattern=&#8221;without_pattern&#8221; background_color=&#8221;#f1f3f4&#8243; padding_top=&#8221;29&#8243; padding_bottom=&#8221;6&#8243; css=&#8221;.vc_custom_1629072987568{padding-top: 30px !important;padding-bottom: 30px !important;background-color: #ffffff !important;background-position: center !important;background-repeat: no-repeat !important;background-size: cover !important;}&#8221; z_index=&#8221;&#8221;][vc_column][vc_column_text] Notre mission [\/vc_column_text][\/vc_column][\/vc_row][vc_row css_animation=&#8221;&#8221; row_type=&#8221;row&#8221; use_row_as_full_screen_section=&#8221;no&#8221; type=&#8221;grid&#8221; angled_section=&#8221;no&#8221; text_align=&#8221;left&#8221; background_image_as_pattern=&#8221;without_pattern&#8221; background_color=&#8221;#f1f3f4&#8243; padding_top=&#8221;29&#8243; padding_bottom=&#8221;29&#8243; css=&#8221;.vc_custom_1630945558037{padding-top: 80px !important;padding-bottom: 80px !important;background-image: url(http:\/\/pragmandt.com\/wp-content\/uploads\/2021\/08\/slider-2-1.jpg?id=15464) !important;background-position:&#8230;<\/p>\n","protected":false},"author":8,"featured_media":0,"parent":0,"menu_order":0,"comment_status":"open","ping_status":"open","template":"full_width.php","meta":{"inline_featured_image":false,"footnotes":""},"class_list":["post-17340","page","type-page","status-publish","hentry"],"yoast_head":"<!-- This site is optimized with the Yoast SEO plugin v21.9 - https:\/\/yoast.com\/wordpress\/plugins\/seo\/ -->\n<title>Notre mission - Pragma - NDT<\/title>\n<meta name=\"robots\" content=\"index, follow, max-snippet:-1, max-image-preview:large, max-video-preview:-1\" \/>\n<link rel=\"canonical\" href=\"https:\/\/pragmandt.com\/fr\/our-mission\/\" \/>\n<meta property=\"og:locale\" content=\"fr_FR\" \/>\n<meta property=\"og:type\" content=\"article\" \/>\n<meta property=\"og:title\" content=\"Notre mission - Pragma - NDT\" \/>\n<meta property=\"og:description\" content=\"[vc_row css_animation=&#8221;&#8221; row_type=&#8221;row&#8221; use_row_as_full_screen_section=&#8221;no&#8221; type=&#8221;grid&#8221; angled_section=&#8221;no&#8221; text_align=&#8221;left&#8221; background_image_as_pattern=&#8221;without_pattern&#8221; background_color=&#8221;#f1f3f4&#8243; padding_top=&#8221;29&#8243; padding_bottom=&#8221;6&#8243; css=&#8221;.vc_custom_1629072987568{padding-top: 30px !important;padding-bottom: 30px !important;background-color: #ffffff !important;background-position: center !important;background-repeat: no-repeat !important;background-size: cover !important;}&#8221; z_index=&#8221;&#8221;][vc_column][vc_column_text] Notre mission [\/vc_column_text][\/vc_column][\/vc_row][vc_row css_animation=&#8221;&#8221; row_type=&#8221;row&#8221; use_row_as_full_screen_section=&#8221;no&#8221; type=&#8221;grid&#8221; angled_section=&#8221;no&#8221; text_align=&#8221;left&#8221; background_image_as_pattern=&#8221;without_pattern&#8221; background_color=&#8221;#f1f3f4&#8243; padding_top=&#8221;29&#8243; padding_bottom=&#8221;29&#8243; css=&#8221;.vc_custom_1630945558037{padding-top: 80px !important;padding-bottom: 80px !important;background-image: url(http:\/\/pragmandt.com\/wp-content\/uploads\/2021\/08\/slider-2-1.jpg?id=15464) !important;background-position:...\" \/>\n<meta property=\"og:url\" content=\"https:\/\/pragmandt.com\/fr\/our-mission\/\" \/>\n<meta property=\"og:site_name\" content=\"Pragma - NDT\" \/>\n<meta property=\"article:modified_time\" content=\"2024-01-26T17:59:24+00:00\" \/>\n<meta name=\"twitter:card\" content=\"summary_large_image\" \/>\n<meta name=\"twitter:label1\" content=\"Est. reading time\" \/>\n\t<meta name=\"twitter:data1\" content=\"2 minutes\" \/>\n<script type=\"application\/ld+json\" class=\"yoast-schema-graph\">{\"@context\":\"https:\/\/schema.org\",\"@graph\":[{\"@type\":\"WebPage\",\"@id\":\"https:\/\/pragmandt.com\/fr\/our-mission\/\",\"url\":\"https:\/\/pragmandt.com\/fr\/our-mission\/\",\"name\":\"Notre mission - Pragma - NDT\",\"isPartOf\":{\"@id\":\"https:\/\/pragmandt.com\/#website\"},\"datePublished\":\"2021-09-06T16:33:00+00:00\",\"dateModified\":\"2024-01-26T17:59:24+00:00\",\"breadcrumb\":{\"@id\":\"https:\/\/pragmandt.com\/fr\/our-mission\/#breadcrumb\"},\"inLanguage\":\"fr-FR\",\"potentialAction\":[{\"@type\":\"ReadAction\",\"target\":[\"https:\/\/pragmandt.com\/fr\/our-mission\/\"]}]},{\"@type\":\"BreadcrumbList\",\"@id\":\"https:\/\/pragmandt.com\/fr\/our-mission\/#breadcrumb\",\"itemListElement\":[{\"@type\":\"ListItem\",\"position\":1,\"name\":\"Home\",\"item\":\"https:\/\/pragmandt.com\/fr\/\"},{\"@type\":\"ListItem\",\"position\":2,\"name\":\"Notre mission\"}]},{\"@type\":\"WebSite\",\"@id\":\"https:\/\/pragmandt.com\/#website\",\"url\":\"https:\/\/pragmandt.com\/\",\"name\":\"Pragma - NDT\",\"description\":\"Instrumental to your success\",\"potentialAction\":[{\"@type\":\"SearchAction\",\"target\":{\"@type\":\"EntryPoint\",\"urlTemplate\":\"https:\/\/pragmandt.com\/?s={search_term_string}\"},\"query-input\":\"required name=search_term_string\"}],\"inLanguage\":\"fr-FR\"}]}<\/script>\n<!-- \/ Yoast SEO plugin. -->","yoast_head_json":{"title":"Notre mission - Pragma - NDT","robots":{"index":"index","follow":"follow","max-snippet":"max-snippet:-1","max-image-preview":"max-image-preview:large","max-video-preview":"max-video-preview:-1"},"canonical":"https:\/\/pragmandt.com\/fr\/our-mission\/","og_locale":"fr_FR","og_type":"article","og_title":"Notre mission - Pragma - NDT","og_description":"[vc_row css_animation=&#8221;&#8221; row_type=&#8221;row&#8221; use_row_as_full_screen_section=&#8221;no&#8221; type=&#8221;grid&#8221; angled_section=&#8221;no&#8221; text_align=&#8221;left&#8221; background_image_as_pattern=&#8221;without_pattern&#8221; background_color=&#8221;#f1f3f4&#8243; padding_top=&#8221;29&#8243; padding_bottom=&#8221;6&#8243; css=&#8221;.vc_custom_1629072987568{padding-top: 30px !important;padding-bottom: 30px !important;background-color: #ffffff !important;background-position: center !important;background-repeat: no-repeat !important;background-size: cover !important;}&#8221; z_index=&#8221;&#8221;][vc_column][vc_column_text] Notre mission [\/vc_column_text][\/vc_column][\/vc_row][vc_row css_animation=&#8221;&#8221; row_type=&#8221;row&#8221; use_row_as_full_screen_section=&#8221;no&#8221; type=&#8221;grid&#8221; angled_section=&#8221;no&#8221; text_align=&#8221;left&#8221; background_image_as_pattern=&#8221;without_pattern&#8221; background_color=&#8221;#f1f3f4&#8243; padding_top=&#8221;29&#8243; padding_bottom=&#8221;29&#8243; css=&#8221;.vc_custom_1630945558037{padding-top: 80px !important;padding-bottom: 80px !important;background-image: url(http:\/\/pragmandt.com\/wp-content\/uploads\/2021\/08\/slider-2-1.jpg?id=15464) !important;background-position:...","og_url":"https:\/\/pragmandt.com\/fr\/our-mission\/","og_site_name":"Pragma - NDT","article_modified_time":"2024-01-26T17:59:24+00:00","twitter_card":"summary_large_image","twitter_misc":{"Est. reading time":"2 minutes"},"schema":{"@context":"https:\/\/schema.org","@graph":[{"@type":"WebPage","@id":"https:\/\/pragmandt.com\/fr\/our-mission\/","url":"https:\/\/pragmandt.com\/fr\/our-mission\/","name":"Notre mission - Pragma - NDT","isPartOf":{"@id":"https:\/\/pragmandt.com\/#website"},"datePublished":"2021-09-06T16:33:00+00:00","dateModified":"2024-01-26T17:59:24+00:00","breadcrumb":{"@id":"https:\/\/pragmandt.com\/fr\/our-mission\/#breadcrumb"},"inLanguage":"fr-FR","potentialAction":[{"@type":"ReadAction","target":["https:\/\/pragmandt.com\/fr\/our-mission\/"]}]},{"@type":"BreadcrumbList","@id":"https:\/\/pragmandt.com\/fr\/our-mission\/#breadcrumb","itemListElement":[{"@type":"ListItem","position":1,"name":"Home","item":"https:\/\/pragmandt.com\/fr\/"},{"@type":"ListItem","position":2,"name":"Notre mission"}]},{"@type":"WebSite","@id":"https:\/\/pragmandt.com\/#website","url":"https:\/\/pragmandt.com\/","name":"Pragma - NDT","description":"Instrumental to your success","potentialAction":[{"@type":"SearchAction","target":{"@type":"EntryPoint","urlTemplate":"https:\/\/pragmandt.com\/?s={search_term_string}"},"query-input":"required name=search_term_string"}],"inLanguage":"fr-FR"}]}},"_links":{"self":[{"href":"https:\/\/pragmandt.com\/fr\/wp-json\/wp\/v2\/pages\/17340","targetHints":{"allow":["GET"]}}],"collection":[{"href":"https:\/\/pragmandt.com\/fr\/wp-json\/wp\/v2\/pages"}],"about":[{"href":"https:\/\/pragmandt.com\/fr\/wp-json\/wp\/v2\/types\/page"}],"author":[{"embeddable":true,"href":"https:\/\/pragmandt.com\/fr\/wp-json\/wp\/v2\/users\/8"}],"replies":[{"embeddable":true,"href":"https:\/\/pragmandt.com\/fr\/wp-json\/wp\/v2\/comments?post=17340"}],"version-history":[{"count":2,"href":"https:\/\/pragmandt.com\/fr\/wp-json\/wp\/v2\/pages\/17340\/revisions"}],"predecessor-version":[{"id":17341,"href":"https:\/\/pragmandt.com\/fr\/wp-json\/wp\/v2\/pages\/17340\/revisions\/17341"}],"wp:attachment":[{"href":"https:\/\/pragmandt.com\/fr\/wp-json\/wp\/v2\/media?parent=17340"}],"curies":[{"name":"wp","href":"https:\/\/api.w.org\/{rel}","templated":true}]}}