{"id":17453,"date":"2024-10-16T19:30:43","date_gmt":"2024-10-16T19:30:43","guid":{"rendered":"https:\/\/pragmandt.com\/?page_id=17453"},"modified":"2024-10-16T19:38:33","modified_gmt":"2024-10-16T19:38:33","slug":"politique-de-confidentialite","status":"publish","type":"page","link":"https:\/\/pragmandt.com\/fr\/politique-de-confidentialite\/","title":{"rendered":"Politique de confidentialit\u00e9"},"content":{"rendered":"<p>[vc_row css_animation=&#8221;&#8221; row_type=&#8221;row&#8221; use_row_as_full_screen_section=&#8221;no&#8221; type=&#8221;grid&#8221; angled_section=&#8221;no&#8221; text_align=&#8221;left&#8221; background_image_as_pattern=&#8221;without_pattern&#8221; background_color=&#8221;#f1f3f4&#8243; padding_top=&#8221;29&#8243; padding_bottom=&#8221;6&#8243; css=&#8221;.vc_custom_1629072987568{padding-top: 30px !important;padding-bottom: 30px !important;background-color: #ffffff !important;background-position: center !important;background-repeat: no-repeat !important;background-size: cover !important;}&#8221; z_index=&#8221;&#8221;][vc_column][vc_column_text]<\/p>\n<p style=\"text-align: left;\"><span style=\"font-size: 16pt; font-family: d-dincondensed;\"><span style=\"color: #000000;\">Politique de confidentialit\u00e9<\/span><\/span><\/p>\n<p>[\/vc_column_text][\/vc_column][\/vc_row][vc_row css_animation=&#8221;&#8221; row_type=&#8221;row&#8221; use_row_as_full_screen_section=&#8221;no&#8221; type=&#8221;grid&#8221; angled_section=&#8221;no&#8221; text_align=&#8221;left&#8221; background_image_as_pattern=&#8221;without_pattern&#8221; background_color=&#8221;#f1f3f4&#8243; padding_top=&#8221;29&#8243; padding_bottom=&#8221;29&#8243; css=&#8221;.vc_custom_1630945558037{padding-top: 80px !important;padding-bottom: 80px !important;background-image: url(http:\/\/pragmandt.com\/wp-content\/uploads\/2021\/08\/slider-2-1.jpg?id=15464) !important;background-position: center !important;background-repeat: no-repeat !important;background-size: cover !important;}&#8221; z_index=&#8221;&#8221;][vc_column][vc_single_image image=&#8221;15543&#8243; img_size=&#8221;full&#8221; qode_css_animation=&#8221;&#8221; css=&#8221;.vc_custom_1629992358596{padding-bottom: 5px !important;padding-left: 2px !important;}&#8221;][vc_column_text]<\/p>\n<h1><span style=\"color: #ffffff; font-family: d-dincondensed-bold;\"><span style=\"font-size: 65px;\">Politique de confidentialit\u00e9<\/span><\/span><\/h1>\n<p>[\/vc_column_text][vc_separator type=&#8221;transparent&#8221; thickness=&#8221;3&#8243; up=&#8221;15&#8243; down=&#8221;25&#8243;][vc_column_text]<\/p>\n<h3 style=\"color: white; font-size: 20px; font-family: d-dincondensed;\">L&#8217;objectif de cette politique de confidentialit\u00e9<\/h3>\n<p style=\"color: white; font-size: 20px; font-family: d-dincondensed;\">L\u2019objectif de cette politique de confidentialit\u00e9 est d\u2019informer les utilisateurs de notre site www.pragmandt.com des donn\u00e9es personnelles que nous recueillons ainsi que de leur utilisation.<\/p>\n<p>&nbsp;<\/p>\n<p style=\"color: white; font-size: 20px; font-family: d-dincondensed;\">PRAGMA se conforme strictement \u00e0 la loi 25 du Qu\u00e9bec en mati\u00e8re de protection des donn\u00e9es personnelles.<\/p>\n<p style=\"color: white; font-size: 20px; font-family: d-dincondensed;\">Cette politique de confidentialit\u00e9 d\u00e9taille \u00e9galement notre engagement et les mesures prises pour garantir la s\u00e9curit\u00e9 de vos informations personnelles.\n<\/p>\n<p>&nbsp;<\/p>\n<h3 style=\"color: white; font-size: 20px; font-family: d-dincondensed;\">Type de donn\u00e9es que nous collectons<\/h3>\n<p style=\"color: white; font-size: 20px; font-family: d-dincondensed;\">Lorsque vous naviguez sur notre site, nous recueillons automatiquement certaines informations concernant votre visite. Cela peut inclure :<\/p>\n<p>&nbsp;<\/p>\n<ul style=\"color: white; font-size: 20px; font-family: d-dincondensed;\">\n<li>Adresse IP<\/li>\n<li>Localisation g\u00e9ographique<\/li>\n<li>D\u00e9tails de l&#8217;appareil utilis\u00e9<\/li>\n<li>Contenus consult\u00e9s<\/li>\n<li>Liens cliqu\u00e9s<\/li>\n<\/ul>\n<p>&nbsp;<\/p>\n<p style=\"color: white; font-size: 20px; font-family: d-dincondensed;\">De plus, nous recueillons des donn\u00e9es personnelles lorsque vous :<\/p>\n<ul style=\"color: white; font-size: 20px; font-family: d-dincondensed;\">\n<li>Remplissez un formulaire de contact<\/li>\n<\/ul>\n<p>&nbsp;<\/p>\n<p style=\"color: white; font-size: 20px; font-family: d-dincondensed;\">Ces donn\u00e9es peuvent comprendre :<\/p>\n<ul style=\"color: white; font-size: 20px; font-family: d-dincondensed;\">\n<li>Pr\u00e9nom et nom<\/li>\n<li>Courriel<\/li>\n<\/ul>\n<p>&nbsp;<\/p>\n<h3 style=\"color: white; font-size: 20px; font-family: d-dincondensed;\">Utilisation des donn\u00e9es personnelles collect\u00e9es<\/h3>\n<p style=\"color: white; font-size: 20px; font-family: d-dincondensed;\">Veuillez noter que nous ne collectons que les donn\u00e9es qui nous aident \u00e0 atteindre l\u2019objectif \u00e9nonc\u00e9 dans cette politique de confidentialit\u00e9. Nous ne recueillerons pas de donn\u00e9es suppl\u00e9mentaires sans vous en informer au pr\u00e9alable.<\/p>\n<p>&nbsp;<\/p>\n<p style=\"color: white; font-size: 20px; font-family: d-dincondensed;\">Les donn\u00e9es que nous collectons servent principalement \u00e0 :<\/p>\n<ul style=\"color: white; font-size: 20px; font-family: d-dincondensed;\">\n<li>Ex\u00e9cuter des contrats<\/li>\n<li>Envoyer des offres promotionnelles<\/li>\n<li>R\u00e9aliser des analyses pour am\u00e9liorer notre site<\/li>\n<li>Assurer la s\u00e9curit\u00e9 de notre site et des donn\u00e9es des utilisateurs<\/li>\n<\/ul>\n<p>&nbsp;<\/p>\n<h3 style=\"color: white; font-size: 20px; font-family: d-dincondensed;\">Mesures de s\u00e9curit\u00e9<\/h3>\n<p style=\"color: white; font-size: 20px; font-family: d-dincondensed;\">La s\u00e9curit\u00e9 de vos donn\u00e9es est primordiale pour nous. Vos donn\u00e9es sont stock\u00e9es dans un environnement s\u00e9curis\u00e9 et contr\u00f4l\u00e9. Nous utilisons des protocoles s\u00e9curis\u00e9s, tels que SSL, et d&#8217;autres mesures robustes pour garantir la protection de vos informations.<\/p>\n<p>&nbsp;<\/p>\n<p style=\"color: white; font-size: 20px; font-family: d-dincondensed;\">Nous nous engageons \u00e0 ne pas partager ou vendre vos donn\u00e9es \u00e0 des tiers, sauf obligation l\u00e9gale.<\/p>\n<p style=\"color: white; font-size: 20px; font-family: d-dincondensed;\">Nous pouvons divulguer \u00e0 tout membre de notre organisation les donn\u00e9es utilisateur dont il a raisonnablement besoin pour r\u00e9aliser les objectifs \u00e9nonc\u00e9s<br \/>\ndans la pr\u00e9sente politique.\n<\/p>\n<p>&nbsp;<\/p>\n<h3 style=\"color: white; font-size: 20px; font-family: d-dincondensed;\">Transfert international des donn\u00e9es<\/h3>\n<p style=\"color: white; font-size: 20px; font-family: d-dincondensed;\">Veuillez noter que certaines de vos donn\u00e9es peuvent \u00eatre trait\u00e9es ou stock\u00e9es en dehors du Qu\u00e9bec, notamment au Canada et aux \u00c9tats-Unis.<\/p>\n<p>&nbsp;<\/p>\n<h3 style=\"color: white; font-size: 20px; font-family: d-dincondensed;\">Dur\u00e9e d\u2019exploitation des donn\u00e9es personnelles<\/h3>\n<p style=\"color: white; font-size: 20px; font-family: d-dincondensed;\">Nous conservons vos donn\u00e9es pendant une p\u00e9riode de 5 ans. Si pour une raison quelconque, nous devions conserver vos donn\u00e9es plus longtemps, nous vous en informerions.<\/p>\n<p>&nbsp;<\/p>\n<h3 style=\"color: white; font-size: 20px; font-family: d-dincondensed;\">Gestion des incidents de s\u00e9curit\u00e9<\/h3>\n<p style=\"color: white; font-size: 20px; font-family: d-dincondensed;\">Dans l&#8217;\u00e9ventualit\u00e9 d&#8217;une fuite de donn\u00e9es, nous nous engageons \u00e0 informer les utilisateurs concern\u00e9s ainsi que la Commission d&#8217;Acc\u00e8s \u00e0 l&#8217;Information du Qu\u00e9bec<\/p>\n<p>&nbsp;<\/p>\n<h3 style=\"color: white; font-size: 20px; font-family: d-dincondensed;\">Droits des utilisateurs<\/h3>\n<p style=\"color: white; font-size: 20px; font-family: d-dincondensed;\">En tant qu&#8217;utilisateur, vous avez plusieurs droits concernant vos donn\u00e9es, tels que le droit d&#8217;acc\u00e8s, de rectification, et de retrait. Pour exercer ces droits, ou pour toute question relative \u00e0 vos donn\u00e9es, veuillez contacter :<\/p>\n<p style=\"color: white; font-size: 20px; font-family: d-dincondensed;\">info@pragmandt.com<\/p>\n<p>&nbsp;<\/p>\n<h3 style=\"color: white; font-size: 20px; font-family: d-dincondensed;\">Liens externes<\/h3>\n<p style=\"color: white; font-size: 20px; font-family: d-dincondensed;\">Notre site peut contenir des liens vers d&#8217;autres sites. Veuillez noter que nous ne sommes pas responsables de leurs pratiques en mati\u00e8re de confidentialit\u00e9.<\/p>\n<p>&nbsp;<\/p>\n<h3 style=\"color: white; font-size: 20px; font-family: d-dincondensed;\">Mise \u00e0 jour de la politique de confidentialit\u00e9<\/h3>\n<p style=\"color: white; font-size: 20px; font-family: d-dincondensed;\">Derni\u00e8re mise \u00e0 jour : 16 octobre 2024. Pour toute question, n&#8217;h\u00e9sitez pas \u00e0 nous contacter \u00e0 l&#8217;adresse mentionn\u00e9e ci-dessus : <a href=\"mailto:info@pragmandt.com\"> info@pragmandt.com<\/a><\/p>\n<p style=\"color: white; font-size: 20px; font-family: d-dincondensed;\">En utilisant notre site www.pragmandt.com, vous acceptez les termes de cette politique de confidentialit\u00e9.\n<\/p>\n<p>[\/vc_column_text][\/vc_column][\/vc_row]<\/p>\n","protected":false},"excerpt":{"rendered":"<p>[vc_row css_animation=&#8221;&#8221; row_type=&#8221;row&#8221; use_row_as_full_screen_section=&#8221;no&#8221; type=&#8221;grid&#8221; angled_section=&#8221;no&#8221; text_align=&#8221;left&#8221; background_image_as_pattern=&#8221;without_pattern&#8221; background_color=&#8221;#f1f3f4&#8243; padding_top=&#8221;29&#8243; padding_bottom=&#8221;6&#8243; css=&#8221;.vc_custom_1629072987568{padding-top: 30px !important;padding-bottom: 30px !important;background-color: #ffffff !important;background-position: center !important;background-repeat: no-repeat !important;background-size: cover !important;}&#8221; z_index=&#8221;&#8221;][vc_column][vc_column_text] Politique de confidentialit\u00e9 [\/vc_column_text][\/vc_column][\/vc_row][vc_row css_animation=&#8221;&#8221; row_type=&#8221;row&#8221; use_row_as_full_screen_section=&#8221;no&#8221; type=&#8221;grid&#8221; angled_section=&#8221;no&#8221; text_align=&#8221;left&#8221; background_image_as_pattern=&#8221;without_pattern&#8221; background_color=&#8221;#f1f3f4&#8243; padding_top=&#8221;29&#8243; padding_bottom=&#8221;29&#8243; css=&#8221;.vc_custom_1630945558037{padding-top: 80px !important;padding-bottom: 80px !important;background-image: url(http:\/\/pragmandt.com\/wp-content\/uploads\/2021\/08\/slider-2-1.jpg?id=15464)&#8230;<\/p>\n","protected":false},"author":8,"featured_media":0,"parent":0,"menu_order":0,"comment_status":"open","ping_status":"closed","template":"full_width.php","meta":{"inline_featured_image":false,"footnotes":""},"class_list":["post-17453","page","type-page","status-publish","hentry"],"yoast_head":"<!-- This site is optimized with the Yoast SEO plugin v21.9 - https:\/\/yoast.com\/wordpress\/plugins\/seo\/ -->\n<title>Politique de confidentialit\u00e9 - Pragma - NDT<\/title>\n<meta name=\"robots\" content=\"index, follow, max-snippet:-1, max-image-preview:large, max-video-preview:-1\" \/>\n<link rel=\"canonical\" href=\"https:\/\/pragmandt.com\/fr\/politique-de-confidentialite\/\" \/>\n<meta property=\"og:locale\" content=\"fr_FR\" \/>\n<meta property=\"og:type\" content=\"article\" \/>\n<meta property=\"og:title\" content=\"Politique de confidentialit\u00e9 - Pragma - NDT\" \/>\n<meta property=\"og:description\" content=\"[vc_row css_animation=&#8221;&#8221; row_type=&#8221;row&#8221; use_row_as_full_screen_section=&#8221;no&#8221; type=&#8221;grid&#8221; angled_section=&#8221;no&#8221; text_align=&#8221;left&#8221; background_image_as_pattern=&#8221;without_pattern&#8221; background_color=&#8221;#f1f3f4&#8243; padding_top=&#8221;29&#8243; padding_bottom=&#8221;6&#8243; css=&#8221;.vc_custom_1629072987568{padding-top: 30px !important;padding-bottom: 30px !important;background-color: #ffffff !important;background-position: center !important;background-repeat: no-repeat !important;background-size: cover !important;}&#8221; z_index=&#8221;&#8221;][vc_column][vc_column_text] Politique de confidentialit\u00e9 [\/vc_column_text][\/vc_column][\/vc_row][vc_row css_animation=&#8221;&#8221; row_type=&#8221;row&#8221; use_row_as_full_screen_section=&#8221;no&#8221; type=&#8221;grid&#8221; angled_section=&#8221;no&#8221; text_align=&#8221;left&#8221; background_image_as_pattern=&#8221;without_pattern&#8221; background_color=&#8221;#f1f3f4&#8243; padding_top=&#8221;29&#8243; padding_bottom=&#8221;29&#8243; css=&#8221;.vc_custom_1630945558037{padding-top: 80px !important;padding-bottom: 80px !important;background-image: url(http:\/\/pragmandt.com\/wp-content\/uploads\/2021\/08\/slider-2-1.jpg?id=15464)...\" \/>\n<meta property=\"og:url\" content=\"https:\/\/pragmandt.com\/fr\/politique-de-confidentialite\/\" \/>\n<meta property=\"og:site_name\" content=\"Pragma - NDT\" \/>\n<meta property=\"article:modified_time\" content=\"2024-10-16T19:38:33+00:00\" \/>\n<meta name=\"twitter:card\" content=\"summary_large_image\" \/>\n<meta name=\"twitter:label1\" content=\"Est. reading time\" \/>\n\t<meta name=\"twitter:data1\" content=\"3 minutes\" \/>\n<script type=\"application\/ld+json\" class=\"yoast-schema-graph\">{\"@context\":\"https:\/\/schema.org\",\"@graph\":[{\"@type\":\"WebPage\",\"@id\":\"https:\/\/pragmandt.com\/fr\/politique-de-confidentialite\/\",\"url\":\"https:\/\/pragmandt.com\/fr\/politique-de-confidentialite\/\",\"name\":\"Politique de confidentialit\u00e9 - Pragma - NDT\",\"isPartOf\":{\"@id\":\"https:\/\/pragmandt.com\/#website\"},\"datePublished\":\"2024-10-16T19:30:43+00:00\",\"dateModified\":\"2024-10-16T19:38:33+00:00\",\"breadcrumb\":{\"@id\":\"https:\/\/pragmandt.com\/fr\/politique-de-confidentialite\/#breadcrumb\"},\"inLanguage\":\"fr-FR\",\"potentialAction\":[{\"@type\":\"ReadAction\",\"target\":[\"https:\/\/pragmandt.com\/fr\/politique-de-confidentialite\/\"]}]},{\"@type\":\"BreadcrumbList\",\"@id\":\"https:\/\/pragmandt.com\/fr\/politique-de-confidentialite\/#breadcrumb\",\"itemListElement\":[{\"@type\":\"ListItem\",\"position\":1,\"name\":\"Home\",\"item\":\"https:\/\/pragmandt.com\/fr\/\"},{\"@type\":\"ListItem\",\"position\":2,\"name\":\"Politique de confidentialit\u00e9\"}]},{\"@type\":\"WebSite\",\"@id\":\"https:\/\/pragmandt.com\/#website\",\"url\":\"https:\/\/pragmandt.com\/\",\"name\":\"Pragma - NDT\",\"description\":\"Instrumental to your success\",\"potentialAction\":[{\"@type\":\"SearchAction\",\"target\":{\"@type\":\"EntryPoint\",\"urlTemplate\":\"https:\/\/pragmandt.com\/?s={search_term_string}\"},\"query-input\":\"required name=search_term_string\"}],\"inLanguage\":\"fr-FR\"}]}<\/script>\n<!-- \/ Yoast SEO plugin. -->","yoast_head_json":{"title":"Politique de confidentialit\u00e9 - Pragma - NDT","robots":{"index":"index","follow":"follow","max-snippet":"max-snippet:-1","max-image-preview":"max-image-preview:large","max-video-preview":"max-video-preview:-1"},"canonical":"https:\/\/pragmandt.com\/fr\/politique-de-confidentialite\/","og_locale":"fr_FR","og_type":"article","og_title":"Politique de confidentialit\u00e9 - Pragma - NDT","og_description":"[vc_row css_animation=&#8221;&#8221; row_type=&#8221;row&#8221; use_row_as_full_screen_section=&#8221;no&#8221; type=&#8221;grid&#8221; angled_section=&#8221;no&#8221; text_align=&#8221;left&#8221; background_image_as_pattern=&#8221;without_pattern&#8221; background_color=&#8221;#f1f3f4&#8243; padding_top=&#8221;29&#8243; padding_bottom=&#8221;6&#8243; css=&#8221;.vc_custom_1629072987568{padding-top: 30px !important;padding-bottom: 30px !important;background-color: #ffffff !important;background-position: center !important;background-repeat: no-repeat !important;background-size: cover !important;}&#8221; z_index=&#8221;&#8221;][vc_column][vc_column_text] Politique de confidentialit\u00e9 [\/vc_column_text][\/vc_column][\/vc_row][vc_row css_animation=&#8221;&#8221; row_type=&#8221;row&#8221; use_row_as_full_screen_section=&#8221;no&#8221; type=&#8221;grid&#8221; angled_section=&#8221;no&#8221; text_align=&#8221;left&#8221; background_image_as_pattern=&#8221;without_pattern&#8221; background_color=&#8221;#f1f3f4&#8243; padding_top=&#8221;29&#8243; padding_bottom=&#8221;29&#8243; css=&#8221;.vc_custom_1630945558037{padding-top: 80px !important;padding-bottom: 80px !important;background-image: url(http:\/\/pragmandt.com\/wp-content\/uploads\/2021\/08\/slider-2-1.jpg?id=15464)...","og_url":"https:\/\/pragmandt.com\/fr\/politique-de-confidentialite\/","og_site_name":"Pragma - NDT","article_modified_time":"2024-10-16T19:38:33+00:00","twitter_card":"summary_large_image","twitter_misc":{"Est. reading time":"3 minutes"},"schema":{"@context":"https:\/\/schema.org","@graph":[{"@type":"WebPage","@id":"https:\/\/pragmandt.com\/fr\/politique-de-confidentialite\/","url":"https:\/\/pragmandt.com\/fr\/politique-de-confidentialite\/","name":"Politique de confidentialit\u00e9 - Pragma - NDT","isPartOf":{"@id":"https:\/\/pragmandt.com\/#website"},"datePublished":"2024-10-16T19:30:43+00:00","dateModified":"2024-10-16T19:38:33+00:00","breadcrumb":{"@id":"https:\/\/pragmandt.com\/fr\/politique-de-confidentialite\/#breadcrumb"},"inLanguage":"fr-FR","potentialAction":[{"@type":"ReadAction","target":["https:\/\/pragmandt.com\/fr\/politique-de-confidentialite\/"]}]},{"@type":"BreadcrumbList","@id":"https:\/\/pragmandt.com\/fr\/politique-de-confidentialite\/#breadcrumb","itemListElement":[{"@type":"ListItem","position":1,"name":"Home","item":"https:\/\/pragmandt.com\/fr\/"},{"@type":"ListItem","position":2,"name":"Politique de confidentialit\u00e9"}]},{"@type":"WebSite","@id":"https:\/\/pragmandt.com\/#website","url":"https:\/\/pragmandt.com\/","name":"Pragma - NDT","description":"Instrumental to your success","potentialAction":[{"@type":"SearchAction","target":{"@type":"EntryPoint","urlTemplate":"https:\/\/pragmandt.com\/?s={search_term_string}"},"query-input":"required name=search_term_string"}],"inLanguage":"fr-FR"}]}},"_links":{"self":[{"href":"https:\/\/pragmandt.com\/fr\/wp-json\/wp\/v2\/pages\/17453","targetHints":{"allow":["GET"]}}],"collection":[{"href":"https:\/\/pragmandt.com\/fr\/wp-json\/wp\/v2\/pages"}],"about":[{"href":"https:\/\/pragmandt.com\/fr\/wp-json\/wp\/v2\/types\/page"}],"author":[{"embeddable":true,"href":"https:\/\/pragmandt.com\/fr\/wp-json\/wp\/v2\/users\/8"}],"replies":[{"embeddable":true,"href":"https:\/\/pragmandt.com\/fr\/wp-json\/wp\/v2\/comments?post=17453"}],"version-history":[{"count":6,"href":"https:\/\/pragmandt.com\/fr\/wp-json\/wp\/v2\/pages\/17453\/revisions"}],"predecessor-version":[{"id":17465,"href":"https:\/\/pragmandt.com\/fr\/wp-json\/wp\/v2\/pages\/17453\/revisions\/17465"}],"wp:attachment":[{"href":"https:\/\/pragmandt.com\/fr\/wp-json\/wp\/v2\/media?parent=17453"}],"curies":[{"name":"wp","href":"https:\/\/api.w.org\/{rel}","templated":true}]}}