{"id":17587,"date":"2026-01-14T13:15:53","date_gmt":"2026-01-14T13:15:53","guid":{"rendered":"https:\/\/pragmandt.com\/?page_id=17587"},"modified":"2026-01-15T14:45:23","modified_gmt":"2026-01-15T14:45:23","slug":"envoi-dechantillons-a-pragma","status":"publish","type":"page","link":"https:\/\/pragmandt.com\/fr\/envoi-dechantillons-a-pragma\/","title":{"rendered":"Envoi d\u2019\u00e9chantillon(s) \u00e0 PRAGMA"},"content":{"rendered":"<p>[vc_row css_animation=&#8221;&#8221; row_type=&#8221;row&#8221; use_row_as_full_screen_section=&#8221;no&#8221; type=&#8221;grid&#8221; angled_section=&#8221;no&#8221; text_align=&#8221;left&#8221; background_image_as_pattern=&#8221;without_pattern&#8221; background_color=&#8221;#f1f3f4&#8243; padding_top=&#8221;29&#8243; padding_bottom=&#8221;6&#8243; css=&#8221;.vc_custom_1629072987568{padding-top: 30px !important;padding-bottom: 30px !important;background-color: #ffffff !important;background-position: center !important;background-repeat: no-repeat !important;background-size: cover !important;}&#8221; z_index=&#8221;&#8221;][vc_column][vc_column_text]<\/p>\n<p style=\"text-align: left;\"><span style=\"font-size: 16pt; font-family: d-dincondensed;\"><span style=\"color: #000000;\">Envoi d\u2019\u00e9chantillon(s) \u00e0 PRAGMA <\/span><\/span><\/p>\n<p>[\/vc_column_text][\/vc_column][\/vc_row][vc_row css_animation=&#8221;&#8221; row_type=&#8221;row&#8221; use_row_as_full_screen_section=&#8221;no&#8221; type=&#8221;grid&#8221; angled_section=&#8221;no&#8221; text_align=&#8221;left&#8221; background_image_as_pattern=&#8221;without_pattern&#8221; background_color=&#8221;#f1f3f4&#8243; padding_top=&#8221;29&#8243; padding_bottom=&#8221;29&#8243; css=&#8221;.vc_custom_1630945558037{padding-top: 80px !important;padding-bottom: 80px !important;background-image: url(http:\/\/pragmandt.com\/wp-content\/uploads\/2021\/08\/slider-2-1.jpg?id=15464) !important;background-position: center !important;background-repeat: no-repeat !important;background-size: cover !important;}&#8221; z_index=&#8221;&#8221;][vc_column][vc_single_image image=&#8221;15543&#8243; img_size=&#8221;full&#8221; qode_css_animation=&#8221;&#8221; css=&#8221;.vc_custom_1629992358596{padding-bottom: 5px !important;padding-left: 2px !important;}&#8221;][vc_column_text]<\/p>\n<h1><span style=\"color: #ffffff; font-family: d-dincondensed-bold;\"><span style=\"font-size: 65px;\">Envoi d\u2019\u00e9chantillon(s) \u00e0 PRAGMA <\/span><\/span><\/h1>\n<p>[\/vc_column_text][vc_separator type=&#8221;transparent&#8221; thickness=&#8221;3&#8243; up=&#8221;15&#8243; down=&#8221;25&#8243;][\/vc_column][\/vc_row][vc_row css_animation=&#8221;&#8221; row_type=&#8221;row&#8221; use_row_as_full_screen_section=&#8221;no&#8221; type=&#8221;grid&#8221; angled_section=&#8221;no&#8221; text_align=&#8221;left&#8221; background_image_as_pattern=&#8221;without_pattern&#8221; background_color=&#8221;#f7f8f9&#8243; padding_top=&#8221;95&#8243; padding_bottom=&#8221;71&#8243;][vc_column css=&#8221;.vc_custom_1629074156960{padding-top: 25px !important;padding-bottom: 25px !important;}&#8221;][vc_column_text]<\/p>\n<h3 class=\"p1\"><span style=\"font-size: 22pt; font-family: d-dincondensed;\">Instructions par d\u00e9faut: <\/span><\/h3>\n<p>[\/vc_column_text][vc_separator type=&#8221;transparent&#8221; thickness=&#8221;3&#8243; up=&#8221;15&#8243; down=&#8221;15&#8243;]<div class='q_list circle'><\/p>\n<ul style=\"font-family: d-dincondensed;\">\n<li>\n<p class=\"p1\"><span style=\"font-size: 15pt;\"><strong>L\u2019adresse d\u2019exp\u00e9dition est :<\/strong><br \/>\nPRAGMA<br \/>\na\/s Laboratoire d\u2019applications<br \/>\n6500, rue Z\u00e9phirin-Paquet, Suite 300<br \/>\nQu\u00e9bec City, Qu\u00e9bec<br \/>\nCanada &#8211; G2C 0M3<br \/>\nTel : 418-260-9088<br \/>\nContact : Diego Valencia<br \/>\n<\/span><\/p>\n<\/li>\n<li>\n<p class=\"p1\"><span style=\"font-size: 15pt;\">Si disponible, veuillez fournir un fichier CAO (format STEP) et\/ou un bon scan laser (de pr\u00e9f\u00e9rence au format STL ou un nuage de points XYZ) pour chaque \u00e9chantillon. Cela sera enti\u00e8rement prot\u00e9g\u00e9 par un accord de confidentialit\u00e9 (NDA) si n\u00e9cessaire.<br \/>\n<\/span><\/p>\n<\/li>\n<li>\n<p class=\"p1\"><span style=\"font-size: 15pt;\">Veuillez prendre 2 \u00e0 3 photos des \u00e9chantillons et de leur condition avant de fermer la bo\u00eete d\u2019exp\u00e9dition (caisse ou autre), en indiquant les dimensions approximatives et le poids afin que nous puissions anticiper leur emplacement dans le laboratoire.<br \/>\n<\/span><\/p>\n<\/li>\n<li>\n<p class=\"p1\"><span style=\"font-size: 15pt;\"><strong>IMPORTANT :<\/strong> Si le colis doit traverser la fronti\u00e8re canadienne, la facture commerciale doit \u00eatre correctement remplie afin que PRAGMA n\u2019ait pas \u00e0 payer de droits de douane ou de taxes. Cela implique g\u00e9n\u00e9ralement de d\u00e9clarer une valeur tr\u00e8s faible (i.e. 10,00 $) et d\u2019indiquer clairement une mention comme \u00ab Pr\u00eat temporaire \u00bb.<br \/>\n<\/span><\/p>\n<\/li>\n<li>\n<p class=\"p1\"><span style=\"font-size: 15pt;\"><strong>IMPORTANT :<\/strong> Veuillez envoyer le num\u00e9ro de suivi <strong>aux deux adresses courriel suivantes<\/strong> :<br \/>\nsales@pragmandt.com, info@pragmandt.com.<br \/>\n<\/span><\/p>\n<\/li>\n<li>\n<p class=\"p1\"><span style=\"font-size: 15pt;\">Nous demandons aux clients\/partenaires de partager la responsabilit\u00e9 de v\u00e9rifier le statut de suivi afin de d\u00e9tecter tout probl\u00e8me \u00e9ventuel avec l\u2019exp\u00e9dition.<br \/>\n<\/span><\/p>\n<\/li>\n<li>\n<p class=\"p1\"><span style=\"font-size: 15pt;\">Nous acceptons les caisses et les bo\u00eetes standard.<br \/>\n<\/span><\/p>\n<\/li>\n<li>\n<p class=\"p1\"><span style=\"font-size: 15pt;\">Notre quai de chargement est d\u2019une hauteur normale (44\u201350 pouces) et peut accueillir des remorques typiques de 53 pieds. Nous disposons d\u2019un transpalette standard, d\u2019un chariot \u00e9l\u00e9vateur et de roulettes pour d\u00e9placer les caisses.<br \/>\n<\/span><\/p>\n<\/li>\n<li>\n<p class=\"p1\"><span style=\"font-size: 15pt;\">Nous demandons au client\/partenaire de payer les frais de retour des \u00e9chantillons (si un retour est n\u00e9cessaire). Le transporteur, le num\u00e9ro de compte et le mode de transport choisi (express, 2 jours, 1 semaine, etc.) doivent \u00eatre pr\u00e9cis\u00e9s.<br \/>\n<\/span><\/p>\n<\/li>\n<li>\n<p class=\"p1\"><span style=\"font-size: 15pt;\"><strong>Remarque :<\/strong> Au cours des deux derni\u00e8res ann\u00e9es, nous avons constat\u00e9 une meilleure fiabilit\u00e9 et des prix plus comp\u00e9titifs avec DHL.<br \/>\n<\/span><\/p>\n<\/li>\n<\/ul>\n<p>&nbsp;<\/p>\n<p>Updated : 2026\/01\/05<\/div><a  itemprop=\"url\" href=\"https:\/\/pragmandt.com\/wp-content\/uploads\/2026\/01\/PRG-Shipping-Samples-to-PRAGMA-January-2026.pdf\" target=\"_blank\" data-hover-background-color='#000000' data-hover-color='#ffffff' class=\"qbutton  default\" style=\"color: #000000; margin: 20px 0px 1px 0px; \">T\u00e9l\u00e9charger les instructions<\/a>[\/vc_column][\/vc_row]<\/p>\n","protected":false},"excerpt":{"rendered":"<p>[vc_row css_animation=&#8221;&#8221; row_type=&#8221;row&#8221; use_row_as_full_screen_section=&#8221;no&#8221; type=&#8221;grid&#8221; angled_section=&#8221;no&#8221; text_align=&#8221;left&#8221; background_image_as_pattern=&#8221;without_pattern&#8221; background_color=&#8221;#f1f3f4&#8243; padding_top=&#8221;29&#8243; padding_bottom=&#8221;6&#8243; css=&#8221;.vc_custom_1629072987568{padding-top: 30px !important;padding-bottom: 30px !important;background-color: #ffffff !important;background-position: center !important;background-repeat: no-repeat !important;background-size: cover !important;}&#8221; z_index=&#8221;&#8221;][vc_column][vc_column_text] Envoi d\u2019\u00e9chantillon(s) \u00e0 PRAGMA [\/vc_column_text][\/vc_column][\/vc_row][vc_row css_animation=&#8221;&#8221; row_type=&#8221;row&#8221; use_row_as_full_screen_section=&#8221;no&#8221; type=&#8221;grid&#8221; angled_section=&#8221;no&#8221; text_align=&#8221;left&#8221; background_image_as_pattern=&#8221;without_pattern&#8221; background_color=&#8221;#f1f3f4&#8243; padding_top=&#8221;29&#8243; padding_bottom=&#8221;29&#8243; css=&#8221;.vc_custom_1630945558037{padding-top: 80px !important;padding-bottom: 80px !important;background-image:&#8230;<\/p>\n","protected":false},"author":8,"featured_media":0,"parent":0,"menu_order":0,"comment_status":"open","ping_status":"closed","template":"full_width.php","meta":{"inline_featured_image":false,"footnotes":""},"class_list":["post-17587","page","type-page","status-publish","hentry"],"yoast_head":"<!-- This site is optimized with the Yoast SEO plugin v21.9 - https:\/\/yoast.com\/wordpress\/plugins\/seo\/ -->\n<title>Envoi d\u2019\u00e9chantillon(s) \u00e0 PRAGMA - Pragma - NDT<\/title>\n<meta name=\"robots\" content=\"index, follow, max-snippet:-1, max-image-preview:large, max-video-preview:-1\" \/>\n<link rel=\"canonical\" href=\"https:\/\/pragmandt.com\/fr\/envoi-dechantillons-a-pragma\/\" \/>\n<meta property=\"og:locale\" content=\"fr_FR\" \/>\n<meta property=\"og:type\" content=\"article\" \/>\n<meta property=\"og:title\" content=\"Envoi d\u2019\u00e9chantillon(s) \u00e0 PRAGMA - Pragma - NDT\" \/>\n<meta property=\"og:description\" content=\"[vc_row css_animation=&#8221;&#8221; row_type=&#8221;row&#8221; use_row_as_full_screen_section=&#8221;no&#8221; type=&#8221;grid&#8221; angled_section=&#8221;no&#8221; text_align=&#8221;left&#8221; background_image_as_pattern=&#8221;without_pattern&#8221; background_color=&#8221;#f1f3f4&#8243; padding_top=&#8221;29&#8243; padding_bottom=&#8221;6&#8243; css=&#8221;.vc_custom_1629072987568{padding-top: 30px !important;padding-bottom: 30px !important;background-color: #ffffff !important;background-position: center !important;background-repeat: no-repeat !important;background-size: cover !important;}&#8221; z_index=&#8221;&#8221;][vc_column][vc_column_text] Envoi d\u2019\u00e9chantillon(s) \u00e0 PRAGMA [\/vc_column_text][\/vc_column][\/vc_row][vc_row css_animation=&#8221;&#8221; row_type=&#8221;row&#8221; use_row_as_full_screen_section=&#8221;no&#8221; type=&#8221;grid&#8221; angled_section=&#8221;no&#8221; text_align=&#8221;left&#8221; background_image_as_pattern=&#8221;without_pattern&#8221; background_color=&#8221;#f1f3f4&#8243; padding_top=&#8221;29&#8243; padding_bottom=&#8221;29&#8243; css=&#8221;.vc_custom_1630945558037{padding-top: 80px !important;padding-bottom: 80px !important;background-image:...\" \/>\n<meta property=\"og:url\" content=\"https:\/\/pragmandt.com\/fr\/envoi-dechantillons-a-pragma\/\" \/>\n<meta property=\"og:site_name\" content=\"Pragma - NDT\" \/>\n<meta property=\"article:modified_time\" content=\"2026-01-15T14:45:23+00:00\" \/>\n<meta name=\"twitter:card\" content=\"summary_large_image\" \/>\n<meta name=\"twitter:label1\" content=\"Est. reading time\" \/>\n\t<meta name=\"twitter:data1\" content=\"3 minutes\" \/>\n<script type=\"application\/ld+json\" class=\"yoast-schema-graph\">{\"@context\":\"https:\/\/schema.org\",\"@graph\":[{\"@type\":\"WebPage\",\"@id\":\"https:\/\/pragmandt.com\/fr\/envoi-dechantillons-a-pragma\/\",\"url\":\"https:\/\/pragmandt.com\/fr\/envoi-dechantillons-a-pragma\/\",\"name\":\"Envoi d\u2019\u00e9chantillon(s) \u00e0 PRAGMA - Pragma - NDT\",\"isPartOf\":{\"@id\":\"https:\/\/pragmandt.com\/#website\"},\"datePublished\":\"2026-01-14T13:15:53+00:00\",\"dateModified\":\"2026-01-15T14:45:23+00:00\",\"breadcrumb\":{\"@id\":\"https:\/\/pragmandt.com\/fr\/envoi-dechantillons-a-pragma\/#breadcrumb\"},\"inLanguage\":\"fr-FR\",\"potentialAction\":[{\"@type\":\"ReadAction\",\"target\":[\"https:\/\/pragmandt.com\/fr\/envoi-dechantillons-a-pragma\/\"]}]},{\"@type\":\"BreadcrumbList\",\"@id\":\"https:\/\/pragmandt.com\/fr\/envoi-dechantillons-a-pragma\/#breadcrumb\",\"itemListElement\":[{\"@type\":\"ListItem\",\"position\":1,\"name\":\"Home\",\"item\":\"https:\/\/pragmandt.com\/fr\/\"},{\"@type\":\"ListItem\",\"position\":2,\"name\":\"Envoi d\u2019\u00e9chantillon(s) \u00e0 PRAGMA\"}]},{\"@type\":\"WebSite\",\"@id\":\"https:\/\/pragmandt.com\/#website\",\"url\":\"https:\/\/pragmandt.com\/\",\"name\":\"Pragma - NDT\",\"description\":\"Instrumental to your success\",\"potentialAction\":[{\"@type\":\"SearchAction\",\"target\":{\"@type\":\"EntryPoint\",\"urlTemplate\":\"https:\/\/pragmandt.com\/?s={search_term_string}\"},\"query-input\":\"required name=search_term_string\"}],\"inLanguage\":\"fr-FR\"}]}<\/script>\n<!-- \/ Yoast SEO plugin. -->","yoast_head_json":{"title":"Envoi d\u2019\u00e9chantillon(s) \u00e0 PRAGMA - Pragma - NDT","robots":{"index":"index","follow":"follow","max-snippet":"max-snippet:-1","max-image-preview":"max-image-preview:large","max-video-preview":"max-video-preview:-1"},"canonical":"https:\/\/pragmandt.com\/fr\/envoi-dechantillons-a-pragma\/","og_locale":"fr_FR","og_type":"article","og_title":"Envoi d\u2019\u00e9chantillon(s) \u00e0 PRAGMA - Pragma - NDT","og_description":"[vc_row css_animation=&#8221;&#8221; row_type=&#8221;row&#8221; use_row_as_full_screen_section=&#8221;no&#8221; type=&#8221;grid&#8221; angled_section=&#8221;no&#8221; text_align=&#8221;left&#8221; background_image_as_pattern=&#8221;without_pattern&#8221; background_color=&#8221;#f1f3f4&#8243; padding_top=&#8221;29&#8243; padding_bottom=&#8221;6&#8243; css=&#8221;.vc_custom_1629072987568{padding-top: 30px !important;padding-bottom: 30px !important;background-color: #ffffff !important;background-position: center !important;background-repeat: no-repeat !important;background-size: cover !important;}&#8221; z_index=&#8221;&#8221;][vc_column][vc_column_text] Envoi d\u2019\u00e9chantillon(s) \u00e0 PRAGMA [\/vc_column_text][\/vc_column][\/vc_row][vc_row css_animation=&#8221;&#8221; row_type=&#8221;row&#8221; use_row_as_full_screen_section=&#8221;no&#8221; type=&#8221;grid&#8221; angled_section=&#8221;no&#8221; text_align=&#8221;left&#8221; background_image_as_pattern=&#8221;without_pattern&#8221; background_color=&#8221;#f1f3f4&#8243; padding_top=&#8221;29&#8243; padding_bottom=&#8221;29&#8243; css=&#8221;.vc_custom_1630945558037{padding-top: 80px !important;padding-bottom: 80px !important;background-image:...","og_url":"https:\/\/pragmandt.com\/fr\/envoi-dechantillons-a-pragma\/","og_site_name":"Pragma - NDT","article_modified_time":"2026-01-15T14:45:23+00:00","twitter_card":"summary_large_image","twitter_misc":{"Est. reading time":"3 minutes"},"schema":{"@context":"https:\/\/schema.org","@graph":[{"@type":"WebPage","@id":"https:\/\/pragmandt.com\/fr\/envoi-dechantillons-a-pragma\/","url":"https:\/\/pragmandt.com\/fr\/envoi-dechantillons-a-pragma\/","name":"Envoi d\u2019\u00e9chantillon(s) \u00e0 PRAGMA - Pragma - NDT","isPartOf":{"@id":"https:\/\/pragmandt.com\/#website"},"datePublished":"2026-01-14T13:15:53+00:00","dateModified":"2026-01-15T14:45:23+00:00","breadcrumb":{"@id":"https:\/\/pragmandt.com\/fr\/envoi-dechantillons-a-pragma\/#breadcrumb"},"inLanguage":"fr-FR","potentialAction":[{"@type":"ReadAction","target":["https:\/\/pragmandt.com\/fr\/envoi-dechantillons-a-pragma\/"]}]},{"@type":"BreadcrumbList","@id":"https:\/\/pragmandt.com\/fr\/envoi-dechantillons-a-pragma\/#breadcrumb","itemListElement":[{"@type":"ListItem","position":1,"name":"Home","item":"https:\/\/pragmandt.com\/fr\/"},{"@type":"ListItem","position":2,"name":"Envoi d\u2019\u00e9chantillon(s) \u00e0 PRAGMA"}]},{"@type":"WebSite","@id":"https:\/\/pragmandt.com\/#website","url":"https:\/\/pragmandt.com\/","name":"Pragma - NDT","description":"Instrumental to your success","potentialAction":[{"@type":"SearchAction","target":{"@type":"EntryPoint","urlTemplate":"https:\/\/pragmandt.com\/?s={search_term_string}"},"query-input":"required name=search_term_string"}],"inLanguage":"fr-FR"}]}},"_links":{"self":[{"href":"https:\/\/pragmandt.com\/fr\/wp-json\/wp\/v2\/pages\/17587","targetHints":{"allow":["GET"]}}],"collection":[{"href":"https:\/\/pragmandt.com\/fr\/wp-json\/wp\/v2\/pages"}],"about":[{"href":"https:\/\/pragmandt.com\/fr\/wp-json\/wp\/v2\/types\/page"}],"author":[{"embeddable":true,"href":"https:\/\/pragmandt.com\/fr\/wp-json\/wp\/v2\/users\/8"}],"replies":[{"embeddable":true,"href":"https:\/\/pragmandt.com\/fr\/wp-json\/wp\/v2\/comments?post=17587"}],"version-history":[{"count":5,"href":"https:\/\/pragmandt.com\/fr\/wp-json\/wp\/v2\/pages\/17587\/revisions"}],"predecessor-version":[{"id":17608,"href":"https:\/\/pragmandt.com\/fr\/wp-json\/wp\/v2\/pages\/17587\/revisions\/17608"}],"wp:attachment":[{"href":"https:\/\/pragmandt.com\/fr\/wp-json\/wp\/v2\/media?parent=17587"}],"curies":[{"name":"wp","href":"https:\/\/api.w.org\/{rel}","templated":true}]}}