{"id":17614,"date":"2026-02-05T19:21:16","date_gmt":"2026-02-05T19:21:16","guid":{"rendered":"https:\/\/pragmandt.com\/?page_id=17614"},"modified":"2026-02-10T21:42:06","modified_gmt":"2026-02-10T21:42:06","slug":"produit-pragmavision","status":"publish","type":"page","link":"https:\/\/pragmandt.com\/fr\/produit-pragmavision\/","title":{"rendered":"Produit &#8211; PragmaVision"},"content":{"rendered":"<p>[vc_row css_animation=&#8221;&#8221; row_type=&#8221;row&#8221; use_row_as_full_screen_section=&#8221;no&#8221; type=&#8221;grid&#8221; angled_section=&#8221;no&#8221; text_align=&#8221;left&#8221; background_image_as_pattern=&#8221;without_pattern&#8221; background_color=&#8221;#f1f3f4&#8243; padding_top=&#8221;29&#8243; padding_bottom=&#8221;6&#8243; css=&#8221;.vc_custom_1629072987568{padding-top: 30px !important;padding-bottom: 30px !important;background-color: #ffffff !important;background-position: center !important;background-repeat: no-repeat !important;background-size: cover !important;}&#8221; z_index=&#8221;&#8221;][vc_column][vc_column_text]<\/p>\n<p style=\"text-align: left;\"><span style=\"font-size: 16pt; font-family: d-dincondensed;\"><span style=\"color: #000000;\"><a style=\"color: #000000;\" href=\"#\">Products<\/a><\/span> &gt; <span style=\"color: #000000;\"><a style=\"color: #000000;\" href=\"#\">Position Encoding<\/a><\/span> &gt; <a href=\"#\"><span style=\"color: #d74532;\">PragmaVision<\/span><\/a><\/span><\/p>\n<p>[\/vc_column_text][\/vc_column][\/vc_row][vc_row css_animation=&#8221;&#8221; row_type=&#8221;row&#8221; use_row_as_full_screen_section=&#8221;no&#8221; type=&#8221;grid&#8221; angled_section=&#8221;no&#8221; text_align=&#8221;left&#8221; background_image_as_pattern=&#8221;without_pattern&#8221; background_color=&#8221;#f1f3f4&#8243; padding_top=&#8221;29&#8243; padding_bottom=&#8221;29&#8243; css=&#8221;.vc_custom_1770759715154{padding-top: 50px !important;padding-bottom: 50px !important;background-image: url(https:\/\/pragmandt.com\/wp-content\/uploads\/2022\/01\/banner-p32.bw_.png?id=16810) !important;background-position: center !important;background-repeat: no-repeat !important;background-size: cover !important;}&#8221; z_index=&#8221;&#8221;][vc_column width=&#8221;1\/2&#8243;][vc_single_image image=&#8221;17616&#8243; img_size=&#8221;600&#215;600&#8243; qode_css_animation=&#8221;&#8221;][\/vc_column][vc_column width=&#8221;1\/2&#8243; css=&#8221;.vc_custom_1629073089746{padding-top: 40px !important;}&#8221;][vc_single_image image=&#8221;15543&#8243; img_size=&#8221;full&#8221; qode_css_animation=&#8221;&#8221; css=&#8221;.vc_custom_1629992358596{padding-bottom: 5px !important;padding-left: 2px !important;}&#8221;][vc_column_text]<\/p>\n<h1><span style=\"color: #ffffff; font-family: d-dincondensed-bold;\"><span style=\"font-size: 65px;\">PragmaVision<\/span><\/span><\/h1>\n<p>[\/vc_column_text][vc_separator type=&#8221;transparent&#8221; thickness=&#8221;3&#8243; up=&#8221;15&#8243; down=&#8221;25&#8243;][vc_column_text]<\/p>\n<h6><span style=\"color: #ffffff; font-size: 24pt; font-family: d-dincondensed;\">Encodeur de position 3D\/6DOF par vision<\/span><\/h6>\n<p>[\/vc_column_text][vc_separator type=&#8221;transparent&#8221; thickness=&#8221;3&#8243; up=&#8221;15&#8243; down=&#8221;15&#8243;][vc_column_text]<\/p>\n<h6><span style=\"color: #ffffff; font-size: 18pt; font-family: d-dincondensed;\">Pour l&#8217;inspection, le d\u00e9veloppement de proc\u00e9dures, la formation et la R&amp;D<\/span><\/h6>\n<p>[\/vc_column_text][\/vc_column][\/vc_row][vc_row css_animation=&#8221;&#8221; row_type=&#8221;row&#8221; use_row_as_full_screen_section=&#8221;no&#8221; type=&#8221;grid&#8221; angled_section=&#8221;no&#8221; text_align=&#8221;left&#8221; background_image_as_pattern=&#8221;without_pattern&#8221; background_color=&#8221;#f7f8f9&#8243; padding_top=&#8221;95&#8243; padding_bottom=&#8221;71&#8243;][vc_column width=&#8221;1\/2&#8243; css=&#8221;.vc_custom_1770304794498{padding-top: 50px !important;padding-right: 25px !important;padding-bottom: 25px !important;padding-left: 25px !important;}&#8221;][vc_column_text el_class=&#8221;border-red-product-desktop&#8221; css=&#8221;.vc_custom_1770318654864{padding-right: 30px !important;padding-left: 20px !important;}&#8221;]<span style=\"font-family: d-dincondensed; font-size: 16pt;\">Le <strong>PragmaVision<\/strong> introduit la simplicit\u00e9 de la 3D dans le domaine des inspections CND. En rempla\u00e7ant les vieux encodeurs m\u00e9caniques par une technologie de suivi par vision ultra-pr\u00e9cise, il \u00e9limine les erreurs de mesure li\u00e9es au glissement ou \u00e0 l&#8217;usure. Vous obtenez ainsi des images haute r\u00e9solution d\u2019une pr\u00e9cision absolue, m\u00eame sur les surfaces les plus complexes. Cette innovation permet non seulement de booster l&#8217;efficacit\u00e9 des inspections, mais aussi de renforcer consid\u00e9rablement la tra\u00e7abilit\u00e9 des mesures effectu\u00e9es.<\/span><\/p>\n<p>&nbsp;<\/p>\n<p><span style=\"font-family: d-dincondensed; font-size: 16pt;\">Compact, robuste et adaptable, le PragmaVision s&#8217;adapte facilement aux tuyauteries, aux soudures, aux panneaux composites ainsi qu&#8217;aux g\u00e9om\u00e9tries irr\u00e9guli\u00e8res. Sa conception non intrusive facilite son d\u00e9ploiement sur le terrain, tandis que sa connectivit\u00e9 num\u00e9rique simplifie la production de rapports, offrant des inspections plus rapides et plus fiables tout en r\u00e9duisant les co\u00fbts op\u00e9rationnels.<\/span>[\/vc_column_text][vc_separator type=&#8221;transparent&#8221; thickness=&#8221;3&#8243; up=&#8221;25&#8243; down=&#8221;15&#8243;][\/vc_column][vc_column width=&#8221;1\/2&#8243; css=&#8221;.vc_custom_1629074156960{padding-top: 25px !important;padding-bottom: 25px !important;}&#8221;]<div class='q_list circle'><\/p>\n<ul style=\"font-family: d-dincondensed;\">\n<li><span style=\"font-size: 16pt;\"><strong>Technologie par cam\u00e9ra<\/strong><\/span>\n<p class=\"p1\">La cam\u00e9ra suit une cible cubique install\u00e9e sur n&#8217;importe quelle sonde. Un encodage pr\u00e9cis, le tout sans aucun c\u00e2ble !<\/p>\n<\/li>\n<li><span style=\"font-size: 16pt;\"><strong>Position absolue<\/strong><\/span>\n<p class=\"p1\">Le syst\u00e8me d\u00e9tecte la position 3D\/6DOF r\u00e9elle sur la pi\u00e8ce, m\u00eame si vous soulevez la sonde ou si vous perdez bri\u00e8vement le contact visuel.<\/p>\n<\/li>\n<li><span style=\"font-size: 16pt;\"><strong>Format compact<\/strong><\/span>\n<p class=\"p1\">Facile \u00e0 transporter, il s&#8217;installe en un clin d&#8217;\u0153il sur une grande vari\u00e9t\u00e9 de tr\u00e9pieds et de bras articul\u00e9s.<\/p>\n<\/li>\n<li><span style=\"font-size: 16pt;\"><strong>Calibrage facile<\/strong><\/span>\n<p class=\"p1\">Un assistant simple vous guide pour calibrer l&#8217;espace en seulement 3 points directement sur votre pi\u00e8ce.<\/p>\n<\/li>\n<\/ul>\n<p><\/div>[\/vc_column][\/vc_row][vc_row css_animation=&#8221;&#8221; row_type=&#8221;row&#8221; use_row_as_full_screen_section=&#8221;no&#8221; type=&#8221;grid&#8221; angled_section=&#8221;no&#8221; text_align=&#8221;left&#8221; background_image_as_pattern=&#8221;without_pattern&#8221; background_color=&#8221;#f7f8f9&#8243; padding_top=&#8221;95&#8243; padding_bottom=&#8221;71&#8243; css=&#8221;.vc_custom_1642685869415{padding-top: 80px !important;padding-bottom: 0px !important;background-color: #ffffff !important;}&#8221; z_index=&#8221;&#8221;][vc_column css=&#8221;.vc_custom_1641579082965{padding-top: 5px !important;padding-right: 25px !important;padding-bottom: 5px !important;padding-left: 25px !important;}&#8221;][vc_column_text]<\/p>\n<h2 style=\"text-align: center;\"><img loading=\"lazy\" decoding=\"async\" class=\"alignnone size-full wp-image-15543\" src=\"http:\/\/pragmandt.com\/wp-content\/uploads\/2021\/08\/separateur-triangle-big.png\" alt=\"\" width=\"23\" height=\"23\" \/> Faits saillants<\/h2>\n<p>[\/vc_column_text][\/vc_column][\/vc_row][vc_row css_animation=&#8221;&#8221; row_type=&#8221;row&#8221; use_row_as_full_screen_section=&#8221;no&#8221; type=&#8221;grid&#8221; angled_section=&#8221;no&#8221; text_align=&#8221;left&#8221; background_image_as_pattern=&#8221;without_pattern&#8221; background_color=&#8221;#f7f8f9&#8243; padding_top=&#8221;95&#8243; padding_bottom=&#8221;71&#8243; css=&#8221;.vc_custom_1630008349914{background-color: #ffffff !important;}&#8221; z_index=&#8221;&#8221;][vc_column width=&#8221;1\/2&#8243;][qode_content_slider auto_rotate=&#8221;5&#8243; direction_nav=&#8221;yes&#8221; control_nav=&#8221;yes&#8221; control_nav_justify=&#8221;no&#8221; pause_on_hover=&#8221;yes&#8221;][qode_content_slider_item][vc_single_image image=&#8221;17616&#8243; img_size=&#8221;409&#215;282&#8243; alignment=&#8221;center&#8221; qode_css_animation=&#8221;&#8221; css=&#8221;.vc_custom_1770304444972{padding-top: 10px !important;padding-right: 10px !important;padding-bottom: 10px !important;padding-left: 10px !important;}&#8221;][\/qode_content_slider_item][qode_content_slider_item][vc_single_image image=&#8221;17620&#8243; img_size=&#8221;409&#215;282&#8243; alignment=&#8221;center&#8221; qode_css_animation=&#8221;&#8221; css=&#8221;.vc_custom_1770304763531{padding-top: 10px !important;padding-right: 10px !important;padding-bottom: 10px !important;padding-left: 10px !important;}&#8221;][\/qode_content_slider_item][qode_content_slider_item][vc_single_image image=&#8221;17622&#8243; img_size=&#8221;405&#215;306&#8243; alignment=&#8221;center&#8221; qode_css_animation=&#8221;&#8221; css=&#8221;.vc_custom_1770300002441{padding-top: 10px !important;padding-right: 10px !important;padding-bottom: 10px !important;padding-left: 10px !important;}&#8221;][\/qode_content_slider_item][\/qode_content_slider][\/vc_column][vc_column width=&#8221;1\/2&#8243; css=&#8221;.vc_custom_1641578262777{padding-top: 15% !important;padding-right: 25px !important;padding-bottom: 25px !important;padding-left: 25px !important;}&#8221;][vc_column_text css=&#8221;.vc_custom_1770318238808{border-left-width: 2px !important;padding-left: 20px !important;border-left-color: #dd3333 !important;border-left-style: solid !important;}&#8221;]<span style=\"font-family: d-dincondensed; font-size: 16pt;\">Le PragmaVision s\u2019int\u00e8gre facilement \u00e0 l\u2019instrument PragmaFlex, ce qui permet de r\u00e9duire le nombre de c\u00e2bles et de gagner du temps lors de l\u2019installation.<\/span><\/p>\n<p>&nbsp;<\/p>\n<p><span style=\"font-family: d-dincondensed; font-size: 16pt;\">Le PragmaVision se d\u00e9ploie en un clin d\u2019\u0153il et offre un encodage de position 3D\/6DOF unique, m\u00eame sur les surfaces les plus complexes<\/span>.[\/vc_column_text][vc_separator type=&#8221;transparent&#8221; thickness=&#8221;3&#8243; up=&#8221;15&#8243; down=&#8221;15&#8243;][\/vc_column][\/vc_row][vc_row css_animation=&#8221;&#8221; row_type=&#8221;row&#8221; use_row_as_full_screen_section=&#8221;no&#8221; type=&#8221;grid&#8221; angled_section=&#8221;no&#8221; text_align=&#8221;left&#8221; background_image_as_pattern=&#8221;without_pattern&#8221; css=&#8221;.vc_custom_1629074907549{padding-top: 60px !important;padding-bottom: 60px !important;background-color: #0a0a0a !important;}&#8221; z_index=&#8221;&#8221;][vc_column width=&#8221;3\/4&#8243; css=&#8221;.vc_custom_1629074789712{padding-right: 30px !important;}&#8221;][vc_column_text]<\/p>\n<div class=\"wpb_text_column wpb_content_element \">\n<div class=\"wpb_wrapper\">\n<h2><span style=\"color: #ffffff; font-family: d-dincondensed;\">Sp\u00e9cifications techniques<\/span><\/h2>\n<\/div>\n<\/div>\n<p>[\/vc_column_text][vc_separator type=&#8221;transparent&#8221; up=&#8221;15&#8243; down=&#8221;0&#8243;][vc_column_text]<\/p>\n<div class=\"wpb_text_column wpb_content_element \">\n<div class=\"wpb_wrapper\">\n<p><span style=\"color: #ffffff; font-size: 15pt; font-family: d-dincondensed;\">Pour plus d&#8217;informations, veuillez t\u00e9l\u00e9charger notre brochure (disponible en anglais).<\/span><\/p>\n<\/div>\n<\/div>\n<p>[\/vc_column_text][\/vc_column][vc_column width=&#8221;1\/4&#8243;]<a  itemprop=\"url\" href=\"https:\/\/pragmandt.com\/wp-content\/uploads\/2026\/02\/PRG-PragmaVision-Flyer-x-January2026.pdf\" target=\"_self\"  class=\"qbutton  center default\" style=\"margin: 17px 0 0 0; \">T\u00c9L\u00c9CHARGEZ LA BROCHURE<\/a>[\/vc_column][\/vc_row]<\/p>\n","protected":false},"excerpt":{"rendered":"<p>[vc_row css_animation=&#8221;&#8221; row_type=&#8221;row&#8221; use_row_as_full_screen_section=&#8221;no&#8221; type=&#8221;grid&#8221; angled_section=&#8221;no&#8221; text_align=&#8221;left&#8221; background_image_as_pattern=&#8221;without_pattern&#8221; background_color=&#8221;#f1f3f4&#8243; padding_top=&#8221;29&#8243; padding_bottom=&#8221;6&#8243; css=&#8221;.vc_custom_1629072987568{padding-top: 30px !important;padding-bottom: 30px !important;background-color: #ffffff !important;background-position: center !important;background-repeat: no-repeat !important;background-size: cover !important;}&#8221; z_index=&#8221;&#8221;][vc_column][vc_column_text] Products &gt; Position Encoding &gt; PragmaVision [\/vc_column_text][\/vc_column][\/vc_row][vc_row css_animation=&#8221;&#8221; row_type=&#8221;row&#8221; use_row_as_full_screen_section=&#8221;no&#8221; type=&#8221;grid&#8221; angled_section=&#8221;no&#8221; text_align=&#8221;left&#8221; background_image_as_pattern=&#8221;without_pattern&#8221; background_color=&#8221;#f1f3f4&#8243; padding_top=&#8221;29&#8243; padding_bottom=&#8221;29&#8243; css=&#8221;.vc_custom_1770759715154{padding-top: 50px !important;padding-bottom:&#8230;<\/p>\n","protected":false},"author":8,"featured_media":0,"parent":0,"menu_order":0,"comment_status":"open","ping_status":"closed","template":"full_width.php","meta":{"inline_featured_image":false,"footnotes":""},"class_list":["post-17614","page","type-page","status-publish","hentry"],"yoast_head":"<!-- This site is optimized with the Yoast SEO plugin v21.9 - https:\/\/yoast.com\/wordpress\/plugins\/seo\/ -->\n<title>Produit - PragmaVision - Pragma - NDT<\/title>\n<meta name=\"robots\" content=\"index, follow, max-snippet:-1, max-image-preview:large, max-video-preview:-1\" \/>\n<link rel=\"canonical\" href=\"https:\/\/pragmandt.com\/fr\/produit-pragmavision\/\" \/>\n<meta property=\"og:locale\" content=\"fr_FR\" \/>\n<meta property=\"og:type\" content=\"article\" \/>\n<meta property=\"og:title\" content=\"Produit - PragmaVision - Pragma - NDT\" \/>\n<meta property=\"og:description\" content=\"[vc_row css_animation=&#8221;&#8221; row_type=&#8221;row&#8221; use_row_as_full_screen_section=&#8221;no&#8221; type=&#8221;grid&#8221; angled_section=&#8221;no&#8221; text_align=&#8221;left&#8221; background_image_as_pattern=&#8221;without_pattern&#8221; background_color=&#8221;#f1f3f4&#8243; padding_top=&#8221;29&#8243; padding_bottom=&#8221;6&#8243; css=&#8221;.vc_custom_1629072987568{padding-top: 30px !important;padding-bottom: 30px !important;background-color: #ffffff !important;background-position: center !important;background-repeat: no-repeat !important;background-size: cover !important;}&#8221; z_index=&#8221;&#8221;][vc_column][vc_column_text] Products &gt; Position Encoding &gt; PragmaVision [\/vc_column_text][\/vc_column][\/vc_row][vc_row css_animation=&#8221;&#8221; row_type=&#8221;row&#8221; use_row_as_full_screen_section=&#8221;no&#8221; type=&#8221;grid&#8221; angled_section=&#8221;no&#8221; text_align=&#8221;left&#8221; background_image_as_pattern=&#8221;without_pattern&#8221; background_color=&#8221;#f1f3f4&#8243; padding_top=&#8221;29&#8243; padding_bottom=&#8221;29&#8243; css=&#8221;.vc_custom_1770759715154{padding-top: 50px !important;padding-bottom:...\" \/>\n<meta property=\"og:url\" content=\"https:\/\/pragmandt.com\/fr\/produit-pragmavision\/\" \/>\n<meta property=\"og:site_name\" content=\"Pragma - NDT\" \/>\n<meta property=\"article:modified_time\" content=\"2026-02-10T21:42:06+00:00\" \/>\n<meta property=\"og:image\" content=\"http:\/\/pragmandt.com\/wp-content\/uploads\/2021\/08\/separateur-triangle-big.png\" \/>\n<meta name=\"twitter:card\" content=\"summary_large_image\" \/>\n<meta name=\"twitter:label1\" content=\"Est. reading time\" \/>\n\t<meta name=\"twitter:data1\" content=\"5 minutes\" \/>\n<script type=\"application\/ld+json\" class=\"yoast-schema-graph\">{\"@context\":\"https:\/\/schema.org\",\"@graph\":[{\"@type\":\"WebPage\",\"@id\":\"https:\/\/pragmandt.com\/fr\/produit-pragmavision\/\",\"url\":\"https:\/\/pragmandt.com\/fr\/produit-pragmavision\/\",\"name\":\"Produit - PragmaVision - Pragma - NDT\",\"isPartOf\":{\"@id\":\"https:\/\/pragmandt.com\/#website\"},\"datePublished\":\"2026-02-05T19:21:16+00:00\",\"dateModified\":\"2026-02-10T21:42:06+00:00\",\"breadcrumb\":{\"@id\":\"https:\/\/pragmandt.com\/fr\/produit-pragmavision\/#breadcrumb\"},\"inLanguage\":\"fr-FR\",\"potentialAction\":[{\"@type\":\"ReadAction\",\"target\":[\"https:\/\/pragmandt.com\/fr\/produit-pragmavision\/\"]}]},{\"@type\":\"BreadcrumbList\",\"@id\":\"https:\/\/pragmandt.com\/fr\/produit-pragmavision\/#breadcrumb\",\"itemListElement\":[{\"@type\":\"ListItem\",\"position\":1,\"name\":\"Home\",\"item\":\"https:\/\/pragmandt.com\/fr\/\"},{\"@type\":\"ListItem\",\"position\":2,\"name\":\"Produit &#8211; PragmaVision\"}]},{\"@type\":\"WebSite\",\"@id\":\"https:\/\/pragmandt.com\/#website\",\"url\":\"https:\/\/pragmandt.com\/\",\"name\":\"Pragma - NDT\",\"description\":\"Instrumental to your success\",\"potentialAction\":[{\"@type\":\"SearchAction\",\"target\":{\"@type\":\"EntryPoint\",\"urlTemplate\":\"https:\/\/pragmandt.com\/?s={search_term_string}\"},\"query-input\":\"required name=search_term_string\"}],\"inLanguage\":\"fr-FR\"}]}<\/script>\n<!-- \/ Yoast SEO plugin. -->","yoast_head_json":{"title":"Produit - PragmaVision - Pragma - NDT","robots":{"index":"index","follow":"follow","max-snippet":"max-snippet:-1","max-image-preview":"max-image-preview:large","max-video-preview":"max-video-preview:-1"},"canonical":"https:\/\/pragmandt.com\/fr\/produit-pragmavision\/","og_locale":"fr_FR","og_type":"article","og_title":"Produit - PragmaVision - Pragma - NDT","og_description":"[vc_row css_animation=&#8221;&#8221; row_type=&#8221;row&#8221; use_row_as_full_screen_section=&#8221;no&#8221; type=&#8221;grid&#8221; angled_section=&#8221;no&#8221; text_align=&#8221;left&#8221; background_image_as_pattern=&#8221;without_pattern&#8221; background_color=&#8221;#f1f3f4&#8243; padding_top=&#8221;29&#8243; padding_bottom=&#8221;6&#8243; css=&#8221;.vc_custom_1629072987568{padding-top: 30px !important;padding-bottom: 30px !important;background-color: #ffffff !important;background-position: center !important;background-repeat: no-repeat !important;background-size: cover !important;}&#8221; z_index=&#8221;&#8221;][vc_column][vc_column_text] Products &gt; Position Encoding &gt; PragmaVision [\/vc_column_text][\/vc_column][\/vc_row][vc_row css_animation=&#8221;&#8221; row_type=&#8221;row&#8221; use_row_as_full_screen_section=&#8221;no&#8221; type=&#8221;grid&#8221; angled_section=&#8221;no&#8221; text_align=&#8221;left&#8221; background_image_as_pattern=&#8221;without_pattern&#8221; background_color=&#8221;#f1f3f4&#8243; padding_top=&#8221;29&#8243; padding_bottom=&#8221;29&#8243; css=&#8221;.vc_custom_1770759715154{padding-top: 50px !important;padding-bottom:...","og_url":"https:\/\/pragmandt.com\/fr\/produit-pragmavision\/","og_site_name":"Pragma - NDT","article_modified_time":"2026-02-10T21:42:06+00:00","og_image":[{"url":"http:\/\/pragmandt.com\/wp-content\/uploads\/2021\/08\/separateur-triangle-big.png"}],"twitter_card":"summary_large_image","twitter_misc":{"Est. reading time":"5 minutes"},"schema":{"@context":"https:\/\/schema.org","@graph":[{"@type":"WebPage","@id":"https:\/\/pragmandt.com\/fr\/produit-pragmavision\/","url":"https:\/\/pragmandt.com\/fr\/produit-pragmavision\/","name":"Produit - PragmaVision - Pragma - NDT","isPartOf":{"@id":"https:\/\/pragmandt.com\/#website"},"datePublished":"2026-02-05T19:21:16+00:00","dateModified":"2026-02-10T21:42:06+00:00","breadcrumb":{"@id":"https:\/\/pragmandt.com\/fr\/produit-pragmavision\/#breadcrumb"},"inLanguage":"fr-FR","potentialAction":[{"@type":"ReadAction","target":["https:\/\/pragmandt.com\/fr\/produit-pragmavision\/"]}]},{"@type":"BreadcrumbList","@id":"https:\/\/pragmandt.com\/fr\/produit-pragmavision\/#breadcrumb","itemListElement":[{"@type":"ListItem","position":1,"name":"Home","item":"https:\/\/pragmandt.com\/fr\/"},{"@type":"ListItem","position":2,"name":"Produit &#8211; PragmaVision"}]},{"@type":"WebSite","@id":"https:\/\/pragmandt.com\/#website","url":"https:\/\/pragmandt.com\/","name":"Pragma - NDT","description":"Instrumental to your success","potentialAction":[{"@type":"SearchAction","target":{"@type":"EntryPoint","urlTemplate":"https:\/\/pragmandt.com\/?s={search_term_string}"},"query-input":"required name=search_term_string"}],"inLanguage":"fr-FR"}]}},"_links":{"self":[{"href":"https:\/\/pragmandt.com\/fr\/wp-json\/wp\/v2\/pages\/17614","targetHints":{"allow":["GET"]}}],"collection":[{"href":"https:\/\/pragmandt.com\/fr\/wp-json\/wp\/v2\/pages"}],"about":[{"href":"https:\/\/pragmandt.com\/fr\/wp-json\/wp\/v2\/types\/page"}],"author":[{"embeddable":true,"href":"https:\/\/pragmandt.com\/fr\/wp-json\/wp\/v2\/users\/8"}],"replies":[{"embeddable":true,"href":"https:\/\/pragmandt.com\/fr\/wp-json\/wp\/v2\/comments?post=17614"}],"version-history":[{"count":6,"href":"https:\/\/pragmandt.com\/fr\/wp-json\/wp\/v2\/pages\/17614\/revisions"}],"predecessor-version":[{"id":17710,"href":"https:\/\/pragmandt.com\/fr\/wp-json\/wp\/v2\/pages\/17614\/revisions\/17710"}],"wp:attachment":[{"href":"https:\/\/pragmandt.com\/fr\/wp-json\/wp\/v2\/media?parent=17614"}],"curies":[{"name":"wp","href":"https:\/\/api.w.org\/{rel}","templated":true}]}}